{"id":3838,"date":"2025-04-28T21:51:51","date_gmt":"2025-04-28T21:51:51","guid":{"rendered":"https:\/\/accentwall.eu\/product\/heritage-rose\/"},"modified":"2025-05-12T08:45:46","modified_gmt":"2025-05-12T08:45:46","slug":"heritage-rose","status":"publish","type":"product","link":"https:\/\/accentwall.eu\/ro\/produs\/heritage-rose\/","title":{"rendered":"Heritage Rose"},"content":{"rendered":"<p>Un tribut vibrant adus mo\u0219tenirii rom\u00e2ne\u0219ti, acest tapet mural premium reinterpreteaz\u0103 covorul tradi\u021bional negru, \u00eempodobit cu trandafiri ro\u0219ii \u0219i roz \u00eenflori\u021bi. Motivele florale bogate se desf\u0103\u0219oar\u0103 pe un fundal profund, aduc\u00e2nd c\u0103ldura ancestral\u0103 \u00een spa\u021bii contemporane.<\/p>\n<p>Tapetul mural Heritage Rose \u00eembin\u0103 tradi\u021bia artizanal\u0103 cu designul modern, fiind alegerea perfect\u0103 pentru interioare care celebreaz\u0103 cultura, culoarea \u0219i personalitatea. Ideal pentru pere\u021bi de accent \u00een livinguri, studiouri creative sau spa\u021bii de ospitalitate cu suflet.<\/p>\n<p>Tapet de calitate premium de 350 g | Ne\u021besut | Suprafa\u021b\u0103 texturat\u0103 | Adezivul de aplic\u0103 doar pe suprafa\u021ba peretelui | Suprafa\u021b\u0103 rezistent\u0103 la ap\u0103 | Durabil \u0219i rezistent la zg\u00e2rieturi<\/p>\n","protected":false},"excerpt":{"rendered":"<p>Un tribut vibrant adus mo\u0219tenirii rom\u00e2ne\u0219ti, acest tapet mural premium reinterpreteaz\u0103 covorul tradi\u021bional negru, \u00eempodobit cu trandafiri ro\u0219ii \u0219i roz \u00eenflori\u021bi. Motivele florale bogate se desf\u0103\u0219oar\u0103 pe un fundal profund, aduc\u00e2nd c\u0103ldura ancestral\u0103 \u00een spa\u021bii contemporane.<\/p>\n<p>Tapetul mural Heritage Rose \u00eembin\u0103 tradi\u021bia artizanal\u0103 cu designul modern, fiind alegerea perfect\u0103 pentru interioare care celebreaz\u0103 cultura, culoarea \u0219i personalitatea. Ideal pentru pere\u021bi de accent \u00een livinguri, studiouri creative sau spa\u021bii de ospitalitate cu suflet.<\/p>\n<p>Tapet de calitate premium de 350 g | Ne\u021besut | Suprafa\u021b\u0103 texturat\u0103 | Adezivul de aplic\u0103 doar pe suprafa\u021ba peretelui | Suprafa\u021b\u0103 rezistent\u0103 la ap\u0103 | Durabil \u0219i rezistent la zg\u00e2rieturi<\/p>\n","protected":false},"author":1,"featured_media":3700,"comment_status":"open","ping_status":"closed","template":"","meta":{"_acf_changed":false},"product_brand":[],"product_cat":[172],"product_tag":[],"class_list":{"0":"post-3838","1":"product","2":"type-product","3":"status-publish","4":"has-post-thumbnail","6":"product_cat-wallpaper-murals-ro","7":"product_shipping_class-large-goods-ro","9":"first","10":"instock","11":"shipping-taxable","12":"purchasable","13":"product-type-variable"},"acf":[],"_links":{"self":[{"href":"https:\/\/accentwall.eu\/ro\/wp-json\/wp\/v2\/product\/3838","targetHints":{"allow":["GET"]}}],"collection":[{"href":"https:\/\/accentwall.eu\/ro\/wp-json\/wp\/v2\/product"}],"about":[{"href":"https:\/\/accentwall.eu\/ro\/wp-json\/wp\/v2\/types\/product"}],"author":[{"embeddable":true,"href":"https:\/\/accentwall.eu\/ro\/wp-json\/wp\/v2\/users\/1"}],"replies":[{"embeddable":true,"href":"https:\/\/accentwall.eu\/ro\/wp-json\/wp\/v2\/comments?post=3838"}],"wp:featuredmedia":[{"embeddable":true,"href":"https:\/\/accentwall.eu\/ro\/wp-json\/wp\/v2\/media\/3700"}],"wp:attachment":[{"href":"https:\/\/accentwall.eu\/ro\/wp-json\/wp\/v2\/media?parent=3838"}],"wp:term":[{"taxonomy":"product_brand","embeddable":true,"href":"https:\/\/accentwall.eu\/ro\/wp-json\/wp\/v2\/product_brand?post=3838"},{"taxonomy":"product_cat","embeddable":true,"href":"https:\/\/accentwall.eu\/ro\/wp-json\/wp\/v2\/product_cat?post=3838"},{"taxonomy":"product_tag","embeddable":true,"href":"https:\/\/accentwall.eu\/ro\/wp-json\/wp\/v2\/product_tag?post=3838"}],"curies":[{"name":"wp","href":"https:\/\/api.w.org\/{rel}","templated":true}]}}