{"id":3842,"date":"2025-03-20T15:11:16","date_gmt":"2025-03-20T15:11:16","guid":{"rendered":"https:\/\/accentwall.eu\/product\/victorian-garden\/"},"modified":"2025-05-12T06:03:48","modified_gmt":"2025-05-12T06:03:48","slug":"victorian-garden","status":"publish","type":"product","link":"https:\/\/accentwall.eu\/ro\/produs\/victorian-garden\/","title":{"rendered":"Victorian Garden"},"content":{"rendered":"<p>Delicat \u0219i fermec\u0103tor, acest tapet mural cu modele florale minunat detaliate va crea un perete de accent uimitor \u00een locuin\u021ba ta. Las\u0103-te purtat de visare \u00eentr-o gr\u0103din\u0103 victorian\u0103 care r\u0103sare pe nea\u0219teptate. P\u0103s\u0103ri ciripind, insecte b\u00e2z\u00e2ind \u0219i muzic\u0103 clasic\u0103 plutind de la un balcon la altul \u2014 nu-i a\u0219a c\u0103 e sublim?<\/p>\n<p>Tapet de calitate premium de 350 g | Ne\u021besut | Suprafa\u021b\u0103 texturat\u0103 | Adezivul de aplic\u0103 doar pe suprafa\u021ba peretelui | Suprafa\u021b\u0103 rezistent\u0103 la ap\u0103 | Durabil \u0219i rezistent la zg\u00e2rieturi<\/p>\n","protected":false},"excerpt":{"rendered":"<p>Delicat \u0219i fermec\u0103tor, acest tapet mural cu modele florale minunat detaliate va crea un perete de accent uimitor \u00een locuin\u021ba ta. Las\u0103-te purtat de visare \u00eentr-o gr\u0103din\u0103 victorian\u0103 care r\u0103sare pe nea\u0219teptate. P\u0103s\u0103ri ciripind, insecte b\u00e2z\u00e2ind \u0219i muzic\u0103 clasic\u0103 plutind de la un balcon la altul \u2014 nu-i a\u0219a c\u0103 e sublim?<\/p>\n<p>Tapet de calitate premium de 350 g | Ne\u021besut | Suprafa\u021b\u0103 texturat\u0103 | Adezivul de aplic\u0103 doar pe suprafa\u021ba peretelui | Suprafa\u021b\u0103 rezistent\u0103 la ap\u0103 | Durabil \u0219i rezistent la zg\u00e2rieturi<\/p>\n","protected":false},"author":1,"featured_media":2302,"comment_status":"open","ping_status":"closed","template":"","meta":{"_acf_changed":false},"product_brand":[],"product_cat":[172],"product_tag":[],"class_list":{"0":"post-3842","1":"product","2":"type-product","3":"status-publish","4":"has-post-thumbnail","6":"product_cat-wallpaper-murals-ro","7":"product_shipping_class-large-goods-ro","9":"first","10":"instock","11":"shipping-taxable","12":"purchasable","13":"product-type-variable"},"acf":[],"_links":{"self":[{"href":"https:\/\/accentwall.eu\/ro\/wp-json\/wp\/v2\/product\/3842","targetHints":{"allow":["GET"]}}],"collection":[{"href":"https:\/\/accentwall.eu\/ro\/wp-json\/wp\/v2\/product"}],"about":[{"href":"https:\/\/accentwall.eu\/ro\/wp-json\/wp\/v2\/types\/product"}],"author":[{"embeddable":true,"href":"https:\/\/accentwall.eu\/ro\/wp-json\/wp\/v2\/users\/1"}],"replies":[{"embeddable":true,"href":"https:\/\/accentwall.eu\/ro\/wp-json\/wp\/v2\/comments?post=3842"}],"wp:featuredmedia":[{"embeddable":true,"href":"https:\/\/accentwall.eu\/ro\/wp-json\/wp\/v2\/media\/2302"}],"wp:attachment":[{"href":"https:\/\/accentwall.eu\/ro\/wp-json\/wp\/v2\/media?parent=3842"}],"wp:term":[{"taxonomy":"product_brand","embeddable":true,"href":"https:\/\/accentwall.eu\/ro\/wp-json\/wp\/v2\/product_brand?post=3842"},{"taxonomy":"product_cat","embeddable":true,"href":"https:\/\/accentwall.eu\/ro\/wp-json\/wp\/v2\/product_cat?post=3842"},{"taxonomy":"product_tag","embeddable":true,"href":"https:\/\/accentwall.eu\/ro\/wp-json\/wp\/v2\/product_tag?post=3842"}],"curies":[{"name":"wp","href":"https:\/\/api.w.org\/{rel}","templated":true}]}}