{"id":3847,"date":"2025-03-20T15:11:16","date_gmt":"2025-03-20T15:11:16","guid":{"rendered":"https:\/\/accentwall.eu\/product\/alegria\/"},"modified":"2025-05-12T06:06:07","modified_gmt":"2025-05-12T06:06:07","slug":"alegria","status":"publish","type":"product","link":"https:\/\/accentwall.eu\/ro\/produs\/alegria\/","title":{"rendered":"Alegria"},"content":{"rendered":"<p>Acest tapet cu un design colorat cu carusele fermec\u0103toare \u0219i baloane cu aer cald care plutesc este o potrivire perfect\u0103 pentru camera copilului sau pentru cre\u0219a bebelu\u0219ului. Potrive\u0219te-l cu orice fel de mobilier \u0219i stil de decor \u0219i va aduce cu siguran\u021b\u0103 un z\u00e2mbet pe fe\u021bele celor mici.<\/p>\n<p>Tapet de calitate premium de 350 g | Ne\u021besut | Suprafa\u021b\u0103 texturat\u0103 | Adezivul de aplic\u0103 doar pe suprafa\u021ba peretelui | Suprafa\u021b\u0103 rezistent\u0103 la ap\u0103 | Durabil \u0219i rezistent la zg\u00e2rieturi<\/p>\n","protected":false},"excerpt":{"rendered":"<p>Acest tapet cu un design colorat cu carusele fermec\u0103toare \u0219i baloane cu aer cald care plutesc este o potrivire perfect\u0103 pentru camera copilului sau pentru cre\u0219a bebelu\u0219ului. Potrive\u0219te-l cu orice fel de mobilier \u0219i stil de decor \u0219i va aduce cu siguran\u021b\u0103 un z\u00e2mbet pe fe\u021bele celor mici.<\/p>\n<p>Tapet de calitate premium de 350 g | Ne\u021besut | Suprafa\u021b\u0103 texturat\u0103 | Adezivul de aplic\u0103 doar pe suprafa\u021ba peretelui | Suprafa\u021b\u0103 rezistent\u0103 la ap\u0103 | Durabil \u0219i rezistent la zg\u00e2rieturi<\/p>\n","protected":false},"author":1,"featured_media":2307,"comment_status":"open","ping_status":"closed","template":"","meta":{"_acf_changed":false},"product_brand":[],"product_cat":[172],"product_tag":[],"class_list":{"0":"post-3847","1":"product","2":"type-product","3":"status-publish","4":"has-post-thumbnail","6":"product_cat-wallpaper-murals-ro","7":"product_shipping_class-large-goods-ro","9":"first","10":"instock","11":"shipping-taxable","12":"purchasable","13":"product-type-variable"},"acf":[],"_links":{"self":[{"href":"https:\/\/accentwall.eu\/ro\/wp-json\/wp\/v2\/product\/3847","targetHints":{"allow":["GET"]}}],"collection":[{"href":"https:\/\/accentwall.eu\/ro\/wp-json\/wp\/v2\/product"}],"about":[{"href":"https:\/\/accentwall.eu\/ro\/wp-json\/wp\/v2\/types\/product"}],"author":[{"embeddable":true,"href":"https:\/\/accentwall.eu\/ro\/wp-json\/wp\/v2\/users\/1"}],"replies":[{"embeddable":true,"href":"https:\/\/accentwall.eu\/ro\/wp-json\/wp\/v2\/comments?post=3847"}],"wp:featuredmedia":[{"embeddable":true,"href":"https:\/\/accentwall.eu\/ro\/wp-json\/wp\/v2\/media\/2307"}],"wp:attachment":[{"href":"https:\/\/accentwall.eu\/ro\/wp-json\/wp\/v2\/media?parent=3847"}],"wp:term":[{"taxonomy":"product_brand","embeddable":true,"href":"https:\/\/accentwall.eu\/ro\/wp-json\/wp\/v2\/product_brand?post=3847"},{"taxonomy":"product_cat","embeddable":true,"href":"https:\/\/accentwall.eu\/ro\/wp-json\/wp\/v2\/product_cat?post=3847"},{"taxonomy":"product_tag","embeddable":true,"href":"https:\/\/accentwall.eu\/ro\/wp-json\/wp\/v2\/product_tag?post=3847"}],"curies":[{"name":"wp","href":"https:\/\/api.w.org\/{rel}","templated":true}]}}