{"id":3849,"date":"2025-03-20T15:11:16","date_gmt":"2025-03-20T15:11:16","guid":{"rendered":"https:\/\/accentwall.eu\/product\/hidden-forest\/"},"modified":"2025-05-12T06:08:17","modified_gmt":"2025-05-12T06:08:17","slug":"hidden-forest","status":"publish","type":"product","link":"https:\/\/accentwall.eu\/ro\/produs\/hidden-forest\/","title":{"rendered":"Hidden Forest"},"content":{"rendered":"<p>Tapetul nostru mural Hidden Forest are o palet\u0103 simpl\u0103 de culori, dar ceea ce \u00eel face frumos este detaliul incredibil al copacilor \u00een\u0219i\u0219i. Am transformat liniile \u00een art\u0103 \u0219i l-am f\u0103cut s\u0103 v\u0103 vorbeasc\u0103 despre elegan\u021b\u0103, stil \u0219i calm. Ad\u0103uga\u021bi acest tapet \u00een camera de zi sau zona de recep\u021bie a afacerii dumneavoastr\u0103 dac\u0103 dori\u021bi ca oaspe\u021bii dumneavoastr\u0103 s\u0103 observe designul, nu peretele \u00een sine.<\/p>\n<p>Tapet de calitate premium de 350 g | Ne\u021besut | Suprafa\u021b\u0103 texturat\u0103 | Adezivul de aplic\u0103 doar pe suprafa\u021ba peretelui | Suprafa\u021b\u0103 rezistent\u0103 la ap\u0103 | Durabil \u0219i rezistent la zg\u00e2rieturi<\/p>\n","protected":false},"excerpt":{"rendered":"<p>Our Hidden Forest wallpaper mural is quite simple in colour but what makes it unbelievably beautiful is the incredible detail within the trees themselves. We\u2019ve turned lines into art and made them speak to you of elegance, style, and serenity. Add this wallpaper to your living room or reception area of your business if you want your guests to notice the design, not the wall itself.<\/p>\n<p>Tapet de calitate premium de 350 g | Ne\u021besut | Suprafa\u021b\u0103 texturat\u0103 | Adezivul de aplic\u0103 doar pe suprafa\u021ba peretelui | Suprafa\u021b\u0103 rezistent\u0103 la ap\u0103 | Durabil \u0219i rezistent la zg\u00e2rieturi<\/p>\n","protected":false},"author":1,"featured_media":2309,"comment_status":"open","ping_status":"closed","template":"","meta":{"_acf_changed":false},"product_brand":[],"product_cat":[172],"product_tag":[],"class_list":{"0":"post-3849","1":"product","2":"type-product","3":"status-publish","4":"has-post-thumbnail","6":"product_cat-wallpaper-murals-ro","7":"product_shipping_class-large-goods-ro","9":"first","10":"instock","11":"shipping-taxable","12":"purchasable","13":"product-type-variable"},"acf":[],"_links":{"self":[{"href":"https:\/\/accentwall.eu\/ro\/wp-json\/wp\/v2\/product\/3849","targetHints":{"allow":["GET"]}}],"collection":[{"href":"https:\/\/accentwall.eu\/ro\/wp-json\/wp\/v2\/product"}],"about":[{"href":"https:\/\/accentwall.eu\/ro\/wp-json\/wp\/v2\/types\/product"}],"author":[{"embeddable":true,"href":"https:\/\/accentwall.eu\/ro\/wp-json\/wp\/v2\/users\/1"}],"replies":[{"embeddable":true,"href":"https:\/\/accentwall.eu\/ro\/wp-json\/wp\/v2\/comments?post=3849"}],"wp:featuredmedia":[{"embeddable":true,"href":"https:\/\/accentwall.eu\/ro\/wp-json\/wp\/v2\/media\/2309"}],"wp:attachment":[{"href":"https:\/\/accentwall.eu\/ro\/wp-json\/wp\/v2\/media?parent=3849"}],"wp:term":[{"taxonomy":"product_brand","embeddable":true,"href":"https:\/\/accentwall.eu\/ro\/wp-json\/wp\/v2\/product_brand?post=3849"},{"taxonomy":"product_cat","embeddable":true,"href":"https:\/\/accentwall.eu\/ro\/wp-json\/wp\/v2\/product_cat?post=3849"},{"taxonomy":"product_tag","embeddable":true,"href":"https:\/\/accentwall.eu\/ro\/wp-json\/wp\/v2\/product_tag?post=3849"}],"curies":[{"name":"wp","href":"https:\/\/api.w.org\/{rel}","templated":true}]}}