{"id":3875,"date":"2025-03-20T15:11:17","date_gmt":"2025-03-20T15:11:17","guid":{"rendered":"https:\/\/accentwall.eu\/product\/petalis\/"},"modified":"2025-05-12T06:34:47","modified_gmt":"2025-05-12T06:34:47","slug":"petalis","status":"publish","type":"product","link":"https:\/\/accentwall.eu\/ro\/produs\/petalis\/","title":{"rendered":"Petalis"},"content":{"rendered":"<p>Ad\u0103uga\u021bi o not\u0103 de gra\u021bie interiorului dumneavoastr\u0103 cu acest tapet 3D \u00een form\u0103 de petal\u0103 care va \u00eembun\u0103t\u0103\u021bi valoarea estetic\u0103 a oric\u0103rui decor pe care l-a\u021bi putea avea \u00een minte. Tr\u0103ie\u0219te griul moale cu culori vii \u0219i te vei trezi absorbit de o ambian\u021b\u0103 fascinant\u0103.<\/p>\n<p>Tapet de calitate premium de 350 g | Ne\u021besut | Suprafa\u021b\u0103 texturat\u0103 | Adezivul de aplic\u0103 doar pe suprafa\u021ba peretelui | Suprafa\u021b\u0103 rezistent\u0103 la ap\u0103 | Durabil \u0219i rezistent la zg\u00e2rieturi<\/p>\n","protected":false},"excerpt":{"rendered":"<p>Ad\u0103uga\u021bi o not\u0103 de gra\u021bie interiorului dumneavoastr\u0103 cu acest tapet 3D \u00een form\u0103 de petal\u0103 care va \u00eembun\u0103t\u0103\u021bi valoarea estetic\u0103 a oric\u0103rui decor pe care l-a\u021bi putea avea \u00een minte. Tr\u0103ie\u0219te griul moale cu culori vii \u0219i te vei trezi absorbit de o ambian\u021b\u0103 fascinant\u0103.<\/p>\n<p>Tapet de calitate premium de 350 g | Ne\u021besut | Suprafa\u021b\u0103 texturat\u0103 | Adezivul de aplic\u0103 doar pe suprafa\u021ba peretelui | Suprafa\u021b\u0103 rezistent\u0103 la ap\u0103 | Durabil \u0219i rezistent la zg\u00e2rieturi<\/p>\n","protected":false},"author":1,"featured_media":2335,"comment_status":"open","ping_status":"closed","template":"","meta":{"_acf_changed":false},"product_brand":[],"product_cat":[172],"product_tag":[],"class_list":{"0":"post-3875","1":"product","2":"type-product","3":"status-publish","4":"has-post-thumbnail","6":"product_cat-wallpaper-murals-ro","7":"product_shipping_class-large-goods-ro","9":"first","10":"instock","11":"shipping-taxable","12":"purchasable","13":"product-type-variable"},"acf":[],"_links":{"self":[{"href":"https:\/\/accentwall.eu\/ro\/wp-json\/wp\/v2\/product\/3875","targetHints":{"allow":["GET"]}}],"collection":[{"href":"https:\/\/accentwall.eu\/ro\/wp-json\/wp\/v2\/product"}],"about":[{"href":"https:\/\/accentwall.eu\/ro\/wp-json\/wp\/v2\/types\/product"}],"author":[{"embeddable":true,"href":"https:\/\/accentwall.eu\/ro\/wp-json\/wp\/v2\/users\/1"}],"replies":[{"embeddable":true,"href":"https:\/\/accentwall.eu\/ro\/wp-json\/wp\/v2\/comments?post=3875"}],"wp:featuredmedia":[{"embeddable":true,"href":"https:\/\/accentwall.eu\/ro\/wp-json\/wp\/v2\/media\/2335"}],"wp:attachment":[{"href":"https:\/\/accentwall.eu\/ro\/wp-json\/wp\/v2\/media?parent=3875"}],"wp:term":[{"taxonomy":"product_brand","embeddable":true,"href":"https:\/\/accentwall.eu\/ro\/wp-json\/wp\/v2\/product_brand?post=3875"},{"taxonomy":"product_cat","embeddable":true,"href":"https:\/\/accentwall.eu\/ro\/wp-json\/wp\/v2\/product_cat?post=3875"},{"taxonomy":"product_tag","embeddable":true,"href":"https:\/\/accentwall.eu\/ro\/wp-json\/wp\/v2\/product_tag?post=3875"}],"curies":[{"name":"wp","href":"https:\/\/api.w.org\/{rel}","templated":true}]}}