{"id":3879,"date":"2025-03-20T15:11:37","date_gmt":"2025-03-20T15:11:37","guid":{"rendered":"https:\/\/accentwall.eu\/product\/romanian-vibe\/"},"modified":"2025-05-12T06:43:37","modified_gmt":"2025-05-12T06:43:37","slug":"romanian-vibe","status":"publish","type":"product","link":"https:\/\/accentwall.eu\/ro\/produs\/romanian-vibe\/","title":{"rendered":"Romanian Vibe"},"content":{"rendered":"<p>Acest design vibrant, geometric, inspirat din tiparele \u0219i motivele tradi\u021bionale rom\u00e2ne\u0219ti, v\u0103 va capta ochii \u0219i v\u0103 va sc\u00e2nteia sufletul \u00een mai pu\u021bin de cateva secunde. Pur \u0219i simplu nu po\u021bi gre\u0219i cu acest uimitor tapet Romanian Vibe menit s\u0103 adauge mai mult\u0103 personalitate \u0219i defini\u021bie decorului interior.<\/p>\n<p>Tapet de calitate premium de 350 g | Ne\u021besut | Suprafa\u021b\u0103 texturat\u0103 | Adezivul de aplic\u0103 doar pe suprafa\u021ba peretelui | Suprafa\u021b\u0103 rezistent\u0103 la ap\u0103 | Durabil \u0219i rezistent la zg\u00e2rieturi<\/p>\n","protected":false},"excerpt":{"rendered":"<p>Acest design vibrant, geometric, inspirat din tiparele \u0219i motivele tradi\u021bionale rom\u00e2ne\u0219ti, v\u0103 va capta ochii \u0219i v\u0103 va sc\u00e2nteia sufletul \u00een mai pu\u021bin de cateva secunde. Pur \u0219i simplu nu po\u021bi gre\u0219i cu acest uimitor tapet Romanian Vibe menit s\u0103 adauge mai mult\u0103 personalitate \u0219i defini\u021bie decorului interior.<\/p>\n<p>Tapet de calitate premium de 350 g | Ne\u021besut | Suprafa\u021b\u0103 texturat\u0103 | Adezivul de aplic\u0103 doar pe suprafa\u021ba peretelui | Suprafa\u021b\u0103 rezistent\u0103 la ap\u0103 | Durabil \u0219i rezistent la zg\u00e2rieturi<\/p>\n","protected":false},"author":1,"featured_media":2339,"comment_status":"open","ping_status":"closed","template":"","meta":{"_acf_changed":false},"product_brand":[],"product_cat":[172],"product_tag":[],"class_list":{"0":"post-3879","1":"product","2":"type-product","3":"status-publish","4":"has-post-thumbnail","6":"product_cat-wallpaper-murals-ro","7":"product_shipping_class-large-goods-ro","9":"first","10":"instock","11":"shipping-taxable","12":"purchasable","13":"product-type-variable"},"acf":[],"_links":{"self":[{"href":"https:\/\/accentwall.eu\/ro\/wp-json\/wp\/v2\/product\/3879","targetHints":{"allow":["GET"]}}],"collection":[{"href":"https:\/\/accentwall.eu\/ro\/wp-json\/wp\/v2\/product"}],"about":[{"href":"https:\/\/accentwall.eu\/ro\/wp-json\/wp\/v2\/types\/product"}],"author":[{"embeddable":true,"href":"https:\/\/accentwall.eu\/ro\/wp-json\/wp\/v2\/users\/1"}],"replies":[{"embeddable":true,"href":"https:\/\/accentwall.eu\/ro\/wp-json\/wp\/v2\/comments?post=3879"}],"wp:featuredmedia":[{"embeddable":true,"href":"https:\/\/accentwall.eu\/ro\/wp-json\/wp\/v2\/media\/2339"}],"wp:attachment":[{"href":"https:\/\/accentwall.eu\/ro\/wp-json\/wp\/v2\/media?parent=3879"}],"wp:term":[{"taxonomy":"product_brand","embeddable":true,"href":"https:\/\/accentwall.eu\/ro\/wp-json\/wp\/v2\/product_brand?post=3879"},{"taxonomy":"product_cat","embeddable":true,"href":"https:\/\/accentwall.eu\/ro\/wp-json\/wp\/v2\/product_cat?post=3879"},{"taxonomy":"product_tag","embeddable":true,"href":"https:\/\/accentwall.eu\/ro\/wp-json\/wp\/v2\/product_tag?post=3879"}],"curies":[{"name":"wp","href":"https:\/\/api.w.org\/{rel}","templated":true}]}}