{"id":3883,"date":"2025-03-20T15:11:37","date_gmt":"2025-03-20T15:11:37","guid":{"rendered":"https:\/\/accentwall.eu\/product\/brick-roses\/"},"modified":"2025-05-12T06:45:00","modified_gmt":"2025-05-12T06:45:00","slug":"brick-roses","status":"publish","type":"product","link":"https:\/\/accentwall.eu\/ro\/produs\/brick-roses\/","title":{"rendered":"Brick Roses"},"content":{"rendered":"<p>Delicat \u0219i grandios, acest model floral este at\u00e2t de creativ \u00eenc\u00e2t \u00ee\u021bi va fi greu s\u0103 crezi c\u0103 nu e\u0219ti Alice \u00een \u021aara Minunilor \u0219i nu stai \u00eentr-un c\u00e2mp \u00eenconjurat de trandafiri gigantici care urc\u0103 pe un zid de c\u0103r\u0103mid\u0103. Tapetul Brick Roses \u00ee\u021bi va men\u021bine cu siguran\u021b\u0103 camera \u00een stare proasp\u0103t\u0103 \u0219i vie, a\u0219a cum florile sunt \u00een momentul \u00eenfloririi depline.<\/p>\n<p>Tapet de calitate premium de 350 g | Ne\u021besut | Suprafa\u021b\u0103 texturat\u0103 | Adezivul de aplic\u0103 doar pe suprafa\u021ba peretelui | Suprafa\u021b\u0103 rezistent\u0103 la ap\u0103 | Durabil \u0219i rezistent la zg\u00e2rieturi<\/p>\n","protected":false},"excerpt":{"rendered":"<p>Delicat \u0219i grandios, acest model floral este at\u00e2t de creativ \u00eenc\u00e2t \u00ee\u021bi va fi greu s\u0103 crezi c\u0103 nu e\u0219ti Alice \u00een \u021aara Minunilor \u0219i nu stai \u00eentr-un c\u00e2mp \u00eenconjurat de trandafiri gigantici care urc\u0103 pe un zid de c\u0103r\u0103mid\u0103. Tapetul Brick Roses \u00ee\u021bi va men\u021bine cu siguran\u021b\u0103 camera \u00een stare proasp\u0103t\u0103 \u0219i vie, a\u0219a cum florile sunt \u00een momentul \u00eenfloririi depline.<\/p>\n<p>Tapet de calitate premium de 350 g | Ne\u021besut | Suprafa\u021b\u0103 texturat\u0103 | Adezivul de aplic\u0103 doar pe suprafa\u021ba peretelui | Suprafa\u021b\u0103 rezistent\u0103 la ap\u0103 | Durabil \u0219i rezistent la zg\u00e2rieturi<\/p>\n","protected":false},"author":1,"featured_media":2343,"comment_status":"open","ping_status":"closed","template":"","meta":{"_acf_changed":false},"product_brand":[],"product_cat":[172],"product_tag":[],"class_list":{"0":"post-3883","1":"product","2":"type-product","3":"status-publish","4":"has-post-thumbnail","6":"product_cat-wallpaper-murals-ro","7":"product_shipping_class-large-goods-ro","9":"first","10":"instock","11":"shipping-taxable","12":"purchasable","13":"product-type-variable"},"acf":[],"_links":{"self":[{"href":"https:\/\/accentwall.eu\/ro\/wp-json\/wp\/v2\/product\/3883","targetHints":{"allow":["GET"]}}],"collection":[{"href":"https:\/\/accentwall.eu\/ro\/wp-json\/wp\/v2\/product"}],"about":[{"href":"https:\/\/accentwall.eu\/ro\/wp-json\/wp\/v2\/types\/product"}],"author":[{"embeddable":true,"href":"https:\/\/accentwall.eu\/ro\/wp-json\/wp\/v2\/users\/1"}],"replies":[{"embeddable":true,"href":"https:\/\/accentwall.eu\/ro\/wp-json\/wp\/v2\/comments?post=3883"}],"wp:featuredmedia":[{"embeddable":true,"href":"https:\/\/accentwall.eu\/ro\/wp-json\/wp\/v2\/media\/2343"}],"wp:attachment":[{"href":"https:\/\/accentwall.eu\/ro\/wp-json\/wp\/v2\/media?parent=3883"}],"wp:term":[{"taxonomy":"product_brand","embeddable":true,"href":"https:\/\/accentwall.eu\/ro\/wp-json\/wp\/v2\/product_brand?post=3883"},{"taxonomy":"product_cat","embeddable":true,"href":"https:\/\/accentwall.eu\/ro\/wp-json\/wp\/v2\/product_cat?post=3883"},{"taxonomy":"product_tag","embeddable":true,"href":"https:\/\/accentwall.eu\/ro\/wp-json\/wp\/v2\/product_tag?post=3883"}],"curies":[{"name":"wp","href":"https:\/\/api.w.org\/{rel}","templated":true}]}}