{"id":3896,"date":"2025-03-20T15:11:37","date_gmt":"2025-03-20T15:11:37","guid":{"rendered":"https:\/\/accentwall.eu\/product\/mosaic\/"},"modified":"2025-05-12T06:58:18","modified_gmt":"2025-05-12T06:58:18","slug":"mosaic","status":"publish","type":"product","link":"https:\/\/accentwall.eu\/ro\/produs\/mosaic\/","title":{"rendered":"Mosaic"},"content":{"rendered":"<p>Adev\u0103rat uluitor \u0219i fascinant, acest tapet mural cu un model care nu se termin\u0103 niciodat\u0103, merge pe linia dintre matematic\u0103 \u0219i art\u0103. Rezerva\u021bi-v\u0103 c\u0103l\u0103toria \u00eentr-o lume uimitoare de fractali care v\u0103 va face s\u0103 v\u0103 sim\u021bi\u021bi ca \u0219i cum a\u021bi p\u0103\u0219i \u00eentr-o alt\u0103 dimensiune.<\/p>\n<p>Tapet de calitate premium de 350 g | Ne\u021besut | Suprafa\u021b\u0103 texturat\u0103 | Adezivul de aplic\u0103 doar pe suprafa\u021ba peretelui | Suprafa\u021b\u0103 rezistent\u0103 la ap\u0103 | Durabil \u0219i rezistent la zg\u00e2rieturi<\/p>\n","protected":false},"excerpt":{"rendered":"<p>Adev\u0103rat uluitor \u0219i fascinant, acest tapet mural cu un model care nu se termin\u0103 niciodat\u0103, merge pe linia dintre matematic\u0103 \u0219i art\u0103. Rezerva\u021bi-v\u0103 c\u0103l\u0103toria \u00eentr-o lume uimitoare de fractali care v\u0103 va face s\u0103 v\u0103 sim\u021bi\u021bi ca \u0219i cum a\u021bi p\u0103\u0219i \u00eentr-o alt\u0103 dimensiune.<\/p>\n<p>Tapet de calitate premium de 350 g | Ne\u021besut | Suprafa\u021b\u0103 texturat\u0103 | Adezivul de aplic\u0103 doar pe suprafa\u021ba peretelui | Suprafa\u021b\u0103 rezistent\u0103 la ap\u0103 | Durabil \u0219i rezistent la zg\u00e2rieturi<\/p>\n","protected":false},"author":1,"featured_media":2356,"comment_status":"open","ping_status":"closed","template":"","meta":{"_acf_changed":false},"product_brand":[],"product_cat":[172],"product_tag":[],"class_list":{"0":"post-3896","1":"product","2":"type-product","3":"status-publish","4":"has-post-thumbnail","6":"product_cat-wallpaper-murals-ro","7":"product_shipping_class-large-goods-ro","9":"first","10":"instock","11":"shipping-taxable","12":"purchasable","13":"product-type-variable"},"acf":[],"_links":{"self":[{"href":"https:\/\/accentwall.eu\/ro\/wp-json\/wp\/v2\/product\/3896","targetHints":{"allow":["GET"]}}],"collection":[{"href":"https:\/\/accentwall.eu\/ro\/wp-json\/wp\/v2\/product"}],"about":[{"href":"https:\/\/accentwall.eu\/ro\/wp-json\/wp\/v2\/types\/product"}],"author":[{"embeddable":true,"href":"https:\/\/accentwall.eu\/ro\/wp-json\/wp\/v2\/users\/1"}],"replies":[{"embeddable":true,"href":"https:\/\/accentwall.eu\/ro\/wp-json\/wp\/v2\/comments?post=3896"}],"wp:featuredmedia":[{"embeddable":true,"href":"https:\/\/accentwall.eu\/ro\/wp-json\/wp\/v2\/media\/2356"}],"wp:attachment":[{"href":"https:\/\/accentwall.eu\/ro\/wp-json\/wp\/v2\/media?parent=3896"}],"wp:term":[{"taxonomy":"product_brand","embeddable":true,"href":"https:\/\/accentwall.eu\/ro\/wp-json\/wp\/v2\/product_brand?post=3896"},{"taxonomy":"product_cat","embeddable":true,"href":"https:\/\/accentwall.eu\/ro\/wp-json\/wp\/v2\/product_cat?post=3896"},{"taxonomy":"product_tag","embeddable":true,"href":"https:\/\/accentwall.eu\/ro\/wp-json\/wp\/v2\/product_tag?post=3896"}],"curies":[{"name":"wp","href":"https:\/\/api.w.org\/{rel}","templated":true}]}}