{"id":3899,"date":"2025-03-20T15:11:37","date_gmt":"2025-03-20T15:11:37","guid":{"rendered":"https:\/\/accentwall.eu\/product\/embroidery\/"},"modified":"2025-05-12T06:58:58","modified_gmt":"2025-05-12T06:58:58","slug":"embroidery","status":"publish","type":"product","link":"https:\/\/accentwall.eu\/ro\/produs\/embroidery\/","title":{"rendered":"Embroidery"},"content":{"rendered":"<p>Dac\u0103 ave\u021bi nevoie de o modificare tradi\u021bional\u0103, dar modern\u0103 pentru decorul interior, nu pute\u021bi gre\u0219i cu acest incredibil tapet mural Embroidery care spune o poveste interminabil\u0103 despre modelele \u0219i motivele balcanice. Folosi\u021bi-o ca o op\u021biune excelent\u0103 pentru a se potrivi cu toate tipurile de mobilier \u0219i accesorii din birou sau din zona de zi.<\/p>\n<p>Tapet de calitate premium de 350 g | Ne\u021besut | Suprafa\u021b\u0103 texturat\u0103 | Adezivul de aplic\u0103 doar pe suprafa\u021ba peretelui | Suprafa\u021b\u0103 rezistent\u0103 la ap\u0103 | Durabil \u0219i rezistent la zg\u00e2rieturi<\/p>\n","protected":false},"excerpt":{"rendered":"<p>Dac\u0103 ave\u021bi nevoie de o modificare tradi\u021bional\u0103, dar modern\u0103 pentru decorul interior, nu pute\u021bi gre\u0219i cu acest incredibil tapet mural Embroidery care spune o poveste interminabil\u0103 despre modelele \u0219i motivele balcanice. Folosi\u021bi-o ca o op\u021biune excelent\u0103 pentru a se potrivi cu toate tipurile de mobilier \u0219i accesorii din birou sau din zona de zi.<\/p>\n<p>Tapet de calitate premium de 350 g | Ne\u021besut | Suprafa\u021b\u0103 texturat\u0103 | Adezivul de aplic\u0103 doar pe suprafa\u021ba peretelui | Suprafa\u021b\u0103 rezistent\u0103 la ap\u0103 | Durabil \u0219i rezistent la zg\u00e2rieturi<\/p>\n","protected":false},"author":1,"featured_media":2359,"comment_status":"open","ping_status":"closed","template":"","meta":{"_acf_changed":false},"product_brand":[],"product_cat":[172],"product_tag":[],"class_list":{"0":"post-3899","1":"product","2":"type-product","3":"status-publish","4":"has-post-thumbnail","6":"product_cat-wallpaper-murals-ro","7":"product_shipping_class-large-goods-ro","9":"first","10":"instock","11":"shipping-taxable","12":"purchasable","13":"product-type-variable"},"acf":[],"_links":{"self":[{"href":"https:\/\/accentwall.eu\/ro\/wp-json\/wp\/v2\/product\/3899","targetHints":{"allow":["GET"]}}],"collection":[{"href":"https:\/\/accentwall.eu\/ro\/wp-json\/wp\/v2\/product"}],"about":[{"href":"https:\/\/accentwall.eu\/ro\/wp-json\/wp\/v2\/types\/product"}],"author":[{"embeddable":true,"href":"https:\/\/accentwall.eu\/ro\/wp-json\/wp\/v2\/users\/1"}],"replies":[{"embeddable":true,"href":"https:\/\/accentwall.eu\/ro\/wp-json\/wp\/v2\/comments?post=3899"}],"wp:featuredmedia":[{"embeddable":true,"href":"https:\/\/accentwall.eu\/ro\/wp-json\/wp\/v2\/media\/2359"}],"wp:attachment":[{"href":"https:\/\/accentwall.eu\/ro\/wp-json\/wp\/v2\/media?parent=3899"}],"wp:term":[{"taxonomy":"product_brand","embeddable":true,"href":"https:\/\/accentwall.eu\/ro\/wp-json\/wp\/v2\/product_brand?post=3899"},{"taxonomy":"product_cat","embeddable":true,"href":"https:\/\/accentwall.eu\/ro\/wp-json\/wp\/v2\/product_cat?post=3899"},{"taxonomy":"product_tag","embeddable":true,"href":"https:\/\/accentwall.eu\/ro\/wp-json\/wp\/v2\/product_tag?post=3899"}],"curies":[{"name":"wp","href":"https:\/\/api.w.org\/{rel}","templated":true}]}}