{"id":3908,"date":"2025-03-20T15:11:58","date_gmt":"2025-03-20T15:11:58","guid":{"rendered":"https:\/\/accentwall.eu\/product\/sketches-thoughts\/"},"modified":"2025-05-12T07:07:34","modified_gmt":"2025-05-12T07:07:34","slug":"sketches-thoughts","status":"publish","type":"product","link":"https:\/\/accentwall.eu\/ro\/produs\/sketches-thoughts\/","title":{"rendered":"Sketches &amp; Thoughts"},"content":{"rendered":"<p>Dac\u0103 sunte\u021bi un fan al schi\u021belor \u0219i m\u00e2zg\u0103liturilor, ve\u021bi aprecia cu siguran\u021b\u0103 acest superb tapet mural, ideal pentru camerele de citit sau dormitoare, unde v\u0103 sim\u021bi\u021bi mai ales inspira\u021bi. Tonurile moi de gri \u0219i de bej pot fi concepute pentru a se potrivi cu o gam\u0103 larg\u0103 de scheme de culori, care \u00eemperecheate cu orice fel de mobilier vor crea un decor interior uimitor.<\/p>\n<p>Tapet de calitate premium de 350 g | Ne\u021besut | Suprafa\u021b\u0103 texturat\u0103 | Adezivul de aplic\u0103 doar pe suprafa\u021ba peretelui | Suprafa\u021b\u0103 rezistent\u0103 la ap\u0103 | Durabil \u0219i rezistent la zg\u00e2rieturi<\/p>\n","protected":false},"excerpt":{"rendered":"<p>Dac\u0103 sunte\u021bi un fan al schi\u021belor \u0219i m\u00e2zg\u0103liturilor, ve\u021bi aprecia cu siguran\u021b\u0103 acest superb tapet mural, ideal pentru camerele de citit sau dormitoare, unde v\u0103 sim\u021bi\u021bi mai ales inspira\u021bi. Tonurile moi de gri \u0219i de bej pot fi concepute pentru a se potrivi cu o gam\u0103 larg\u0103 de scheme de culori, care \u00eemperecheate cu orice fel de mobilier vor crea un decor interior uimitor.<\/p>\n<p>Tapet de calitate premium de 350 g | Ne\u021besut | Suprafa\u021b\u0103 texturat\u0103 | Adezivul de aplic\u0103 doar pe suprafa\u021ba peretelui | Suprafa\u021b\u0103 rezistent\u0103 la ap\u0103 | Durabil \u0219i rezistent la zg\u00e2rieturi<\/p>\n","protected":false},"author":1,"featured_media":2367,"comment_status":"open","ping_status":"closed","template":"","meta":{"_acf_changed":false},"product_brand":[],"product_cat":[172],"product_tag":[],"class_list":{"0":"post-3908","1":"product","2":"type-product","3":"status-publish","4":"has-post-thumbnail","6":"product_cat-wallpaper-murals-ro","7":"product_shipping_class-large-goods-ro","9":"first","10":"instock","11":"shipping-taxable","12":"purchasable","13":"product-type-variable"},"acf":[],"_links":{"self":[{"href":"https:\/\/accentwall.eu\/ro\/wp-json\/wp\/v2\/product\/3908","targetHints":{"allow":["GET"]}}],"collection":[{"href":"https:\/\/accentwall.eu\/ro\/wp-json\/wp\/v2\/product"}],"about":[{"href":"https:\/\/accentwall.eu\/ro\/wp-json\/wp\/v2\/types\/product"}],"author":[{"embeddable":true,"href":"https:\/\/accentwall.eu\/ro\/wp-json\/wp\/v2\/users\/1"}],"replies":[{"embeddable":true,"href":"https:\/\/accentwall.eu\/ro\/wp-json\/wp\/v2\/comments?post=3908"}],"wp:featuredmedia":[{"embeddable":true,"href":"https:\/\/accentwall.eu\/ro\/wp-json\/wp\/v2\/media\/2367"}],"wp:attachment":[{"href":"https:\/\/accentwall.eu\/ro\/wp-json\/wp\/v2\/media?parent=3908"}],"wp:term":[{"taxonomy":"product_brand","embeddable":true,"href":"https:\/\/accentwall.eu\/ro\/wp-json\/wp\/v2\/product_brand?post=3908"},{"taxonomy":"product_cat","embeddable":true,"href":"https:\/\/accentwall.eu\/ro\/wp-json\/wp\/v2\/product_cat?post=3908"},{"taxonomy":"product_tag","embeddable":true,"href":"https:\/\/accentwall.eu\/ro\/wp-json\/wp\/v2\/product_tag?post=3908"}],"curies":[{"name":"wp","href":"https:\/\/api.w.org\/{rel}","templated":true}]}}