{"id":3910,"date":"2025-03-20T15:11:58","date_gmt":"2025-03-20T15:11:58","guid":{"rendered":"https:\/\/accentwall.eu\/product\/dolly-house\/"},"modified":"2025-05-12T07:08:34","modified_gmt":"2025-05-12T07:08:34","slug":"dolly-house","status":"publish","type":"product","link":"https:\/\/accentwall.eu\/ro\/produs\/dolly-house\/","title":{"rendered":"Dolly House"},"content":{"rendered":"<p>Ad\u0103uga\u021bi o not\u0103 de distrac\u021bie \u0219i magie \u00een dormitorul sau camera de joac\u0103 a copilului dumneavoastr\u0103 cu acest uimitor tapet mural. Culorile sale contrastante se combin\u0103 pentru a crea un design viu \u0219i a pune un z\u00e2mbet pe chipul micu\u021bului t\u0103u, f\u0103c\u00e2ndu-i s\u0103 se simt\u0103 ca \u0219i cum ar avea o cas\u0103 \u00eentreag\u0103 pentru ei \u0219i o via\u021b\u0103 despre care nimeni altcineva nu \u0219tie. Dac\u0103 dori\u021bi s\u0103 crea\u021bi un spa\u021biu juc\u0103u\u0219 \u00een care copilului dumneavoastr\u0103 \u00eei va pl\u0103cea s\u0103 petreac\u0103 timp, atunci Dolly House este o alegere str\u0103lucitoare.<\/p>\n<p>Tapet de calitate premium de 350 g | Ne\u021besut | Suprafa\u021b\u0103 texturat\u0103 | Adezivul de aplic\u0103 doar pe suprafa\u021ba peretelui | Suprafa\u021b\u0103 rezistent\u0103 la ap\u0103 | Durabil \u0219i rezistent la zg\u00e2rieturi<\/p>\n","protected":false},"excerpt":{"rendered":"<p>Ad\u0103uga\u021bi o not\u0103 de distrac\u021bie \u0219i magie \u00een dormitorul sau camera de joac\u0103 a copilului dumneavoastr\u0103 cu acest uimitor tapet mural. Culorile sale contrastante se combin\u0103 pentru a crea un design viu \u0219i a pune un z\u00e2mbet pe chipul micu\u021bului t\u0103u, f\u0103c\u00e2ndu-i s\u0103 se simt\u0103 ca \u0219i cum ar avea o cas\u0103 \u00eentreag\u0103 pentru ei \u0219i o via\u021b\u0103 despre care nimeni altcineva nu \u0219tie. Dac\u0103 dori\u021bi s\u0103 crea\u021bi un spa\u021biu juc\u0103u\u0219 \u00een care copilului dumneavoastr\u0103 \u00eei va pl\u0103cea s\u0103 petreac\u0103 timp, atunci Dolly House este o alegere str\u0103lucitoare.<\/p>\n<p>Tapet de calitate premium de 350 g | Ne\u021besut | Suprafa\u021b\u0103 texturat\u0103 | Adezivul de aplic\u0103 doar pe suprafa\u021ba peretelui | Suprafa\u021b\u0103 rezistent\u0103 la ap\u0103 | Durabil \u0219i rezistent la zg\u00e2rieturi<\/p>\n","protected":false},"author":1,"featured_media":2369,"comment_status":"open","ping_status":"closed","template":"","meta":{"_acf_changed":false},"product_brand":[],"product_cat":[172],"product_tag":[],"class_list":{"0":"post-3910","1":"product","2":"type-product","3":"status-publish","4":"has-post-thumbnail","6":"product_cat-wallpaper-murals-ro","7":"product_shipping_class-large-goods-ro","9":"first","10":"instock","11":"shipping-taxable","12":"purchasable","13":"product-type-variable"},"acf":[],"_links":{"self":[{"href":"https:\/\/accentwall.eu\/ro\/wp-json\/wp\/v2\/product\/3910","targetHints":{"allow":["GET"]}}],"collection":[{"href":"https:\/\/accentwall.eu\/ro\/wp-json\/wp\/v2\/product"}],"about":[{"href":"https:\/\/accentwall.eu\/ro\/wp-json\/wp\/v2\/types\/product"}],"author":[{"embeddable":true,"href":"https:\/\/accentwall.eu\/ro\/wp-json\/wp\/v2\/users\/1"}],"replies":[{"embeddable":true,"href":"https:\/\/accentwall.eu\/ro\/wp-json\/wp\/v2\/comments?post=3910"}],"wp:featuredmedia":[{"embeddable":true,"href":"https:\/\/accentwall.eu\/ro\/wp-json\/wp\/v2\/media\/2369"}],"wp:attachment":[{"href":"https:\/\/accentwall.eu\/ro\/wp-json\/wp\/v2\/media?parent=3910"}],"wp:term":[{"taxonomy":"product_brand","embeddable":true,"href":"https:\/\/accentwall.eu\/ro\/wp-json\/wp\/v2\/product_brand?post=3910"},{"taxonomy":"product_cat","embeddable":true,"href":"https:\/\/accentwall.eu\/ro\/wp-json\/wp\/v2\/product_cat?post=3910"},{"taxonomy":"product_tag","embeddable":true,"href":"https:\/\/accentwall.eu\/ro\/wp-json\/wp\/v2\/product_tag?post=3910"}],"curies":[{"name":"wp","href":"https:\/\/api.w.org\/{rel}","templated":true}]}}