{"id":3922,"date":"2025-03-20T15:12:20","date_gmt":"2025-03-20T15:12:20","guid":{"rendered":"https:\/\/accentwall.eu\/product\/landmark-in-colour\/"},"modified":"2025-05-12T07:14:06","modified_gmt":"2025-05-12T07:14:06","slug":"landmark-in-colour","status":"publish","type":"product","link":"https:\/\/accentwall.eu\/ro\/produs\/landmark-in-colour\/","title":{"rendered":"Landmark in Colour"},"content":{"rendered":"<p>Dac\u0103 sunte\u021bi un fan al interiorului \u00eendr\u0103zne\u021b, atunci tapetul mural Landmark in Color va face declara\u021bia perfect\u0103 pe peretele din casa dumneavoastr\u0103. Precizia detaliilor \u0219i culorile contrastante ale urmelor de pnsul\u0103 vor ad\u0103uga o dimensiune diferit\u0103 camerei tale, f\u0103c\u00e2nd-o s\u0103 par\u0103 \u00eendr\u0103znea\u021b\u0103 \u0219i unic\u0103, f\u0103r\u0103 a fi cople\u0219itoare. Acest tapet uimitor se m\u00e2ndre\u0219te cu un amestec de art\u0103 clasic\u0103 \u0219i contemporan\u0103, care \u00eenso\u021bit de mobilier modern sau clasic, va insufla cu siguran\u021b\u0103 un minunat subiect de discu\u021bie \u00een zona de luat masa sau \u00een camera de zi.<\/p>\n<p>Tapet de calitate premium de 350 g | Ne\u021besut | Suprafa\u021b\u0103 texturat\u0103 | Adezivul de aplic\u0103 doar pe suprafa\u021ba peretelui | Suprafa\u021b\u0103 rezistent\u0103 la ap\u0103 | Durabil \u0219i rezistent la zg\u00e2rieturi<\/p>\n","protected":false},"excerpt":{"rendered":"<p>Dac\u0103 sunte\u021bi un fan al interiorului \u00eendr\u0103zne\u021b, atunci tapetul mural Landmark in Color va face declara\u021bia perfect\u0103 pe peretele din casa dumneavoastr\u0103. Precizia detaliilor \u0219i culorile contrastante ale urmelor de pnsul\u0103 vor ad\u0103uga o dimensiune diferit\u0103 camerei tale, f\u0103c\u00e2nd-o s\u0103 par\u0103 \u00eendr\u0103znea\u021b\u0103 \u0219i unic\u0103, f\u0103r\u0103 a fi cople\u0219itoare. Acest tapet uimitor se m\u00e2ndre\u0219te cu un amestec de art\u0103 clasic\u0103 \u0219i contemporan\u0103, care \u00eenso\u021bit de mobilier modern sau clasic, va insufla cu siguran\u021b\u0103 un minunat subiect de discu\u021bie \u00een zona de luat masa sau \u00een camera de zi.<\/p>\n<p>Tapet de calitate premium de 350 g | Ne\u021besut | Suprafa\u021b\u0103 texturat\u0103 | Adezivul de aplic\u0103 doar pe suprafa\u021ba peretelui | Suprafa\u021b\u0103 rezistent\u0103 la ap\u0103 | Durabil \u0219i rezistent la zg\u00e2rieturi<\/p>\n","protected":false},"author":1,"featured_media":2385,"comment_status":"open","ping_status":"closed","template":"","meta":{"_acf_changed":false},"product_brand":[],"product_cat":[172],"product_tag":[],"class_list":{"0":"post-3922","1":"product","2":"type-product","3":"status-publish","4":"has-post-thumbnail","6":"product_cat-wallpaper-murals-ro","7":"product_shipping_class-large-goods-ro","9":"first","10":"instock","11":"shipping-taxable","12":"purchasable","13":"product-type-variable"},"acf":[],"_links":{"self":[{"href":"https:\/\/accentwall.eu\/ro\/wp-json\/wp\/v2\/product\/3922","targetHints":{"allow":["GET"]}}],"collection":[{"href":"https:\/\/accentwall.eu\/ro\/wp-json\/wp\/v2\/product"}],"about":[{"href":"https:\/\/accentwall.eu\/ro\/wp-json\/wp\/v2\/types\/product"}],"author":[{"embeddable":true,"href":"https:\/\/accentwall.eu\/ro\/wp-json\/wp\/v2\/users\/1"}],"replies":[{"embeddable":true,"href":"https:\/\/accentwall.eu\/ro\/wp-json\/wp\/v2\/comments?post=3922"}],"wp:featuredmedia":[{"embeddable":true,"href":"https:\/\/accentwall.eu\/ro\/wp-json\/wp\/v2\/media\/2385"}],"wp:attachment":[{"href":"https:\/\/accentwall.eu\/ro\/wp-json\/wp\/v2\/media?parent=3922"}],"wp:term":[{"taxonomy":"product_brand","embeddable":true,"href":"https:\/\/accentwall.eu\/ro\/wp-json\/wp\/v2\/product_brand?post=3922"},{"taxonomy":"product_cat","embeddable":true,"href":"https:\/\/accentwall.eu\/ro\/wp-json\/wp\/v2\/product_cat?post=3922"},{"taxonomy":"product_tag","embeddable":true,"href":"https:\/\/accentwall.eu\/ro\/wp-json\/wp\/v2\/product_tag?post=3922"}],"curies":[{"name":"wp","href":"https:\/\/api.w.org\/{rel}","templated":true}]}}