{"id":3937,"date":"2025-03-20T15:12:21","date_gmt":"2025-03-20T15:12:21","guid":{"rendered":"https:\/\/accentwall.eu\/product\/dreamy-hills\/"},"modified":"2025-05-12T07:20:41","modified_gmt":"2025-05-12T07:20:41","slug":"dreamy-hills","status":"publish","type":"product","link":"https:\/\/accentwall.eu\/ro\/produs\/dreamy-hills\/","title":{"rendered":"Dreamy Hills"},"content":{"rendered":"<p>Acest tapet mural \u00eenc\u00e2nt\u0103 printr-un aer senin \u0219i vis\u0103tor, fiind alegerea ideal\u0103 at\u00e2t pentru dormitoare, c\u00e2t \u0219i pentru camere de zi. Tonurile sale delicate, u\u0219or pr\u0103fuite, r\u0103spund perfect dorin\u021bei de un decor \u0219ic, iar modelul de coline confer\u0103 \u00eenc\u0103perii o senza\u021bie de spa\u021biu mai generos dec\u00e2t \u00een realitate. Asorta\u021bi Dreamy Hills cu mobilier modern sau clasic, adaptat gustului dumneavoastr\u0103, \u0219i ve\u021bi transforma acest spa\u021biu \u00eentr-un nou col\u021b preferat al casei \u2013 garantat.<\/p>\n<p>Tapet de calitate premium de 350 g | Ne\u021besut | Suprafa\u021b\u0103 texturat\u0103 | Adezivul de aplic\u0103 doar pe suprafa\u021ba peretelui | Suprafa\u021b\u0103 rezistent\u0103 la ap\u0103 | Durabil \u0219i rezistent la zg\u00e2rieturi<\/p>\n","protected":false},"excerpt":{"rendered":"<p>Acest tapet mural \u00eenc\u00e2nt\u0103 printr-un aer senin \u0219i vis\u0103tor, fiind alegerea ideal\u0103 at\u00e2t pentru dormitoare, c\u00e2t \u0219i pentru camere de zi. Tonurile sale delicate, u\u0219or pr\u0103fuite, r\u0103spund perfect dorin\u021bei de un decor \u0219ic, iar modelul de coline confer\u0103 \u00eenc\u0103perii o senza\u021bie de spa\u021biu mai generos dec\u00e2t \u00een realitate. Asorta\u021bi Dreamy Hills cu mobilier modern sau clasic, adaptat gustului dumneavoastr\u0103, \u0219i ve\u021bi transforma acest spa\u021biu \u00eentr-un nou col\u021b preferat al casei \u2013 garantat.<\/p>\n<p>Tapet de calitate premium de 350 g | Ne\u021besut | Suprafa\u021b\u0103 texturat\u0103 | Adezivul de aplic\u0103 doar pe suprafa\u021ba peretelui | Suprafa\u021b\u0103 rezistent\u0103 la ap\u0103 | Durabil \u0219i rezistent la zg\u00e2rieturi<\/p>\n","protected":false},"author":1,"featured_media":2389,"comment_status":"open","ping_status":"closed","template":"","meta":{"_acf_changed":false},"product_brand":[],"product_cat":[172],"product_tag":[],"class_list":{"0":"post-3937","1":"product","2":"type-product","3":"status-publish","4":"has-post-thumbnail","6":"product_cat-wallpaper-murals-ro","7":"product_shipping_class-large-goods-ro","9":"first","10":"instock","11":"shipping-taxable","12":"purchasable","13":"product-type-variable"},"acf":[],"_links":{"self":[{"href":"https:\/\/accentwall.eu\/ro\/wp-json\/wp\/v2\/product\/3937","targetHints":{"allow":["GET"]}}],"collection":[{"href":"https:\/\/accentwall.eu\/ro\/wp-json\/wp\/v2\/product"}],"about":[{"href":"https:\/\/accentwall.eu\/ro\/wp-json\/wp\/v2\/types\/product"}],"author":[{"embeddable":true,"href":"https:\/\/accentwall.eu\/ro\/wp-json\/wp\/v2\/users\/1"}],"replies":[{"embeddable":true,"href":"https:\/\/accentwall.eu\/ro\/wp-json\/wp\/v2\/comments?post=3937"}],"wp:featuredmedia":[{"embeddable":true,"href":"https:\/\/accentwall.eu\/ro\/wp-json\/wp\/v2\/media\/2389"}],"wp:attachment":[{"href":"https:\/\/accentwall.eu\/ro\/wp-json\/wp\/v2\/media?parent=3937"}],"wp:term":[{"taxonomy":"product_brand","embeddable":true,"href":"https:\/\/accentwall.eu\/ro\/wp-json\/wp\/v2\/product_brand?post=3937"},{"taxonomy":"product_cat","embeddable":true,"href":"https:\/\/accentwall.eu\/ro\/wp-json\/wp\/v2\/product_cat?post=3937"},{"taxonomy":"product_tag","embeddable":true,"href":"https:\/\/accentwall.eu\/ro\/wp-json\/wp\/v2\/product_tag?post=3937"}],"curies":[{"name":"wp","href":"https:\/\/api.w.org\/{rel}","templated":true}]}}