{"id":3944,"date":"2025-03-20T15:12:21","date_gmt":"2025-03-20T15:12:21","guid":{"rendered":"https:\/\/accentwall.eu\/product\/fairytale-woodland\/"},"modified":"2025-05-12T07:22:43","modified_gmt":"2025-05-12T07:22:43","slug":"fairytale-woodland","status":"publish","type":"product","link":"https:\/\/accentwall.eu\/ro\/produs\/fairytale-woodland\/","title":{"rendered":"Fairytale Woodland"},"content":{"rendered":"<p>Fairytale Woodland este alegerea perfect\u0103 pentru un perete de accent \u00eentr-o \u00eenc\u0103pere care are nevoie de un strop de \u00eendr\u0103zneal\u0103. Preg\u0103ti\u021bi-v\u0103 s\u0103 fi\u021bi purta\u021bi \u00een ad\u00e2ncul unei p\u0103duri de basm, plin\u0103 de detalii \u0219i culori spectaculoase. Fie c\u0103 dori\u021bi s\u0103 re\u00eemprosp\u0103ta\u021bi camera de zi sau s\u0103 crea\u021bi un univers magic \u00een camera unui copil, acest tapet mural impresioneaz\u0103 de fiecare dat\u0103.<\/p>\n<p>Tapet de calitate premium de 350 g | Ne\u021besut | Suprafa\u021b\u0103 texturat\u0103 | Adezivul de aplic\u0103 doar pe suprafa\u021ba peretelui | Suprafa\u021b\u0103 rezistent\u0103 la ap\u0103 | Durabil \u0219i rezistent la zg\u00e2rieturi<\/p>\n","protected":false},"excerpt":{"rendered":"<p>Fairytale Woodland este alegerea perfect\u0103 pentru un perete de accent \u00eentr-o \u00eenc\u0103pere care are nevoie de un strop de \u00eendr\u0103zneal\u0103. Preg\u0103ti\u021bi-v\u0103 s\u0103 fi\u021bi purta\u021bi \u00een ad\u00e2ncul unei p\u0103duri de basm, plin\u0103 de detalii \u0219i culori spectaculoase. Fie c\u0103 dori\u021bi s\u0103 re\u00eemprosp\u0103ta\u021bi camera de zi sau s\u0103 crea\u021bi un univers magic \u00een camera unui copil, acest tapet mural impresioneaz\u0103 de fiecare dat\u0103.<\/p>\n<p>Tapet de calitate premium de 350 g | Ne\u021besut | Suprafa\u021b\u0103 texturat\u0103 | Adezivul de aplic\u0103 doar pe suprafa\u021ba peretelui | Suprafa\u021b\u0103 rezistent\u0103 la ap\u0103 | Durabil \u0219i rezistent la zg\u00e2rieturi<\/p>\n","protected":false},"author":1,"featured_media":2396,"comment_status":"open","ping_status":"closed","template":"","meta":{"_acf_changed":false},"product_brand":[],"product_cat":[172],"product_tag":[],"class_list":{"0":"post-3944","1":"product","2":"type-product","3":"status-publish","4":"has-post-thumbnail","6":"product_cat-wallpaper-murals-ro","7":"product_shipping_class-large-goods-ro","9":"first","10":"instock","11":"shipping-taxable","12":"purchasable","13":"product-type-variable"},"acf":[],"_links":{"self":[{"href":"https:\/\/accentwall.eu\/ro\/wp-json\/wp\/v2\/product\/3944","targetHints":{"allow":["GET"]}}],"collection":[{"href":"https:\/\/accentwall.eu\/ro\/wp-json\/wp\/v2\/product"}],"about":[{"href":"https:\/\/accentwall.eu\/ro\/wp-json\/wp\/v2\/types\/product"}],"author":[{"embeddable":true,"href":"https:\/\/accentwall.eu\/ro\/wp-json\/wp\/v2\/users\/1"}],"replies":[{"embeddable":true,"href":"https:\/\/accentwall.eu\/ro\/wp-json\/wp\/v2\/comments?post=3944"}],"wp:featuredmedia":[{"embeddable":true,"href":"https:\/\/accentwall.eu\/ro\/wp-json\/wp\/v2\/media\/2396"}],"wp:attachment":[{"href":"https:\/\/accentwall.eu\/ro\/wp-json\/wp\/v2\/media?parent=3944"}],"wp:term":[{"taxonomy":"product_brand","embeddable":true,"href":"https:\/\/accentwall.eu\/ro\/wp-json\/wp\/v2\/product_brand?post=3944"},{"taxonomy":"product_cat","embeddable":true,"href":"https:\/\/accentwall.eu\/ro\/wp-json\/wp\/v2\/product_cat?post=3944"},{"taxonomy":"product_tag","embeddable":true,"href":"https:\/\/accentwall.eu\/ro\/wp-json\/wp\/v2\/product_tag?post=3944"}],"curies":[{"name":"wp","href":"https:\/\/api.w.org\/{rel}","templated":true}]}}