{"id":3946,"date":"2025-03-20T15:12:21","date_gmt":"2025-03-20T15:12:21","guid":{"rendered":"https:\/\/accentwall.eu\/product\/among-the-clouds\/"},"modified":"2025-05-12T07:24:22","modified_gmt":"2025-05-12T07:24:22","slug":"among-the-clouds","status":"publish","type":"product","link":"https:\/\/accentwall.eu\/ro\/produs\/among-the-clouds\/","title":{"rendered":"Among the Clouds"},"content":{"rendered":"<p>Indiferent de \u00eenc\u0103perea care are nevoie de o not\u0103 sofisticat\u0103, acest tapet este alegerea care salveaz\u0103 situa\u021bia. Cu un splendid stol de cocori \u00een zbor, el devine o pies\u0103 de art\u0103 lini\u0219titoare, dar \u00een acela\u0219i timp dramatic\u0103, capabil\u0103 s\u0103 stabileasc\u0103 tonul \u00eentregului decor. Asorta\u021bi-l cu mobilier contemporan \u0219i accesorii \u00een tonuri aurii, iar camera dumneavoastr\u0103 de zi va c\u0103p\u0103ta un aer complet nou, de nerecunoscut.<\/p>\n<p>Tapet de calitate premium de 350 g | Ne\u021besut | Suprafa\u021b\u0103 texturat\u0103 | Adezivul de aplic\u0103 doar pe suprafa\u021ba peretelui | Suprafa\u021b\u0103 rezistent\u0103 la ap\u0103 | Durabil \u0219i rezistent la zg\u00e2rieturi<\/p>\n","protected":false},"excerpt":{"rendered":"<p>Indiferent de \u00eenc\u0103perea care are nevoie de o not\u0103 sofisticat\u0103, acest tapet este alegerea care salveaz\u0103 situa\u021bia. Cu un splendid stol de cocori \u00een zbor, el devine o pies\u0103 de art\u0103 lini\u0219titoare, dar \u00een acela\u0219i timp dramatic\u0103, capabil\u0103 s\u0103 stabileasc\u0103 tonul \u00eentregului decor. Asorta\u021bi-l cu mobilier contemporan \u0219i accesorii \u00een tonuri aurii, iar camera dumneavoastr\u0103 de zi va c\u0103p\u0103ta un aer complet nou, de nerecunoscut.<\/p>\n<p>Tapet de calitate premium de 350 g | Ne\u021besut | Suprafa\u021b\u0103 texturat\u0103 | Adezivul de aplic\u0103 doar pe suprafa\u021ba peretelui | Suprafa\u021b\u0103 rezistent\u0103 la ap\u0103 | Durabil \u0219i rezistent la zg\u00e2rieturi<\/p>\n","protected":false},"author":1,"featured_media":2398,"comment_status":"open","ping_status":"closed","template":"","meta":{"_acf_changed":false},"product_brand":[],"product_cat":[172],"product_tag":[],"class_list":{"0":"post-3946","1":"product","2":"type-product","3":"status-publish","4":"has-post-thumbnail","6":"product_cat-wallpaper-murals-ro","7":"product_shipping_class-large-goods-ro","9":"first","10":"instock","11":"shipping-taxable","12":"purchasable","13":"product-type-variable"},"acf":[],"_links":{"self":[{"href":"https:\/\/accentwall.eu\/ro\/wp-json\/wp\/v2\/product\/3946","targetHints":{"allow":["GET"]}}],"collection":[{"href":"https:\/\/accentwall.eu\/ro\/wp-json\/wp\/v2\/product"}],"about":[{"href":"https:\/\/accentwall.eu\/ro\/wp-json\/wp\/v2\/types\/product"}],"author":[{"embeddable":true,"href":"https:\/\/accentwall.eu\/ro\/wp-json\/wp\/v2\/users\/1"}],"replies":[{"embeddable":true,"href":"https:\/\/accentwall.eu\/ro\/wp-json\/wp\/v2\/comments?post=3946"}],"wp:featuredmedia":[{"embeddable":true,"href":"https:\/\/accentwall.eu\/ro\/wp-json\/wp\/v2\/media\/2398"}],"wp:attachment":[{"href":"https:\/\/accentwall.eu\/ro\/wp-json\/wp\/v2\/media?parent=3946"}],"wp:term":[{"taxonomy":"product_brand","embeddable":true,"href":"https:\/\/accentwall.eu\/ro\/wp-json\/wp\/v2\/product_brand?post=3946"},{"taxonomy":"product_cat","embeddable":true,"href":"https:\/\/accentwall.eu\/ro\/wp-json\/wp\/v2\/product_cat?post=3946"},{"taxonomy":"product_tag","embeddable":true,"href":"https:\/\/accentwall.eu\/ro\/wp-json\/wp\/v2\/product_tag?post=3946"}],"curies":[{"name":"wp","href":"https:\/\/api.w.org\/{rel}","templated":true}]}}