{"id":3949,"date":"2025-03-20T15:12:38","date_gmt":"2025-03-20T15:12:38","guid":{"rendered":"https:\/\/accentwall.eu\/product\/busy-toys\/"},"modified":"2025-05-12T07:25:32","modified_gmt":"2025-05-12T07:25:32","slug":"busy-toys","status":"publish","type":"product","link":"https:\/\/accentwall.eu\/ro\/produs\/busy-toys\/","title":{"rendered":"Busy Toys"},"content":{"rendered":"<p>Acest design de tapet juc\u0103u\u0219, decorat cu o colec\u021bie de piese Lego, este ideal pentru camera copilului, de\u0219i ne putem imagina cum ar atrage privirile \u0219i \u00eentr-un birou creativ. Asorta\u021bi-l cu mobilier contemporan \u0219i accente din lemn, iar rezultatul va fi un spa\u021biu \u00een care copiii (sau angaja\u021bii) vor adora s\u0103 \u00ee\u0219i petreac\u0103 timpul.<\/p>\n<p>Tapet de calitate premium de 350 g | Ne\u021besut | Suprafa\u021b\u0103 texturat\u0103 | Adezivul de aplic\u0103 doar pe suprafa\u021ba peretelui | Suprafa\u021b\u0103 rezistent\u0103 la ap\u0103 | Durabil \u0219i rezistent la zg\u00e2rieturi<\/p>\n","protected":false},"excerpt":{"rendered":"<p>Acest design de tapet juc\u0103u\u0219, decorat cu o colec\u021bie de piese Lego, este ideal pentru camera copilului, de\u0219i ne putem imagina cum ar atrage privirile \u0219i \u00eentr-un birou creativ. Asorta\u021bi-l cu mobilier contemporan \u0219i accente din lemn, iar rezultatul va fi un spa\u021biu \u00een care copiii (sau angaja\u021bii) vor adora s\u0103 \u00ee\u0219i petreac\u0103 timpul.<\/p>\n<p>Tapet de calitate premium de 350 g | Ne\u021besut | Suprafa\u021b\u0103 texturat\u0103 | Adezivul de aplic\u0103 doar pe suprafa\u021ba peretelui | Suprafa\u021b\u0103 rezistent\u0103 la ap\u0103 | Durabil \u0219i rezistent la zg\u00e2rieturi<\/p>\n","protected":false},"author":1,"featured_media":2401,"comment_status":"open","ping_status":"closed","template":"","meta":{"_acf_changed":false},"product_brand":[],"product_cat":[172],"product_tag":[],"class_list":{"0":"post-3949","1":"product","2":"type-product","3":"status-publish","4":"has-post-thumbnail","6":"product_cat-wallpaper-murals-ro","7":"product_shipping_class-large-goods-ro","9":"first","10":"instock","11":"shipping-taxable","12":"purchasable","13":"product-type-variable"},"acf":[],"_links":{"self":[{"href":"https:\/\/accentwall.eu\/ro\/wp-json\/wp\/v2\/product\/3949","targetHints":{"allow":["GET"]}}],"collection":[{"href":"https:\/\/accentwall.eu\/ro\/wp-json\/wp\/v2\/product"}],"about":[{"href":"https:\/\/accentwall.eu\/ro\/wp-json\/wp\/v2\/types\/product"}],"author":[{"embeddable":true,"href":"https:\/\/accentwall.eu\/ro\/wp-json\/wp\/v2\/users\/1"}],"replies":[{"embeddable":true,"href":"https:\/\/accentwall.eu\/ro\/wp-json\/wp\/v2\/comments?post=3949"}],"wp:featuredmedia":[{"embeddable":true,"href":"https:\/\/accentwall.eu\/ro\/wp-json\/wp\/v2\/media\/2401"}],"wp:attachment":[{"href":"https:\/\/accentwall.eu\/ro\/wp-json\/wp\/v2\/media?parent=3949"}],"wp:term":[{"taxonomy":"product_brand","embeddable":true,"href":"https:\/\/accentwall.eu\/ro\/wp-json\/wp\/v2\/product_brand?post=3949"},{"taxonomy":"product_cat","embeddable":true,"href":"https:\/\/accentwall.eu\/ro\/wp-json\/wp\/v2\/product_cat?post=3949"},{"taxonomy":"product_tag","embeddable":true,"href":"https:\/\/accentwall.eu\/ro\/wp-json\/wp\/v2\/product_tag?post=3949"}],"curies":[{"name":"wp","href":"https:\/\/api.w.org\/{rel}","templated":true}]}}