{"id":3961,"date":"2025-03-20T15:12:39","date_gmt":"2025-03-20T15:12:39","guid":{"rendered":"https:\/\/accentwall.eu\/product\/mountain-of-souls\/"},"modified":"2025-05-12T07:29:02","modified_gmt":"2025-05-12T07:29:02","slug":"mountain-of-souls","status":"publish","type":"product","link":"https:\/\/accentwall.eu\/ro\/produs\/mountain-of-souls\/","title":{"rendered":"Mountain of Souls"},"content":{"rendered":"<p>Inspirat de razele soarelui amestecate cu norii juc\u0103u\u0219i, tapetul contemporan cu mun\u021bi combina\u021bi va oferi camerei dumneavoastr\u0103 un aspect lini\u0219titor dar sofisticat. Dac\u0103 dori\u021bi s\u0103 evada\u021bi \u00eentr-o lume asem\u0103n\u0103toare visurilor, pur \u0219i simplu nu pute\u021bi gre\u0219i cu acest tapet mural care con\u021bine o serie de \u0219iruri sc\u0103ldate \u00een lumin\u0103 sclipitoare. Stiliza\u021bi tapetul mural Mountain of Souls cu mobilier clasic sau contemporan, iar camera dumneavoastr\u0103 recent decorat\u0103 nu va \u00eenceta niciodat\u0103 s\u0103 impresioneze.<\/p>\n<p>Tapet de calitate premium de 350 g | Ne\u021besut | Suprafa\u021b\u0103 texturat\u0103 | Adezivul de aplic\u0103 doar pe suprafa\u021ba peretelui | Suprafa\u021b\u0103 rezistent\u0103 la ap\u0103 | Durabil \u0219i rezistent la zg\u00e2rieturi<\/p>\n","protected":false},"excerpt":{"rendered":"<p>Inspirat de razele soarelui amestecate cu norii juc\u0103u\u0219i, tapetul contemporan cu mun\u021bi combina\u021bi va oferi camerei dumneavoastr\u0103 un aspect lini\u0219titor dar sofisticat. Dac\u0103 dori\u021bi s\u0103 evada\u021bi \u00eentr-o lume asem\u0103n\u0103toare visurilor, pur \u0219i simplu nu pute\u021bi gre\u0219i cu acest tapet mural care con\u021bine o serie de \u0219iruri sc\u0103ldate \u00een lumin\u0103 sclipitoare. Stiliza\u021bi tapetul mural Mountain of Souls cu mobilier clasic sau contemporan, iar camera dumneavoastr\u0103 recent decorat\u0103 nu va \u00eenceta niciodat\u0103 s\u0103 impresioneze.<\/p>\n<p>Tapet de calitate premium de 350 g | Ne\u021besut | Suprafa\u021b\u0103 texturat\u0103 | Adezivul de aplic\u0103 doar pe suprafa\u021ba peretelui | Suprafa\u021b\u0103 rezistent\u0103 la ap\u0103 | Durabil \u0219i rezistent la zg\u00e2rieturi<\/p>\n","protected":false},"author":1,"featured_media":2417,"comment_status":"open","ping_status":"closed","template":"","meta":{"_acf_changed":false},"product_brand":[],"product_cat":[172],"product_tag":[],"class_list":{"0":"post-3961","1":"product","2":"type-product","3":"status-publish","4":"has-post-thumbnail","6":"product_cat-wallpaper-murals-ro","7":"product_shipping_class-large-goods-ro","9":"first","10":"instock","11":"shipping-taxable","12":"purchasable","13":"product-type-variable"},"acf":[],"_links":{"self":[{"href":"https:\/\/accentwall.eu\/ro\/wp-json\/wp\/v2\/product\/3961","targetHints":{"allow":["GET"]}}],"collection":[{"href":"https:\/\/accentwall.eu\/ro\/wp-json\/wp\/v2\/product"}],"about":[{"href":"https:\/\/accentwall.eu\/ro\/wp-json\/wp\/v2\/types\/product"}],"author":[{"embeddable":true,"href":"https:\/\/accentwall.eu\/ro\/wp-json\/wp\/v2\/users\/1"}],"replies":[{"embeddable":true,"href":"https:\/\/accentwall.eu\/ro\/wp-json\/wp\/v2\/comments?post=3961"}],"wp:featuredmedia":[{"embeddable":true,"href":"https:\/\/accentwall.eu\/ro\/wp-json\/wp\/v2\/media\/2417"}],"wp:attachment":[{"href":"https:\/\/accentwall.eu\/ro\/wp-json\/wp\/v2\/media?parent=3961"}],"wp:term":[{"taxonomy":"product_brand","embeddable":true,"href":"https:\/\/accentwall.eu\/ro\/wp-json\/wp\/v2\/product_brand?post=3961"},{"taxonomy":"product_cat","embeddable":true,"href":"https:\/\/accentwall.eu\/ro\/wp-json\/wp\/v2\/product_cat?post=3961"},{"taxonomy":"product_tag","embeddable":true,"href":"https:\/\/accentwall.eu\/ro\/wp-json\/wp\/v2\/product_tag?post=3961"}],"curies":[{"name":"wp","href":"https:\/\/api.w.org\/{rel}","templated":true}]}}