{"id":3964,"date":"2025-03-20T15:12:39","date_gmt":"2025-03-20T15:12:39","guid":{"rendered":"https:\/\/accentwall.eu\/product\/kissing-gates\/"},"modified":"2025-05-12T07:38:46","modified_gmt":"2025-05-12T07:38:46","slug":"kissing-gates","status":"publish","type":"product","link":"https:\/\/accentwall.eu\/ro\/produs\/kissing-gates\/","title":{"rendered":"Kissing Gates"},"content":{"rendered":"<p>Dac\u0103 ave\u021bi o \u00eenc\u0103pere care are nevoie de mai mult\u0103 profunzime, acesta este tapetul mural care v\u0103 va salva. Acest model va face spa\u021biul s\u0103 par\u0103 mai mare deoarece ofer\u0103 o senza\u021bie tridimensional\u0103. Plin de personalitate, tapetul mural Kissing Gates va face un perete excelent \u0219i va ar\u0103ta deosebit de atr\u0103g\u0103tor \u00eentr-o camer\u0103 decorat\u0103 cu mobilier modern.<\/p>\n<p>Tapet de calitate premium de 350 g | Ne\u021besut | Suprafa\u021b\u0103 texturat\u0103 | Adezivul de aplic\u0103 doar pe suprafa\u021ba peretelui | Suprafa\u021b\u0103 rezistent\u0103 la ap\u0103 | Durabil \u0219i rezistent la zg\u00e2rieturi<\/p>\n","protected":false},"excerpt":{"rendered":"<p>Dac\u0103 ave\u021bi o \u00eenc\u0103pere care are nevoie de mai mult\u0103 profunzime, acesta este tapetul mural care v\u0103 va salva. Acest model va face spa\u021biul s\u0103 par\u0103 mai mare deoarece ofer\u0103 o senza\u021bie tridimensional\u0103. Plin de personalitate, tapetul mural Kissing Gates va face un perete excelent \u0219i va ar\u0103ta deosebit de atr\u0103g\u0103tor \u00eentr-o camer\u0103 decorat\u0103 cu mobilier modern.<\/p>\n<p>Tapet de calitate premium de 350 g | Ne\u021besut | Suprafa\u021b\u0103 texturat\u0103 | Adezivul de aplic\u0103 doar pe suprafa\u021ba peretelui | Suprafa\u021b\u0103 rezistent\u0103 la ap\u0103 | Durabil \u0219i rezistent la zg\u00e2rieturi<\/p>\n","protected":false},"author":1,"featured_media":2420,"comment_status":"open","ping_status":"closed","template":"","meta":{"_acf_changed":false},"product_brand":[],"product_cat":[172],"product_tag":[],"class_list":{"0":"post-3964","1":"product","2":"type-product","3":"status-publish","4":"has-post-thumbnail","6":"product_cat-wallpaper-murals-ro","7":"product_shipping_class-large-goods-ro","9":"first","10":"instock","11":"shipping-taxable","12":"purchasable","13":"product-type-variable"},"acf":[],"_links":{"self":[{"href":"https:\/\/accentwall.eu\/ro\/wp-json\/wp\/v2\/product\/3964","targetHints":{"allow":["GET"]}}],"collection":[{"href":"https:\/\/accentwall.eu\/ro\/wp-json\/wp\/v2\/product"}],"about":[{"href":"https:\/\/accentwall.eu\/ro\/wp-json\/wp\/v2\/types\/product"}],"author":[{"embeddable":true,"href":"https:\/\/accentwall.eu\/ro\/wp-json\/wp\/v2\/users\/1"}],"replies":[{"embeddable":true,"href":"https:\/\/accentwall.eu\/ro\/wp-json\/wp\/v2\/comments?post=3964"}],"wp:featuredmedia":[{"embeddable":true,"href":"https:\/\/accentwall.eu\/ro\/wp-json\/wp\/v2\/media\/2420"}],"wp:attachment":[{"href":"https:\/\/accentwall.eu\/ro\/wp-json\/wp\/v2\/media?parent=3964"}],"wp:term":[{"taxonomy":"product_brand","embeddable":true,"href":"https:\/\/accentwall.eu\/ro\/wp-json\/wp\/v2\/product_brand?post=3964"},{"taxonomy":"product_cat","embeddable":true,"href":"https:\/\/accentwall.eu\/ro\/wp-json\/wp\/v2\/product_cat?post=3964"},{"taxonomy":"product_tag","embeddable":true,"href":"https:\/\/accentwall.eu\/ro\/wp-json\/wp\/v2\/product_tag?post=3964"}],"curies":[{"name":"wp","href":"https:\/\/api.w.org\/{rel}","templated":true}]}}