{"id":3967,"date":"2025-03-20T15:12:39","date_gmt":"2025-03-20T15:12:39","guid":{"rendered":"https:\/\/accentwall.eu\/product\/iris\/"},"modified":"2025-05-12T07:41:36","modified_gmt":"2025-05-12T07:41:36","slug":"iris","status":"publish","type":"product","link":"https:\/\/accentwall.eu\/ro\/produs\/iris\/","title":{"rendered":"Iris"},"content":{"rendered":"<p>Cu designul s\u0103u floral supradimensionat, aceast tapet mural aduce accente uluitoare \u00eentr-un living contemporan, \u00eentr-un dormitor eclectic sau \u00eentr-o zon\u0103 de luat masa minimalist\u0103. Disponibil \u00een trei variante de culoare, pute\u021bi alege \u00eentre nuan\u021be delicate, feminine \u0219i tonuri profunde, dramatice, care vor face cu siguran\u021b\u0103 orice interior s\u0103 \u00eenfloreasc\u0103 cu stil. Asocia\u021bi tapetul mural Iris cu mobilierul dumneavoastr\u0103 preferat \u0219i urm\u0103ri\u021bi-l transform\u00e2ndu-v\u0103 casa f\u0103r\u0103 efort.<\/p>\n<p>Tapet de calitate premium de 350 g | Ne\u021besut | Suprafa\u021b\u0103 texturat\u0103 | Adezivul de aplic\u0103 doar pe suprafa\u021ba peretelui | Suprafa\u021b\u0103 rezistent\u0103 la ap\u0103 | Durabil \u0219i rezistent la zg\u00e2rieturi<\/p>\n","protected":false},"excerpt":{"rendered":"<p>Cu designul s\u0103u floral supradimensionat, aceast tapet mural aduce accente uluitoare \u00eentr-un living contemporan, \u00eentr-un dormitor eclectic sau \u00eentr-o zon\u0103 de luat masa minimalist\u0103. Disponibil \u00een trei variante de culoare, pute\u021bi alege \u00eentre nuan\u021be delicate, feminine \u0219i tonuri profunde, dramatice, care vor face cu siguran\u021b\u0103 orice interior s\u0103 \u00eenfloreasc\u0103 cu stil. Asocia\u021bi tapetul mural Iris cu mobilierul dumneavoastr\u0103 preferat \u0219i urm\u0103ri\u021bi-l transform\u00e2ndu-v\u0103 casa f\u0103r\u0103 efort.<\/p>\n<p>Tapet de calitate premium de 350 g | Ne\u021besut | Suprafa\u021b\u0103 texturat\u0103 | Adezivul de aplic\u0103 doar pe suprafa\u021ba peretelui | Suprafa\u021b\u0103 rezistent\u0103 la ap\u0103 | Durabil \u0219i rezistent la zg\u00e2rieturi<\/p>\n","protected":false},"author":1,"featured_media":2423,"comment_status":"open","ping_status":"closed","template":"","meta":{"_acf_changed":false},"product_brand":[],"product_cat":[172],"product_tag":[],"class_list":{"0":"post-3967","1":"product","2":"type-product","3":"status-publish","4":"has-post-thumbnail","6":"product_cat-wallpaper-murals-ro","7":"product_shipping_class-large-goods-ro","9":"first","10":"instock","11":"shipping-taxable","12":"purchasable","13":"product-type-variable"},"acf":[],"_links":{"self":[{"href":"https:\/\/accentwall.eu\/ro\/wp-json\/wp\/v2\/product\/3967","targetHints":{"allow":["GET"]}}],"collection":[{"href":"https:\/\/accentwall.eu\/ro\/wp-json\/wp\/v2\/product"}],"about":[{"href":"https:\/\/accentwall.eu\/ro\/wp-json\/wp\/v2\/types\/product"}],"author":[{"embeddable":true,"href":"https:\/\/accentwall.eu\/ro\/wp-json\/wp\/v2\/users\/1"}],"replies":[{"embeddable":true,"href":"https:\/\/accentwall.eu\/ro\/wp-json\/wp\/v2\/comments?post=3967"}],"wp:featuredmedia":[{"embeddable":true,"href":"https:\/\/accentwall.eu\/ro\/wp-json\/wp\/v2\/media\/2423"}],"wp:attachment":[{"href":"https:\/\/accentwall.eu\/ro\/wp-json\/wp\/v2\/media?parent=3967"}],"wp:term":[{"taxonomy":"product_brand","embeddable":true,"href":"https:\/\/accentwall.eu\/ro\/wp-json\/wp\/v2\/product_brand?post=3967"},{"taxonomy":"product_cat","embeddable":true,"href":"https:\/\/accentwall.eu\/ro\/wp-json\/wp\/v2\/product_cat?post=3967"},{"taxonomy":"product_tag","embeddable":true,"href":"https:\/\/accentwall.eu\/ro\/wp-json\/wp\/v2\/product_tag?post=3967"}],"curies":[{"name":"wp","href":"https:\/\/api.w.org\/{rel}","templated":true}]}}