{"id":3979,"date":"2025-03-20T15:12:49","date_gmt":"2025-03-20T15:12:49","guid":{"rendered":"https:\/\/accentwall.eu\/product\/towery-grove\/"},"modified":"2025-05-12T07:46:23","modified_gmt":"2025-05-12T07:46:23","slug":"towery-grove","status":"publish","type":"product","link":"https:\/\/accentwall.eu\/ro\/produs\/towery-grove\/","title":{"rendered":"Towery Grove"},"content":{"rendered":"<p>Asem\u0103n\u0103toare unei dumbrave de copaci falnici, aceast\u0103 pictur\u0103 mural\u0103 cu tonuri moi este un model repetat care poate fi decorat \u00eentr-o varietate de moduri. Proiectat av\u00e2nd \u00een vedere simplitatea, tapetul Towery Grove este alegerea perfect\u0103 pentru un spa\u021biu interior minimalist care are nevoie de un frumos sentiment de ad\u00e2ncime \u0219i de o not\u0103 de elegan\u021b\u0103 \u0219i stil. Asocia\u021bi-l cu mobilier contemporan \u0219i fi\u021bi siguri c\u0103 ve\u021bi crea un spa\u021biu care cu siguran\u021b\u0103 va impresiona.<\/p>\n<p>Tapet de calitate premium de 350 g | Ne\u021besut | Suprafa\u021b\u0103 texturat\u0103 | Adezivul de aplic\u0103 doar pe suprafa\u021ba peretelui | Suprafa\u021b\u0103 rezistent\u0103 la ap\u0103 | Durabil \u0219i rezistent la zg\u00e2rieturi<\/p>\n","protected":false},"excerpt":{"rendered":"<p>Asem\u0103n\u0103toare unei dumbrave de copaci falnici, aceast\u0103 pictur\u0103 mural\u0103 cu tonuri moi este un model repetat care poate fi decorat \u00eentr-o varietate de moduri. Proiectat av\u00e2nd \u00een vedere simplitatea, tapetul Towery Grove este alegerea perfect\u0103 pentru un spa\u021biu interior minimalist care are nevoie de un frumos sentiment de ad\u00e2ncime \u0219i de o not\u0103 de elegan\u021b\u0103 \u0219i stil. Asocia\u021bi-l cu mobilier contemporan \u0219i fi\u021bi siguri c\u0103 ve\u021bi crea un spa\u021biu care cu siguran\u021b\u0103 va impresiona.<\/p>\n<p>Tapet de calitate premium de 350 g | Ne\u021besut | Suprafa\u021b\u0103 texturat\u0103 | Adezivul de aplic\u0103 doar pe suprafa\u021ba peretelui | Suprafa\u021b\u0103 rezistent\u0103 la ap\u0103 | Durabil \u0219i rezistent la zg\u00e2rieturi<\/p>\n","protected":false},"author":1,"featured_media":2435,"comment_status":"open","ping_status":"closed","template":"","meta":{"_acf_changed":false},"product_brand":[],"product_cat":[172],"product_tag":[],"class_list":{"0":"post-3979","1":"product","2":"type-product","3":"status-publish","4":"has-post-thumbnail","6":"product_cat-wallpaper-murals-ro","7":"product_shipping_class-large-goods-ro","9":"first","10":"instock","11":"shipping-taxable","12":"purchasable","13":"product-type-variable"},"acf":[],"_links":{"self":[{"href":"https:\/\/accentwall.eu\/ro\/wp-json\/wp\/v2\/product\/3979","targetHints":{"allow":["GET"]}}],"collection":[{"href":"https:\/\/accentwall.eu\/ro\/wp-json\/wp\/v2\/product"}],"about":[{"href":"https:\/\/accentwall.eu\/ro\/wp-json\/wp\/v2\/types\/product"}],"author":[{"embeddable":true,"href":"https:\/\/accentwall.eu\/ro\/wp-json\/wp\/v2\/users\/1"}],"replies":[{"embeddable":true,"href":"https:\/\/accentwall.eu\/ro\/wp-json\/wp\/v2\/comments?post=3979"}],"wp:featuredmedia":[{"embeddable":true,"href":"https:\/\/accentwall.eu\/ro\/wp-json\/wp\/v2\/media\/2435"}],"wp:attachment":[{"href":"https:\/\/accentwall.eu\/ro\/wp-json\/wp\/v2\/media?parent=3979"}],"wp:term":[{"taxonomy":"product_brand","embeddable":true,"href":"https:\/\/accentwall.eu\/ro\/wp-json\/wp\/v2\/product_brand?post=3979"},{"taxonomy":"product_cat","embeddable":true,"href":"https:\/\/accentwall.eu\/ro\/wp-json\/wp\/v2\/product_cat?post=3979"},{"taxonomy":"product_tag","embeddable":true,"href":"https:\/\/accentwall.eu\/ro\/wp-json\/wp\/v2\/product_tag?post=3979"}],"curies":[{"name":"wp","href":"https:\/\/api.w.org\/{rel}","templated":true}]}}