{"id":3983,"date":"2025-03-20T15:12:50","date_gmt":"2025-03-20T15:12:50","guid":{"rendered":"https:\/\/accentwall.eu\/product\/gradient\/"},"modified":"2025-05-12T07:47:13","modified_gmt":"2025-05-12T07:47:13","slug":"gradient","status":"publish","type":"product","link":"https:\/\/accentwall.eu\/ro\/produs\/gradient\/","title":{"rendered":"Gradient"},"content":{"rendered":"<p>Dac\u0103 \u00ee\u021bi dore\u0219ti un element dramatic \u00een decorul t\u0103u, atunci acesta este tapetul care te va ajuta s\u0103 realizezi acest lucru. Disponibil \u00een dou\u0103 variante de culoare, pute\u021bi alege \u00eentre gri \u00eenchis \u0219i albastru pentru a ad\u0103uga un aspect unic \u0219i luxos camerei dumneavoastr\u0103. Cu designul s\u0103u de draperii, pictura mural\u0103 Gradient poate fi asociat\u0103 cu mobilier modern sau clasic pentru a se potrivi gustului dumneavoastr\u0103 personal.<\/p>\n<p>Tapet de calitate premium de 350 g | Ne\u021besut | Suprafa\u021b\u0103 texturat\u0103 | Adezivul de aplic\u0103 doar pe suprafa\u021ba peretelui | Suprafa\u021b\u0103 rezistent\u0103 la ap\u0103 | Durabil \u0219i rezistent la zg\u00e2rieturi<\/p>\n","protected":false},"excerpt":{"rendered":"<p>Dac\u0103 \u00ee\u021bi dore\u0219ti un element dramatic \u00een decorul t\u0103u, atunci acesta este tapetul care te va ajuta s\u0103 realizezi acest lucru. Disponibil \u00een dou\u0103 variante de culoare, pute\u021bi alege \u00eentre gri \u00eenchis \u0219i albastru pentru a ad\u0103uga un aspect unic \u0219i luxos camerei dumneavoastr\u0103. Cu designul s\u0103u de draperii, pictura mural\u0103 Gradient poate fi asociat\u0103 cu mobilier modern sau clasic pentru a se potrivi gustului dumneavoastr\u0103 personal.<\/p>\n<p>Tapet de calitate premium de 350 g | Ne\u021besut | Suprafa\u021b\u0103 texturat\u0103 | Adezivul de aplic\u0103 doar pe suprafa\u021ba peretelui | Suprafa\u021b\u0103 rezistent\u0103 la ap\u0103 | Durabil \u0219i rezistent la zg\u00e2rieturi<\/p>\n","protected":false},"author":1,"featured_media":2439,"comment_status":"open","ping_status":"closed","template":"","meta":{"_acf_changed":false},"product_brand":[],"product_cat":[172],"product_tag":[],"class_list":{"0":"post-3983","1":"product","2":"type-product","3":"status-publish","4":"has-post-thumbnail","6":"product_cat-wallpaper-murals-ro","7":"product_shipping_class-large-goods-ro","9":"first","10":"instock","11":"shipping-taxable","12":"purchasable","13":"product-type-variable"},"acf":[],"_links":{"self":[{"href":"https:\/\/accentwall.eu\/ro\/wp-json\/wp\/v2\/product\/3983","targetHints":{"allow":["GET"]}}],"collection":[{"href":"https:\/\/accentwall.eu\/ro\/wp-json\/wp\/v2\/product"}],"about":[{"href":"https:\/\/accentwall.eu\/ro\/wp-json\/wp\/v2\/types\/product"}],"author":[{"embeddable":true,"href":"https:\/\/accentwall.eu\/ro\/wp-json\/wp\/v2\/users\/1"}],"replies":[{"embeddable":true,"href":"https:\/\/accentwall.eu\/ro\/wp-json\/wp\/v2\/comments?post=3983"}],"wp:featuredmedia":[{"embeddable":true,"href":"https:\/\/accentwall.eu\/ro\/wp-json\/wp\/v2\/media\/2439"}],"wp:attachment":[{"href":"https:\/\/accentwall.eu\/ro\/wp-json\/wp\/v2\/media?parent=3983"}],"wp:term":[{"taxonomy":"product_brand","embeddable":true,"href":"https:\/\/accentwall.eu\/ro\/wp-json\/wp\/v2\/product_brand?post=3983"},{"taxonomy":"product_cat","embeddable":true,"href":"https:\/\/accentwall.eu\/ro\/wp-json\/wp\/v2\/product_cat?post=3983"},{"taxonomy":"product_tag","embeddable":true,"href":"https:\/\/accentwall.eu\/ro\/wp-json\/wp\/v2\/product_tag?post=3983"}],"curies":[{"name":"wp","href":"https:\/\/api.w.org\/{rel}","templated":true}]}}