{"id":4021,"date":"2025-03-20T15:13:00","date_gmt":"2025-03-20T15:13:00","guid":{"rendered":"https:\/\/accentwall.eu\/product\/pebbly\/"},"modified":"2025-05-12T08:01:04","modified_gmt":"2025-05-12T08:01:04","slug":"pebbly","status":"publish","type":"product","link":"https:\/\/accentwall.eu\/ro\/produs\/pebbly\/","title":{"rendered":"Pebbly"},"content":{"rendered":"<p>Tapetul Pebbly prezint\u0103 o varietate de forme \u0219i culori abstracte menite s\u0103 aduc\u0103 un aspect complet nou interiorului dumneavoastr\u0103. Acest tapet abstract, \u00een nuan\u021be de maro \u0219i violet este perfect pentru decorarea unei \u00eenc\u0103peri contemporane \u0219i va crea un punct focal care va atrage privirea oaspe\u021bilor ani de-a r\u00e2ndul. Bucura\u021bi-v\u0103 de un decor senin \u0219i armonios, combin\u00e2nd formele abstracte ale tapetului Pebbly inspirate din natur\u0103 cu mobilier minimalist \u0219i tonuri \u0219i texturi organice.<\/p>\n<p>Tapet de calitate premium de 350 g | Ne\u021besut | Suprafa\u021b\u0103 texturat\u0103 | Adezivul de aplic\u0103 doar pe suprafa\u021ba peretelui | Suprafa\u021b\u0103 rezistent\u0103 la ap\u0103 | Durabil \u0219i rezistent la zg\u00e2rieturi<\/p>\n","protected":false},"excerpt":{"rendered":"<p>Tapetul Pebbly prezint\u0103 o varietate de forme \u0219i culori abstracte menite s\u0103 aduc\u0103 un aspect complet nou interiorului dumneavoastr\u0103. Acest tapet abstract, \u00een nuan\u021be de maro \u0219i violet este perfect pentru decorarea unei \u00eenc\u0103peri contemporane \u0219i va crea un punct focal care va atrage privirea oaspe\u021bilor ani de-a r\u00e2ndul. Bucura\u021bi-v\u0103 de un decor senin \u0219i armonios, combin\u00e2nd formele abstracte ale tapetului Pebbly inspirate din natur\u0103 cu mobilier minimalist \u0219i tonuri \u0219i texturi organice.<\/p>\n<p>Tapet de calitate premium de 350 g | Ne\u021besut | Suprafa\u021b\u0103 texturat\u0103 | Adezivul de aplic\u0103 doar pe suprafa\u021ba peretelui | Suprafa\u021b\u0103 rezistent\u0103 la ap\u0103 | Durabil \u0219i rezistent la zg\u00e2rieturi<\/p>\n","protected":false},"author":1,"featured_media":2475,"comment_status":"open","ping_status":"closed","template":"","meta":{"_acf_changed":false},"product_brand":[],"product_cat":[172],"product_tag":[],"class_list":{"0":"post-4021","1":"product","2":"type-product","3":"status-publish","4":"has-post-thumbnail","6":"product_cat-wallpaper-murals-ro","7":"product_shipping_class-large-goods-ro","9":"first","10":"instock","11":"shipping-taxable","12":"purchasable","13":"product-type-variable"},"acf":[],"_links":{"self":[{"href":"https:\/\/accentwall.eu\/ro\/wp-json\/wp\/v2\/product\/4021","targetHints":{"allow":["GET"]}}],"collection":[{"href":"https:\/\/accentwall.eu\/ro\/wp-json\/wp\/v2\/product"}],"about":[{"href":"https:\/\/accentwall.eu\/ro\/wp-json\/wp\/v2\/types\/product"}],"author":[{"embeddable":true,"href":"https:\/\/accentwall.eu\/ro\/wp-json\/wp\/v2\/users\/1"}],"replies":[{"embeddable":true,"href":"https:\/\/accentwall.eu\/ro\/wp-json\/wp\/v2\/comments?post=4021"}],"wp:featuredmedia":[{"embeddable":true,"href":"https:\/\/accentwall.eu\/ro\/wp-json\/wp\/v2\/media\/2475"}],"wp:attachment":[{"href":"https:\/\/accentwall.eu\/ro\/wp-json\/wp\/v2\/media?parent=4021"}],"wp:term":[{"taxonomy":"product_brand","embeddable":true,"href":"https:\/\/accentwall.eu\/ro\/wp-json\/wp\/v2\/product_brand?post=4021"},{"taxonomy":"product_cat","embeddable":true,"href":"https:\/\/accentwall.eu\/ro\/wp-json\/wp\/v2\/product_cat?post=4021"},{"taxonomy":"product_tag","embeddable":true,"href":"https:\/\/accentwall.eu\/ro\/wp-json\/wp\/v2\/product_tag?post=4021"}],"curies":[{"name":"wp","href":"https:\/\/api.w.org\/{rel}","templated":true}]}}