{"id":4024,"date":"2025-03-20T15:13:00","date_gmt":"2025-03-20T15:13:00","guid":{"rendered":"https:\/\/accentwall.eu\/product\/novellae\/"},"modified":"2025-05-12T08:02:08","modified_gmt":"2025-05-12T08:02:08","slug":"novellae","status":"publish","type":"product","link":"https:\/\/accentwall.eu\/ro\/produs\/novellae\/","title":{"rendered":"Novellae"},"content":{"rendered":"<p>Celebr\u00e2nd natura, tapetul mural Novellae care prezint\u0103 coroana delicat\u0103 a unui copac cu crengi \u0219i frunze \u00een culori naturale, \u00eentr-un stil de pictur\u0103 \u00een acuarel\u0103, este perfect pentru a crea un spa\u021biu lini\u0219titor. Acest tapet cu copac \u00een acuarel\u0103, neutru \u0219i elegant, se potrive\u0219te excelent \u00een orice camer\u0103 \u0219i poate fi asortat cu multe stiluri de mobilier.<\/p>\n<p>Tapet de calitate premium de 350 g | Ne\u021besut | Suprafa\u021b\u0103 texturat\u0103 | Adezivul de aplic\u0103 doar pe suprafa\u021ba peretelui | Suprafa\u021b\u0103 rezistent\u0103 la ap\u0103 | Durabil \u0219i rezistent la zg\u00e2rieturi<\/p>\n","protected":false},"excerpt":{"rendered":"<p>Celebr\u00e2nd natura, tapetul mural Novellae care prezint\u0103 coroana delicat\u0103 a unui copac cu crengi \u0219i frunze \u00een culori naturale, \u00eentr-un stil de pictur\u0103 \u00een acuarel\u0103, este perfect pentru a crea un spa\u021biu lini\u0219titor. Acest tapet cu copac \u00een acuarel\u0103, neutru \u0219i elegant, se potrive\u0219te excelent \u00een orice camer\u0103 \u0219i poate fi asortat cu multe stiluri de mobilier.<\/p>\n<p>Tapet de calitate premium de 350 g | Ne\u021besut | Suprafa\u021b\u0103 texturat\u0103 | Adezivul de aplic\u0103 doar pe suprafa\u021ba peretelui | Suprafa\u021b\u0103 rezistent\u0103 la ap\u0103 | Durabil \u0219i rezistent la zg\u00e2rieturi<\/p>\n","protected":false},"author":1,"featured_media":2478,"comment_status":"open","ping_status":"closed","template":"","meta":{"_acf_changed":false},"product_brand":[],"product_cat":[172],"product_tag":[],"class_list":{"0":"post-4024","1":"product","2":"type-product","3":"status-publish","4":"has-post-thumbnail","6":"product_cat-wallpaper-murals-ro","7":"product_shipping_class-large-goods-ro","9":"first","10":"instock","11":"shipping-taxable","12":"purchasable","13":"product-type-variable"},"acf":[],"_links":{"self":[{"href":"https:\/\/accentwall.eu\/ro\/wp-json\/wp\/v2\/product\/4024","targetHints":{"allow":["GET"]}}],"collection":[{"href":"https:\/\/accentwall.eu\/ro\/wp-json\/wp\/v2\/product"}],"about":[{"href":"https:\/\/accentwall.eu\/ro\/wp-json\/wp\/v2\/types\/product"}],"author":[{"embeddable":true,"href":"https:\/\/accentwall.eu\/ro\/wp-json\/wp\/v2\/users\/1"}],"replies":[{"embeddable":true,"href":"https:\/\/accentwall.eu\/ro\/wp-json\/wp\/v2\/comments?post=4024"}],"wp:featuredmedia":[{"embeddable":true,"href":"https:\/\/accentwall.eu\/ro\/wp-json\/wp\/v2\/media\/2478"}],"wp:attachment":[{"href":"https:\/\/accentwall.eu\/ro\/wp-json\/wp\/v2\/media?parent=4024"}],"wp:term":[{"taxonomy":"product_brand","embeddable":true,"href":"https:\/\/accentwall.eu\/ro\/wp-json\/wp\/v2\/product_brand?post=4024"},{"taxonomy":"product_cat","embeddable":true,"href":"https:\/\/accentwall.eu\/ro\/wp-json\/wp\/v2\/product_cat?post=4024"},{"taxonomy":"product_tag","embeddable":true,"href":"https:\/\/accentwall.eu\/ro\/wp-json\/wp\/v2\/product_tag?post=4024"}],"curies":[{"name":"wp","href":"https:\/\/api.w.org\/{rel}","templated":true}]}}