{"id":4038,"date":"2025-03-20T15:13:19","date_gmt":"2025-03-20T15:13:19","guid":{"rendered":"https:\/\/accentwall.eu\/product\/ink-wink\/"},"modified":"2025-05-12T08:18:24","modified_gmt":"2025-05-12T08:18:24","slug":"ink-wink","status":"publish","type":"product","link":"https:\/\/accentwall.eu\/ro\/produs\/ink-wink\/","title":{"rendered":"Ink Wink"},"content":{"rendered":"<p>Prezent\u00e2nd o pictur\u0103 abstract\u0103 cu cerneal\u0103 v\u0103rsat\u0103 \u00een nuan\u021be de albastru sau verde, combinate cu tu\u0219e de praf auriu, tapetul mural Ink Wink cu siguran\u021b\u0103 va face o declara\u021bie \u00een spa\u021biul dumneavoastr\u0103. Pic\u0103turile, liniile, straturile abstracte \u0219i ad\u00e2ncimea care dau via\u021b\u0103 tapetului sunt create prin diferite tonuri. Combina\u021bi tapetul mural Ink Wink cu mobilier modern sau minimalist \u0219i ve\u021bi crea un spectacol uluitor.<\/p>\n<p>Tapet de calitate premium de 350 g | Ne\u021besut | Suprafa\u021b\u0103 texturat\u0103 | Adezivul de aplic\u0103 doar pe suprafa\u021ba peretelui | Suprafa\u021b\u0103 rezistent\u0103 la ap\u0103 | Durabil \u0219i rezistent la zg\u00e2rieturi<\/p>\n","protected":false},"excerpt":{"rendered":"<p>Prezent\u00e2nd o pictur\u0103 abstract\u0103 cu cerneal\u0103 v\u0103rsat\u0103 \u00een nuan\u021be de albastru sau verde, combinate cu tu\u0219e de praf auriu, tapetul mural Ink Wink cu siguran\u021b\u0103 va face o declara\u021bie \u00een spa\u021biul dumneavoastr\u0103. Pic\u0103turile, liniile, straturile abstracte \u0219i ad\u00e2ncimea care dau via\u021b\u0103 tapetului sunt create prin diferite tonuri. Combina\u021bi tapetul mural Ink Wink cu mobilier modern sau minimalist \u0219i ve\u021bi crea un spectacol uluitor.<\/p>\n<p>Tapet de calitate premium de 350 g | Ne\u021besut | Suprafa\u021b\u0103 texturat\u0103 | Adezivul de aplic\u0103 doar pe suprafa\u021ba peretelui | Suprafa\u021b\u0103 rezistent\u0103 la ap\u0103 | Durabil \u0219i rezistent la zg\u00e2rieturi<\/p>\n","protected":false},"author":1,"featured_media":2490,"comment_status":"open","ping_status":"closed","template":"","meta":{"_acf_changed":false},"product_brand":[],"product_cat":[172],"product_tag":[],"class_list":{"0":"post-4038","1":"product","2":"type-product","3":"status-publish","4":"has-post-thumbnail","6":"product_cat-wallpaper-murals-ro","7":"product_shipping_class-large-goods-ro","9":"first","10":"instock","11":"shipping-taxable","12":"purchasable","13":"product-type-variable"},"acf":[],"_links":{"self":[{"href":"https:\/\/accentwall.eu\/ro\/wp-json\/wp\/v2\/product\/4038","targetHints":{"allow":["GET"]}}],"collection":[{"href":"https:\/\/accentwall.eu\/ro\/wp-json\/wp\/v2\/product"}],"about":[{"href":"https:\/\/accentwall.eu\/ro\/wp-json\/wp\/v2\/types\/product"}],"author":[{"embeddable":true,"href":"https:\/\/accentwall.eu\/ro\/wp-json\/wp\/v2\/users\/1"}],"replies":[{"embeddable":true,"href":"https:\/\/accentwall.eu\/ro\/wp-json\/wp\/v2\/comments?post=4038"}],"wp:featuredmedia":[{"embeddable":true,"href":"https:\/\/accentwall.eu\/ro\/wp-json\/wp\/v2\/media\/2490"}],"wp:attachment":[{"href":"https:\/\/accentwall.eu\/ro\/wp-json\/wp\/v2\/media?parent=4038"}],"wp:term":[{"taxonomy":"product_brand","embeddable":true,"href":"https:\/\/accentwall.eu\/ro\/wp-json\/wp\/v2\/product_brand?post=4038"},{"taxonomy":"product_cat","embeddable":true,"href":"https:\/\/accentwall.eu\/ro\/wp-json\/wp\/v2\/product_cat?post=4038"},{"taxonomy":"product_tag","embeddable":true,"href":"https:\/\/accentwall.eu\/ro\/wp-json\/wp\/v2\/product_tag?post=4038"}],"curies":[{"name":"wp","href":"https:\/\/api.w.org\/{rel}","templated":true}]}}