{"id":4041,"date":"2025-03-20T15:13:19","date_gmt":"2025-03-20T15:13:19","guid":{"rendered":"https:\/\/accentwall.eu\/product\/tropical-hygge\/"},"modified":"2025-05-12T08:19:10","modified_gmt":"2025-05-12T08:19:10","slug":"tropical-hygge","status":"publish","type":"product","link":"https:\/\/accentwall.eu\/ro\/produs\/tropical-hygge\/","title":{"rendered":"Tropical Hygge"},"content":{"rendered":"<p>Bucura\u021bi-v\u0103 de atmosfera pl\u0103cut\u0103, confortabil\u0103 \u0219i proasp\u0103t\u0103 pe care tapetul Tropical Hygge o creaz\u0103, ca o dup\u0103-amiaz\u0103 tropical\u0103. Pentru acest tapet cu frunze din jungl\u0103 am dorit s\u0103 cre\u0103m senza\u021bia de ad\u00e2ncime prin suprapunerea frunzelor de la diferite specii de palmieri. Fundalul grunjos \u0219i, de asemenea, diferitele varia\u021bii de culori, verde cu ruginiu, verde cu mov \u0219i tonuri vintage de albastru sau verde creeaz\u0103 o ambian\u021b\u0103 lini\u0219titoare care v\u0103 a\u0219teapt\u0103 \u00een spa\u021biul dumneavoastr\u0103 de relaxare, dormitor sau living dup\u0103 o zi stresant\u0103. Potrivi\u021bi tapetul mural Tropical Hygge cu mobilier modern, minimalist \u0219i l\u0103sa\u021bi rezultatul s\u0103 vorbeasc\u0103 de la sine.<\/p>\n<p>Nu g\u0103si\u021bi culoarea sau tonurile de care ave\u021bi nevoie pentru proiectul dumneavoastr\u0103? Nici o problem\u0103, echipa noastr\u0103 va personaliza culorile pentru a se potrivi perfect cu stilul dumneavoastr\u0103.<\/p>\n<p>Tapet de calitate premium de 350 g | Ne\u021besut | Suprafa\u021b\u0103 texturat\u0103 | Adezivul de aplic\u0103 doar pe suprafa\u021ba peretelui | Suprafa\u021b\u0103 rezistent\u0103 la ap\u0103 | Durabil \u0219i rezistent la zg\u00e2rieturi<\/p>\n","protected":false},"excerpt":{"rendered":"<p>Bucura\u021bi-v\u0103 de atmosfera pl\u0103cut\u0103, confortabil\u0103 \u0219i proasp\u0103t\u0103 pe care tapetul Tropical Hygge o creaz\u0103, ca o dup\u0103-amiaz\u0103 tropical\u0103. Pentru acest tapet cu frunze din jungl\u0103 am dorit s\u0103 cre\u0103m senza\u021bia de ad\u00e2ncime prin suprapunerea frunzelor de la diferite specii de palmieri. Fundalul grunjos \u0219i, de asemenea, diferitele varia\u021bii de culori, verde cu ruginiu, verde cu mov \u0219i tonuri vintage de albastru sau verde creeaz\u0103 o ambian\u021b\u0103 lini\u0219titoare care v\u0103 a\u0219teapt\u0103 \u00een spa\u021biul dumneavoastr\u0103 de relaxare, dormitor sau living dup\u0103 o zi stresant\u0103. Potrivi\u021bi tapetul mural Tropical Hygge cu mobilier modern, minimalist \u0219i l\u0103sa\u021bi rezultatul s\u0103 vorbeasc\u0103 de la sine.<\/p>\n<p>Nu g\u0103si\u021bi culoarea sau tonurile de care ave\u021bi nevoie pentru proiectul dumneavoastr\u0103? Nici o problem\u0103, echipa noastr\u0103 va personaliza culorile pentru a se potrivi perfect cu stilul dumneavoastr\u0103.<\/p>\n<p>Tapet de calitate premium de 350 g | Ne\u021besut | Suprafa\u021b\u0103 texturat\u0103 | Adezivul de aplic\u0103 doar pe suprafa\u021ba peretelui | Suprafa\u021b\u0103 rezistent\u0103 la ap\u0103 | Durabil \u0219i rezistent la zg\u00e2rieturi<\/p>\n","protected":false},"author":1,"featured_media":2493,"comment_status":"open","ping_status":"closed","template":"","meta":{"_acf_changed":false},"product_brand":[],"product_cat":[172],"product_tag":[],"class_list":{"0":"post-4041","1":"product","2":"type-product","3":"status-publish","4":"has-post-thumbnail","6":"product_cat-wallpaper-murals-ro","7":"product_shipping_class-large-goods-ro","9":"first","10":"instock","11":"shipping-taxable","12":"purchasable","13":"product-type-variable"},"acf":[],"_links":{"self":[{"href":"https:\/\/accentwall.eu\/ro\/wp-json\/wp\/v2\/product\/4041","targetHints":{"allow":["GET"]}}],"collection":[{"href":"https:\/\/accentwall.eu\/ro\/wp-json\/wp\/v2\/product"}],"about":[{"href":"https:\/\/accentwall.eu\/ro\/wp-json\/wp\/v2\/types\/product"}],"author":[{"embeddable":true,"href":"https:\/\/accentwall.eu\/ro\/wp-json\/wp\/v2\/users\/1"}],"replies":[{"embeddable":true,"href":"https:\/\/accentwall.eu\/ro\/wp-json\/wp\/v2\/comments?post=4041"}],"wp:featuredmedia":[{"embeddable":true,"href":"https:\/\/accentwall.eu\/ro\/wp-json\/wp\/v2\/media\/2493"}],"wp:attachment":[{"href":"https:\/\/accentwall.eu\/ro\/wp-json\/wp\/v2\/media?parent=4041"}],"wp:term":[{"taxonomy":"product_brand","embeddable":true,"href":"https:\/\/accentwall.eu\/ro\/wp-json\/wp\/v2\/product_brand?post=4041"},{"taxonomy":"product_cat","embeddable":true,"href":"https:\/\/accentwall.eu\/ro\/wp-json\/wp\/v2\/product_cat?post=4041"},{"taxonomy":"product_tag","embeddable":true,"href":"https:\/\/accentwall.eu\/ro\/wp-json\/wp\/v2\/product_tag?post=4041"}],"curies":[{"name":"wp","href":"https:\/\/api.w.org\/{rel}","templated":true}]}}