{"id":4048,"date":"2025-03-20T15:13:19","date_gmt":"2025-03-20T15:13:19","guid":{"rendered":"https:\/\/accentwall.eu\/product\/bamboo-brush\/"},"modified":"2025-05-12T08:19:51","modified_gmt":"2025-05-12T08:19:51","slug":"bamboo-brush","status":"publish","type":"product","link":"https:\/\/accentwall.eu\/ro\/produs\/bamboo-brush\/","title":{"rendered":"Bamboo Brush"},"content":{"rendered":"<p>Creeaz\u0103 o atmosfer\u0103 atemporal\u0103 \u00een casa ta cu designul nostru contemporan \u0219i la mod\u0103, Bamboo Brush.<\/p>\n<p>Acest tapet elegant a fost pictat \u00een tehnica acuarelei pe o h\u00e2rtie texturat\u0103 \u00een tonuri de culori pastelate. Pentru a c\u00e2\u0219tiga un plus de personalitate, am ad\u0103ugat pictura unei crengi de bambus, cu cerneal\u0103 \u00een stil japonez.<\/p>\n<p>\u0218tia\u021bi c\u0103 bambusul are superputeri de regenerare? Cu aceste g\u00e2nduri \u00een minte, am creat tapetul mural Bamboo Brush pentru a lucra la senza\u021bia de re\u00eenc\u0103rcare a energiilor corpului.<\/p>\n<p>Asocia\u021bi tapetul cu culori \u0219i texturi naturale, cu mobilier modern \u0219i l\u0103sa\u021bi-l s\u0103 v\u0103 impresioneze toate sim\u021burile.<\/p>\n<p>Tapet de calitate premium de 350 g | Ne\u021besut | Suprafa\u021b\u0103 texturat\u0103 | Adezivul de aplic\u0103 doar pe suprafa\u021ba peretelui | Suprafa\u021b\u0103 rezistent\u0103 la ap\u0103 | Durabil \u0219i rezistent la zg\u00e2rieturi<\/p>\n","protected":false},"excerpt":{"rendered":"<p>Creeaz\u0103 o atmosfer\u0103 atemporal\u0103 \u00een casa ta cu designul nostru contemporan \u0219i la mod\u0103, Bamboo Brush.<\/p>\n<p>Acest tapet elegant a fost pictat \u00een tehnica acuarelei pe o h\u00e2rtie texturat\u0103 \u00een tonuri de culori pastelate. Pentru a c\u00e2\u0219tiga un plus de personalitate, am ad\u0103ugat pictura unei crengi de bambus, cu cerneal\u0103 \u00een stil japonez.<\/p>\n<p>\u0218tia\u021bi c\u0103 bambusul are superputeri de regenerare? Cu aceste g\u00e2nduri \u00een minte, am creat tapetul mural Bamboo Brush pentru a lucra la senza\u021bia de re\u00eenc\u0103rcare a energiilor corpului.<\/p>\n<p>Asocia\u021bi tapetul cu culori \u0219i texturi naturale, cu mobilier modern \u0219i l\u0103sa\u021bi-l s\u0103 v\u0103 impresioneze toate sim\u021burile.<\/p>\n<p>Tapet de calitate premium de 350 g | Ne\u021besut | Suprafa\u021b\u0103 texturat\u0103 | Adezivul de aplic\u0103 doar pe suprafa\u021ba peretelui | Suprafa\u021b\u0103 rezistent\u0103 la ap\u0103 | Durabil \u0219i rezistent la zg\u00e2rieturi<\/p>\n","protected":false},"author":1,"featured_media":2500,"comment_status":"open","ping_status":"closed","template":"","meta":{"_acf_changed":false},"product_brand":[],"product_cat":[172],"product_tag":[],"class_list":{"0":"post-4048","1":"product","2":"type-product","3":"status-publish","4":"has-post-thumbnail","6":"product_cat-wallpaper-murals-ro","7":"product_shipping_class-large-goods-ro","9":"first","10":"instock","11":"shipping-taxable","12":"purchasable","13":"product-type-variable"},"acf":[],"_links":{"self":[{"href":"https:\/\/accentwall.eu\/ro\/wp-json\/wp\/v2\/product\/4048","targetHints":{"allow":["GET"]}}],"collection":[{"href":"https:\/\/accentwall.eu\/ro\/wp-json\/wp\/v2\/product"}],"about":[{"href":"https:\/\/accentwall.eu\/ro\/wp-json\/wp\/v2\/types\/product"}],"author":[{"embeddable":true,"href":"https:\/\/accentwall.eu\/ro\/wp-json\/wp\/v2\/users\/1"}],"replies":[{"embeddable":true,"href":"https:\/\/accentwall.eu\/ro\/wp-json\/wp\/v2\/comments?post=4048"}],"wp:featuredmedia":[{"embeddable":true,"href":"https:\/\/accentwall.eu\/ro\/wp-json\/wp\/v2\/media\/2500"}],"wp:attachment":[{"href":"https:\/\/accentwall.eu\/ro\/wp-json\/wp\/v2\/media?parent=4048"}],"wp:term":[{"taxonomy":"product_brand","embeddable":true,"href":"https:\/\/accentwall.eu\/ro\/wp-json\/wp\/v2\/product_brand?post=4048"},{"taxonomy":"product_cat","embeddable":true,"href":"https:\/\/accentwall.eu\/ro\/wp-json\/wp\/v2\/product_cat?post=4048"},{"taxonomy":"product_tag","embeddable":true,"href":"https:\/\/accentwall.eu\/ro\/wp-json\/wp\/v2\/product_tag?post=4048"}],"curies":[{"name":"wp","href":"https:\/\/api.w.org\/{rel}","templated":true}]}}