{"id":4052,"date":"2025-03-20T15:13:20","date_gmt":"2025-03-20T15:13:20","guid":{"rendered":"https:\/\/accentwall.eu\/product\/celestia\/"},"modified":"2025-05-12T08:20:51","modified_gmt":"2025-05-12T08:20:51","slug":"celestia","status":"publish","type":"product","link":"https:\/\/accentwall.eu\/ro\/produs\/celestia\/","title":{"rendered":"Celestia"},"content":{"rendered":"<p>Ura\u021bi-i bun venit noului tapet Celestia, cu un contrast simplu \u0219i minimalist, \u00een spa\u021biul dumneavoastr\u0103 \u0219i experimenta\u021bi efectul mistic pe care \u00eel \u00eenf\u0103\u021bi\u0219eaz\u0103.<\/p>\n<p>Acest tapet uimitor cu linii simple, cercuri \u0219i puncte, completat cu o textura de pete, v\u0103 va face camera s\u0103 ias\u0103 \u00een eviden\u021b\u0103. Prin efectele din grafic\u0103, designerii no\u0219tri au reu\u0219it s\u0103 creeze senza\u021bia de mi\u0219care printr-o alt\u0103 dimensiune, f\u0103c\u00e2nd astfel spa\u021biul s\u0103 par\u0103 mai mare dec\u00e2t este.<\/p>\n<p>Pute\u021bi alege dintre dou\u0103 variante de culori gata de utilizare, dar putem schimba oric\u00e2nd culorile tapetelor noastre pentru a se potrivi perfect cu mobilierul \u0219i designul dumneavoastr\u0103.<\/p>\n<p>Tapet de calitate premium de 350 g | Ne\u021besut | Suprafa\u021b\u0103 texturat\u0103 | Adezivul de aplic\u0103 doar pe suprafa\u021ba peretelui | Suprafa\u021b\u0103 rezistent\u0103 la ap\u0103 | Durabil \u0219i rezistent la zg\u00e2rieturi<\/p>\n","protected":false},"excerpt":{"rendered":"<p>Ura\u021bi-i bun venit noului tapet Celestia, cu un contrast simplu \u0219i minimalist, \u00een spa\u021biul dumneavoastr\u0103 \u0219i experimenta\u021bi efectul mistic pe care \u00eel \u00eenf\u0103\u021bi\u0219eaz\u0103.<\/p>\n<p>Acest tapet uimitor cu linii simple, cercuri \u0219i puncte, completat cu o textura de pete, v\u0103 va face camera s\u0103 ias\u0103 \u00een eviden\u021b\u0103. Prin efectele din grafic\u0103, designerii no\u0219tri au reu\u0219it s\u0103 creeze senza\u021bia de mi\u0219care printr-o alt\u0103 dimensiune, f\u0103c\u00e2nd astfel spa\u021biul s\u0103 par\u0103 mai mare dec\u00e2t este.<\/p>\n<p>Pute\u021bi alege dintre dou\u0103 variante de culori gata de utilizare, dar putem schimba oric\u00e2nd culorile tapetelor noastre pentru a se potrivi perfect cu mobilierul \u0219i designul dumneavoastr\u0103.<\/p>\n<p>Tapet de calitate premium de 350 g | Ne\u021besut | Suprafa\u021b\u0103 texturat\u0103 | Adezivul de aplic\u0103 doar pe suprafa\u021ba peretelui | Suprafa\u021b\u0103 rezistent\u0103 la ap\u0103 | Durabil \u0219i rezistent la zg\u00e2rieturi<\/p>\n","protected":false},"author":1,"featured_media":2504,"comment_status":"open","ping_status":"closed","template":"","meta":{"_acf_changed":false},"product_brand":[],"product_cat":[172],"product_tag":[],"class_list":{"0":"post-4052","1":"product","2":"type-product","3":"status-publish","4":"has-post-thumbnail","6":"product_cat-wallpaper-murals-ro","7":"product_shipping_class-large-goods-ro","9":"first","10":"instock","11":"shipping-taxable","12":"purchasable","13":"product-type-variable"},"acf":[],"_links":{"self":[{"href":"https:\/\/accentwall.eu\/ro\/wp-json\/wp\/v2\/product\/4052","targetHints":{"allow":["GET"]}}],"collection":[{"href":"https:\/\/accentwall.eu\/ro\/wp-json\/wp\/v2\/product"}],"about":[{"href":"https:\/\/accentwall.eu\/ro\/wp-json\/wp\/v2\/types\/product"}],"author":[{"embeddable":true,"href":"https:\/\/accentwall.eu\/ro\/wp-json\/wp\/v2\/users\/1"}],"replies":[{"embeddable":true,"href":"https:\/\/accentwall.eu\/ro\/wp-json\/wp\/v2\/comments?post=4052"}],"wp:featuredmedia":[{"embeddable":true,"href":"https:\/\/accentwall.eu\/ro\/wp-json\/wp\/v2\/media\/2504"}],"wp:attachment":[{"href":"https:\/\/accentwall.eu\/ro\/wp-json\/wp\/v2\/media?parent=4052"}],"wp:term":[{"taxonomy":"product_brand","embeddable":true,"href":"https:\/\/accentwall.eu\/ro\/wp-json\/wp\/v2\/product_brand?post=4052"},{"taxonomy":"product_cat","embeddable":true,"href":"https:\/\/accentwall.eu\/ro\/wp-json\/wp\/v2\/product_cat?post=4052"},{"taxonomy":"product_tag","embeddable":true,"href":"https:\/\/accentwall.eu\/ro\/wp-json\/wp\/v2\/product_tag?post=4052"}],"curies":[{"name":"wp","href":"https:\/\/api.w.org\/{rel}","templated":true}]}}