{"id":4055,"date":"2025-03-20T15:13:20","date_gmt":"2025-03-20T15:13:20","guid":{"rendered":"https:\/\/accentwall.eu\/product\/timbro-florale\/"},"modified":"2025-05-12T08:21:36","modified_gmt":"2025-05-12T08:21:36","slug":"timbro-florale","status":"publish","type":"product","link":"https:\/\/accentwall.eu\/ro\/produs\/timbro-florale\/","title":{"rendered":"Timbro Florale"},"content":{"rendered":"<p>Bucura\u021bi-v\u0103 de acest design nou \u00een culori subtile \u0219i linii delicate inspirat de tehnica embos\u0103rii. Dac\u0103 dori\u021bi s\u0103 oferi\u021bi textur\u0103 \u0219i un caracter suplimentar casei dumneavoastr\u0103, acest tapet floral este o alegere potrivit\u0103. Tonurile p\u0103m\u00e2ntii de bej sau verde sunt o alegere potrivit\u0103 pentru orice fan al designului interior neutru. Datorit\u0103 versatilit\u0103\u021bii sale, tapetul Timbro Florale poate fi instalat \u00een orice \u00eenc\u0103pere \u2013 camera de zi, camera copilului, dormitor sau orice alt spa\u021biu pe care dori\u021bi s\u0103 \u00eel transforma\u021bi. Stiliza\u021bi tapetul Timbro Florale cu mobilier din lemn \u0219i culori naturale \u0219i transforma\u021bi \u00eenc\u0103perea \u00eentr-un loc lini\u0219tit pe care toat\u0103 lumea \u00eel va iubi.<\/p>\n<p>Tapet de calitate premium de 350 g | Ne\u021besut | Suprafa\u021b\u0103 texturat\u0103 | Adezivul de aplic\u0103 doar pe suprafa\u021ba peretelui | Suprafa\u021b\u0103 rezistent\u0103 la ap\u0103 | Durabil \u0219i rezistent la zg\u00e2rieturi<\/p>\n","protected":false},"excerpt":{"rendered":"<p>Bucura\u021bi-v\u0103 de acest design nou \u00een culori subtile \u0219i linii delicate inspirat de tehnica embos\u0103rii. Dac\u0103 dori\u021bi s\u0103 oferi\u021bi textur\u0103 \u0219i un caracter suplimentar casei dumneavoastr\u0103, acest tapet floral este o alegere potrivit\u0103. Tonurile p\u0103m\u00e2ntii de bej sau verde sunt o alegere potrivit\u0103 pentru orice fan al designului interior neutru. Datorit\u0103 versatilit\u0103\u021bii sale, tapetul Timbro Florale poate fi instalat \u00een orice \u00eenc\u0103pere \u2013 camera de zi, camera copilului, dormitor sau orice alt spa\u021biu pe care dori\u021bi s\u0103 \u00eel transforma\u021bi. Stiliza\u021bi tapetul Timbro Florale cu mobilier din lemn \u0219i culori naturale \u0219i transforma\u021bi \u00eenc\u0103perea \u00eentr-un loc lini\u0219tit pe care toat\u0103 lumea \u00eel va iubi.<\/p>\n<p>Tapet de calitate premium de 350 g | Ne\u021besut | Suprafa\u021b\u0103 texturat\u0103 | Adezivul de aplic\u0103 doar pe suprafa\u021ba peretelui | Suprafa\u021b\u0103 rezistent\u0103 la ap\u0103 | Durabil \u0219i rezistent la zg\u00e2rieturi<\/p>\n","protected":false},"author":1,"featured_media":2507,"comment_status":"open","ping_status":"closed","template":"","meta":{"_acf_changed":false},"product_brand":[],"product_cat":[172],"product_tag":[],"class_list":{"0":"post-4055","1":"product","2":"type-product","3":"status-publish","4":"has-post-thumbnail","6":"product_cat-wallpaper-murals-ro","7":"product_shipping_class-large-goods-ro","9":"first","10":"instock","11":"shipping-taxable","12":"purchasable","13":"product-type-variable"},"acf":[],"_links":{"self":[{"href":"https:\/\/accentwall.eu\/ro\/wp-json\/wp\/v2\/product\/4055","targetHints":{"allow":["GET"]}}],"collection":[{"href":"https:\/\/accentwall.eu\/ro\/wp-json\/wp\/v2\/product"}],"about":[{"href":"https:\/\/accentwall.eu\/ro\/wp-json\/wp\/v2\/types\/product"}],"author":[{"embeddable":true,"href":"https:\/\/accentwall.eu\/ro\/wp-json\/wp\/v2\/users\/1"}],"replies":[{"embeddable":true,"href":"https:\/\/accentwall.eu\/ro\/wp-json\/wp\/v2\/comments?post=4055"}],"wp:featuredmedia":[{"embeddable":true,"href":"https:\/\/accentwall.eu\/ro\/wp-json\/wp\/v2\/media\/2507"}],"wp:attachment":[{"href":"https:\/\/accentwall.eu\/ro\/wp-json\/wp\/v2\/media?parent=4055"}],"wp:term":[{"taxonomy":"product_brand","embeddable":true,"href":"https:\/\/accentwall.eu\/ro\/wp-json\/wp\/v2\/product_brand?post=4055"},{"taxonomy":"product_cat","embeddable":true,"href":"https:\/\/accentwall.eu\/ro\/wp-json\/wp\/v2\/product_cat?post=4055"},{"taxonomy":"product_tag","embeddable":true,"href":"https:\/\/accentwall.eu\/ro\/wp-json\/wp\/v2\/product_tag?post=4055"}],"curies":[{"name":"wp","href":"https:\/\/api.w.org\/{rel}","templated":true}]}}