{"id":4067,"date":"2025-03-20T15:13:45","date_gmt":"2025-03-20T15:13:45","guid":{"rendered":"https:\/\/accentwall.eu\/product\/brushtopia\/"},"modified":"2025-05-12T08:24:17","modified_gmt":"2025-05-12T08:24:17","slug":"brushtopia","status":"publish","type":"product","link":"https:\/\/accentwall.eu\/ro\/produs\/brushtopia\/","title":{"rendered":"Brushtopia"},"content":{"rendered":"<p>Tapetul Brushtopia este modalitatea perfect\u0103 pentru a aduce elegan\u021b\u0103 artistic\u0103 \u00een orice spa\u021biu. Fundalul alb ofer\u0103 o p\u00e2nz\u0103 curat\u0103, neutr\u0103, permi\u021b\u00e2nd liniei \u00eendr\u0103zne\u021be de pensul\u0103 s\u0103 ias\u0103 \u00een eviden\u021b\u0103. Forma fluid\u0103 a pensulei aduce un sentiment de mi\u0219care \u0219i energie, cre\u00e2nd \u00een camer\u0103 un accent elegant \u0219i modern.<\/p>\n<p>Fie c\u0103 este folosit ca punct de atrac\u021bie \u00eentr-o camer\u0103 sau pentru a ad\u0103uga o pat\u0103 de culoare pe un perete de acent, tapetul Brushtopia va atrage privirile tuturor. Simplitatea sa \u00eel face versatil \u0219i u\u0219or adaptabil la o varietate de stiluri de design interior, \u00een timp ce elementele sale unice de textur\u0103 creeaz\u0103 un efect vizual hipnotizant.<\/p>\n<p>Echipa de designeri a preg\u0103tit tapetul Brushtopia \u00een mai multe varia\u021biiuni de culoare din care pute\u021bi s\u0103 alege\u021bi, inclusiv albastru, bej, ro\u0219u, verde \u0219i violet. Cu toate acestea, dac\u0103 ave\u021bi nevoie de ajutor pentru a g\u0103si culoarea perfect\u0103 care se potrive\u0219te designului dumneavoastr\u0103, echipa noastr\u0103 v\u0103 este la dispozi\u021bie.<\/p>\n<p>Posibilit\u0103\u021bi nelimitate, de la camera ta preferat\u0103 p\u00e2n\u0103 la \u00eentreaga ta cas\u0103!<\/p>\n<p>Tapet de calitate premium de 350 g | Ne\u021besut | Suprafa\u021b\u0103 texturat\u0103 | Adezivul de aplic\u0103 doar pe suprafa\u021ba peretelui | Suprafa\u021b\u0103 rezistent\u0103 la ap\u0103 | Durabil \u0219i rezistent la zg\u00e2rieturi<\/p>\n","protected":false},"excerpt":{"rendered":"<p>Tapetul Brushtopia este modalitatea perfect\u0103 pentru a aduce elegan\u021b\u0103 artistic\u0103 \u00een orice spa\u021biu. Fundalul alb ofer\u0103 o p\u00e2nz\u0103 curat\u0103, neutr\u0103, permi\u021b\u00e2nd liniei \u00eendr\u0103zne\u021be de pensul\u0103 s\u0103 ias\u0103 \u00een eviden\u021b\u0103. Forma fluid\u0103 a pensulei aduce un sentiment de mi\u0219care \u0219i energie, cre\u00e2nd \u00een camer\u0103 un accent elegant \u0219i modern.<\/p>\n<p>Fie c\u0103 este folosit ca punct de atrac\u021bie \u00eentr-o camer\u0103 sau pentru a ad\u0103uga o pat\u0103 de culoare pe un perete de acent, tapetul Brushtopia va atrage privirile tuturor. Simplitatea sa \u00eel face versatil \u0219i u\u0219or adaptabil la o varietate de stiluri de design interior, \u00een timp ce elementele sale unice de textur\u0103 creeaz\u0103 un efect vizual hipnotizant.<\/p>\n<p>Echipa de designeri a preg\u0103tit tapetul Brushtopia \u00een mai multe varia\u021biiuni de culoare din care pute\u021bi s\u0103 alege\u021bi, inclusiv albastru, bej, ro\u0219u, verde \u0219i violet. Cu toate acestea, dac\u0103 ave\u021bi nevoie de ajutor pentru a g\u0103si culoarea perfect\u0103 care se potrive\u0219te designului dumneavoastr\u0103, echipa noastr\u0103 v\u0103 este la dispozi\u021bie.<\/p>\n<p>Posibilit\u0103\u021bi nelimitate, de la camera ta preferat\u0103 p\u00e2n\u0103 la \u00eentreaga ta cas\u0103!<\/p>\n<p>Tapet de calitate premium de 350 g | Ne\u021besut | Suprafa\u021b\u0103 texturat\u0103 | Adezivul de aplic\u0103 doar pe suprafa\u021ba peretelui | Suprafa\u021b\u0103 rezistent\u0103 la ap\u0103 | Durabil \u0219i rezistent la zg\u00e2rieturi<\/p>\n","protected":false},"author":1,"featured_media":2518,"comment_status":"open","ping_status":"closed","template":"","meta":{"_acf_changed":false},"product_brand":[],"product_cat":[172],"product_tag":[],"class_list":{"0":"post-4067","1":"product","2":"type-product","3":"status-publish","4":"has-post-thumbnail","6":"product_cat-wallpaper-murals-ro","7":"product_shipping_class-large-goods-ro","9":"first","10":"instock","11":"shipping-taxable","12":"purchasable","13":"product-type-variable"},"acf":[],"_links":{"self":[{"href":"https:\/\/accentwall.eu\/ro\/wp-json\/wp\/v2\/product\/4067","targetHints":{"allow":["GET"]}}],"collection":[{"href":"https:\/\/accentwall.eu\/ro\/wp-json\/wp\/v2\/product"}],"about":[{"href":"https:\/\/accentwall.eu\/ro\/wp-json\/wp\/v2\/types\/product"}],"author":[{"embeddable":true,"href":"https:\/\/accentwall.eu\/ro\/wp-json\/wp\/v2\/users\/1"}],"replies":[{"embeddable":true,"href":"https:\/\/accentwall.eu\/ro\/wp-json\/wp\/v2\/comments?post=4067"}],"wp:featuredmedia":[{"embeddable":true,"href":"https:\/\/accentwall.eu\/ro\/wp-json\/wp\/v2\/media\/2518"}],"wp:attachment":[{"href":"https:\/\/accentwall.eu\/ro\/wp-json\/wp\/v2\/media?parent=4067"}],"wp:term":[{"taxonomy":"product_brand","embeddable":true,"href":"https:\/\/accentwall.eu\/ro\/wp-json\/wp\/v2\/product_brand?post=4067"},{"taxonomy":"product_cat","embeddable":true,"href":"https:\/\/accentwall.eu\/ro\/wp-json\/wp\/v2\/product_cat?post=4067"},{"taxonomy":"product_tag","embeddable":true,"href":"https:\/\/accentwall.eu\/ro\/wp-json\/wp\/v2\/product_tag?post=4067"}],"curies":[{"name":"wp","href":"https:\/\/api.w.org\/{rel}","templated":true}]}}