{"id":4079,"date":"2025-03-20T15:13:45","date_gmt":"2025-03-20T15:13:45","guid":{"rendered":"https:\/\/accentwall.eu\/product\/tiles-symphony\/"},"modified":"2025-05-12T08:25:38","modified_gmt":"2025-05-12T08:25:38","slug":"tiles-symphony","status":"publish","type":"product","link":"https:\/\/accentwall.eu\/ro\/produs\/tiles-symphony\/","title":{"rendered":"Tiles Symphony"},"content":{"rendered":"<p>Acest tapet cu efect de mozaic, unic \u0219i atr\u0103g\u0103tor va aduce o explozie de energie \u0219i creativitate \u00een orice camer\u0103 din casa dumneavoastr\u0103. Modelul prezint\u0103 blocuri de form\u0103 p\u0103trat\u0103, fiecare cu o urme juc\u0103u\u0219e de pensul\u0103 \u00eentr-un stil abstract, cre\u00e2nd un aspect vizual dinamic \u0219i captivant, care va \u00eensufle\u021bi orice perete.<\/p>\n<p>Designul abstract este at\u00e2t modern, c\u00e2t \u0219i atemporal, efectul de mozaic adaug\u0103 textur\u0103 \u0219i dimensiune designului mural de tapet, f\u0103c\u00e2ndu-l o alegere excelent\u0103 pentru cei care doresc s\u0103 creeze o experien\u021b\u0103 mai tactil\u0103 \u0219i senzorial\u0103 \u00een casa lor.<\/p>\n<p>Tapetul nostru Tiles Symphony nu este doar pl\u0103cut din punct de vedere estetic, ci \u0219i versatil \u00een ceea ce prive\u0219te op\u021biunile de culoare. Disponibil \u00een trei variante uimitoare \u2013 gri, bej \u0219i verde \u2013 cu siguran\u021b\u0103 ve\u021bi g\u0103si o nuan\u021b\u0103 care s\u0103 se potriveasc\u0103 viziunii dumneavoastr\u0103 de design. Cu toate acestea, dac\u0103 ave\u021bi nevoie de ajutor pentru a personaliza culoarea perfect\u0103, designerii no\u0219tri experimenta\u021bi sunt mai mult dec\u00e2t bucuro\u0219i s\u0103 v\u0103 ajute.<\/p>\n<p>Cu tapetul mural Tiles Symphony, posibilit\u0103\u021bile de creativitate \u0219i personalizare sunt cu adev\u0103rat nesf\u00e2r\u0219ite.<\/p>\n<p>Tapet de calitate premium de 350 g | Ne\u021besut | Suprafa\u021b\u0103 texturat\u0103 | Adezivul de aplic\u0103 doar pe suprafa\u021ba peretelui | Suprafa\u021b\u0103 rezistent\u0103 la ap\u0103 | Durabil \u0219i rezistent la zg\u00e2rieturi<\/p>\n","protected":false},"excerpt":{"rendered":"<p>Acest tapet cu efect de mozaic, unic \u0219i atr\u0103g\u0103tor va aduce o explozie de energie \u0219i creativitate \u00een orice camer\u0103 din casa dumneavoastr\u0103. Modelul prezint\u0103 blocuri de form\u0103 p\u0103trat\u0103, fiecare cu o urme juc\u0103u\u0219e de pensul\u0103 \u00eentr-un stil abstract, cre\u00e2nd un aspect vizual dinamic \u0219i captivant, care va \u00eensufle\u021bi orice perete.<\/p>\n<p>Designul abstract este at\u00e2t modern, c\u00e2t \u0219i atemporal, efectul de mozaic adaug\u0103 textur\u0103 \u0219i dimensiune designului mural de tapet, f\u0103c\u00e2ndu-l o alegere excelent\u0103 pentru cei care doresc s\u0103 creeze o experien\u021b\u0103 mai tactil\u0103 \u0219i senzorial\u0103 \u00een casa lor.<\/p>\n<p>Tapetul nostru Tiles Symphony nu este doar pl\u0103cut din punct de vedere estetic, ci \u0219i versatil \u00een ceea ce prive\u0219te op\u021biunile de culoare. Disponibil \u00een trei variante uimitoare \u2013 gri, bej \u0219i verde \u2013 cu siguran\u021b\u0103 ve\u021bi g\u0103si o nuan\u021b\u0103 care s\u0103 se potriveasc\u0103 viziunii dumneavoastr\u0103 de design. Cu toate acestea, dac\u0103 ave\u021bi nevoie de ajutor pentru a personaliza culoarea perfect\u0103, designerii no\u0219tri experimenta\u021bi sunt mai mult dec\u00e2t bucuro\u0219i s\u0103 v\u0103 ajute.<\/p>\n<p>Cu tapetul mural Tiles Symphony, posibilit\u0103\u021bile de creativitate \u0219i personalizare sunt cu adev\u0103rat nesf\u00e2r\u0219ite.<\/p>\n<p>Tapet de calitate premium de 350 g | Ne\u021besut | Suprafa\u021b\u0103 texturat\u0103 | Adezivul de aplic\u0103 doar pe suprafa\u021ba peretelui | Suprafa\u021b\u0103 rezistent\u0103 la ap\u0103 | Durabil \u0219i rezistent la zg\u00e2rieturi<\/p>\n","protected":false},"author":1,"featured_media":2529,"comment_status":"open","ping_status":"closed","template":"","meta":{"_acf_changed":false},"product_brand":[],"product_cat":[172],"product_tag":[],"class_list":{"0":"post-4079","1":"product","2":"type-product","3":"status-publish","4":"has-post-thumbnail","6":"product_cat-wallpaper-murals-ro","7":"product_shipping_class-large-goods-ro","9":"first","10":"instock","11":"shipping-taxable","12":"purchasable","13":"product-type-variable"},"acf":[],"_links":{"self":[{"href":"https:\/\/accentwall.eu\/ro\/wp-json\/wp\/v2\/product\/4079","targetHints":{"allow":["GET"]}}],"collection":[{"href":"https:\/\/accentwall.eu\/ro\/wp-json\/wp\/v2\/product"}],"about":[{"href":"https:\/\/accentwall.eu\/ro\/wp-json\/wp\/v2\/types\/product"}],"author":[{"embeddable":true,"href":"https:\/\/accentwall.eu\/ro\/wp-json\/wp\/v2\/users\/1"}],"replies":[{"embeddable":true,"href":"https:\/\/accentwall.eu\/ro\/wp-json\/wp\/v2\/comments?post=4079"}],"wp:featuredmedia":[{"embeddable":true,"href":"https:\/\/accentwall.eu\/ro\/wp-json\/wp\/v2\/media\/2529"}],"wp:attachment":[{"href":"https:\/\/accentwall.eu\/ro\/wp-json\/wp\/v2\/media?parent=4079"}],"wp:term":[{"taxonomy":"product_brand","embeddable":true,"href":"https:\/\/accentwall.eu\/ro\/wp-json\/wp\/v2\/product_brand?post=4079"},{"taxonomy":"product_cat","embeddable":true,"href":"https:\/\/accentwall.eu\/ro\/wp-json\/wp\/v2\/product_cat?post=4079"},{"taxonomy":"product_tag","embeddable":true,"href":"https:\/\/accentwall.eu\/ro\/wp-json\/wp\/v2\/product_tag?post=4079"}],"curies":[{"name":"wp","href":"https:\/\/api.w.org\/{rel}","templated":true}]}}