{"id":4083,"date":"2025-03-20T15:13:45","date_gmt":"2025-03-20T15:13:45","guid":{"rendered":"https:\/\/accentwall.eu\/product\/miraggio\/"},"modified":"2025-05-12T08:27:27","modified_gmt":"2025-05-12T08:27:27","slug":"miraggio","status":"publish","type":"product","link":"https:\/\/accentwall.eu\/ro\/produs\/miraggio\/","title":{"rendered":"Miraggio"},"content":{"rendered":"<p>Experimenteaz\u0103 combina\u021bia perfect\u0103 \u00eentre sofisticat \u0219i inovator cu tapetul mural premium 3D, Miraggio. Textura \u0219i dimensionalitatea acestui design adaug\u0103 profunzime \u0219i bog\u0103\u021bie care vor transforma orice spa\u021biu \u00eentr-o crea\u021bie des\u0103v\u00e2r\u0219it\u0103 contemporan\u0103 de lux. Integrarea perfect\u0103 a elementelor industriale cu cele rafinate creeaz\u0103 o ambian\u021b\u0103 unic\u0103 \u0219i intrigant\u0103 care este at\u00e2t primitoare c\u00e2t \u0219i impresionant\u0103.<\/p>\n<p>Av\u00e2nd o interpretare contemporan\u0103 a esteticii urbane clasice, acest tapet mural se inspir\u0103 din frumuse\u021bea texturilor de beton \u0219i o transform\u0103 \u00eentr-un design elegant \u0219i pre\u021bios. Indiferent dac\u0103 dori\u021bi s\u0103 ad\u0103uga\u021bi un accent atr\u0103g\u0103tor unui decor minimalist sau s\u0103 crea\u021bi un perete cu caracteristici luxoase \u0219i dramatice, tapetul mural Miraggio va face cu siguran\u021b\u0103 o declara\u021bie \u00eendr\u0103znea\u021b\u0103 care v\u0103 va diferen\u021bia spa\u021biul.<\/p>\n<p>Acest tapet este disponibil \u00een dou\u0103 op\u021biuni standard de culoare, bej \u0219i gri, alese cu grij\u0103 pentru a scoate \u00een eviden\u021b\u0103 detaliile \u0219i texturile complexe ale designului. Cu toate acestea, \u00een\u021belegem c\u0103 fiecare proiect de design interior este unic, motiv pentru care oferim op\u021biunea de a personaliza culorile tapetului pentru a se potrivi nevoilor dumneavoastr\u0103 specifice. Echipa noastr\u0103 de designeri exper\u021bi v\u0103 poate ajuta s\u0103 v\u0103 realiza\u021bi viziunea, fie c\u0103 dori\u021bi s\u0103 potrivi\u021bi culorile cu decorul existent al camerei, fie s\u0103 crea\u021bi o pies\u0103 \u00eendr\u0103znea\u021b\u0103. Cu op\u021biunea noastr\u0103 de personalizare a culorilor pute\u021bi fi sigur c\u0103 tapetul mural va fi perfect pentru proiectul dumneavoastr\u0103 de design interior \u0219i va scoate la iveal\u0103 ce este mai bun din spa\u021biu.<\/p>\n<p>Tapet de calitate premium de 350 g | Ne\u021besut | Suprafa\u021b\u0103 texturat\u0103 | Adezivul de aplic\u0103 doar pe suprafa\u021ba peretelui | Suprafa\u021b\u0103 rezistent\u0103 la ap\u0103 | Durabil \u0219i rezistent la zg\u00e2rieturi<\/p>\n","protected":false},"excerpt":{"rendered":"<p>Experimenteaz\u0103 combina\u021bia perfect\u0103 \u00eentre sofisticat \u0219i inovator cu tapetul mural premium 3D, Miraggio. Textura \u0219i dimensionalitatea acestui design adaug\u0103 profunzime \u0219i bog\u0103\u021bie care vor transforma orice spa\u021biu \u00eentr-o crea\u021bie des\u0103v\u00e2r\u0219it\u0103 contemporan\u0103 de lux. Integrarea perfect\u0103 a elementelor industriale cu cele rafinate creeaz\u0103 o ambian\u021b\u0103 unic\u0103 \u0219i intrigant\u0103 care este at\u00e2t primitoare c\u00e2t \u0219i impresionant\u0103.<\/p>\n<p>Av\u00e2nd o interpretare contemporan\u0103 a esteticii urbane clasice, acest tapet mural se inspir\u0103 din frumuse\u021bea texturilor de beton \u0219i o transform\u0103 \u00eentr-un design elegant \u0219i pre\u021bios. Indiferent dac\u0103 dori\u021bi s\u0103 ad\u0103uga\u021bi un accent atr\u0103g\u0103tor unui <em>decor<\/em> minimalist sau s\u0103 crea\u021bi un perete cu caracteristici luxoase \u0219i dramatice, tapetul mural Miraggio va face cu siguran\u021b\u0103 o declara\u021bie \u00eendr\u0103znea\u021b\u0103 care v\u0103 va diferen\u021bia spa\u021biul.<\/p>\n<p>Acest tapet este disponibil \u00een dou\u0103 op\u021biuni standard de culoare, bej \u0219i gri, alese cu grij\u0103 pentru a scoate \u00een eviden\u021b\u0103 detaliile \u0219i texturile complexe ale designului. Cu toate acestea, \u00een\u021belegem c\u0103 fiecare proiect de design interior este unic, motiv pentru care oferim op\u021biunea de a personaliza culorile tapetului pentru a se potrivi nevoilor dumneavoastr\u0103 specifice. Echipa noastr\u0103 de designeri exper\u021bi v\u0103 poate ajuta s\u0103 v\u0103 realiza\u021bi viziunea, fie c\u0103 dori\u021bi s\u0103 potrivi\u021bi culorile cu <em>decorul existent al camerei, fie s\u0103 crea\u021bi o pies\u0103 \u00eendr\u0103znea\u021b\u0103<\/em>. Cu op\u021biunea noastr\u0103 de personalizare a culorilor pute\u021bi fi sigur c\u0103 tapetul mural va fi perfect pentru proiectul dumneavoastr\u0103 de design interior \u0219i va scoate la iveal\u0103 ce este mai bun din spa\u021biu.<\/p>\n<p>Tapet de calitate premium de 350 g | Ne\u021besut | Suprafa\u021b\u0103 texturat\u0103 | Adezivul de aplic\u0103 doar pe suprafa\u021ba peretelui | Suprafa\u021b\u0103 rezistent\u0103 la ap\u0103 | Durabil \u0219i rezistent la zg\u00e2rieturi<\/p>\n","protected":false},"author":1,"featured_media":2533,"comment_status":"open","ping_status":"closed","template":"","meta":{"_acf_changed":false},"product_brand":[],"product_cat":[172],"product_tag":[],"class_list":{"0":"post-4083","1":"product","2":"type-product","3":"status-publish","4":"has-post-thumbnail","6":"product_cat-wallpaper-murals-ro","7":"product_shipping_class-large-goods-ro","9":"first","10":"instock","11":"shipping-taxable","12":"purchasable","13":"product-type-variable"},"acf":[],"_links":{"self":[{"href":"https:\/\/accentwall.eu\/ro\/wp-json\/wp\/v2\/product\/4083","targetHints":{"allow":["GET"]}}],"collection":[{"href":"https:\/\/accentwall.eu\/ro\/wp-json\/wp\/v2\/product"}],"about":[{"href":"https:\/\/accentwall.eu\/ro\/wp-json\/wp\/v2\/types\/product"}],"author":[{"embeddable":true,"href":"https:\/\/accentwall.eu\/ro\/wp-json\/wp\/v2\/users\/1"}],"replies":[{"embeddable":true,"href":"https:\/\/accentwall.eu\/ro\/wp-json\/wp\/v2\/comments?post=4083"}],"wp:featuredmedia":[{"embeddable":true,"href":"https:\/\/accentwall.eu\/ro\/wp-json\/wp\/v2\/media\/2533"}],"wp:attachment":[{"href":"https:\/\/accentwall.eu\/ro\/wp-json\/wp\/v2\/media?parent=4083"}],"wp:term":[{"taxonomy":"product_brand","embeddable":true,"href":"https:\/\/accentwall.eu\/ro\/wp-json\/wp\/v2\/product_brand?post=4083"},{"taxonomy":"product_cat","embeddable":true,"href":"https:\/\/accentwall.eu\/ro\/wp-json\/wp\/v2\/product_cat?post=4083"},{"taxonomy":"product_tag","embeddable":true,"href":"https:\/\/accentwall.eu\/ro\/wp-json\/wp\/v2\/product_tag?post=4083"}],"curies":[{"name":"wp","href":"https:\/\/api.w.org\/{rel}","templated":true}]}}