{"id":4086,"date":"2025-03-20T15:13:45","date_gmt":"2025-03-20T15:13:45","guid":{"rendered":"https:\/\/accentwall.eu\/product\/leafy-labyrinth\/"},"modified":"2025-05-12T08:28:13","modified_gmt":"2025-05-12T08:28:13","slug":"leafy-labyrinth","status":"publish","type":"product","link":"https:\/\/accentwall.eu\/ro\/produs\/leafy-labyrinth\/","title":{"rendered":"Leafy Labyrinth"},"content":{"rendered":"<p>Dac\u0103 sunte\u021bi \u00een c\u0103utarea unei modalit\u0103\u021bi unice \u0219i atr\u0103g\u0103toare de a \u00eembun\u0103t\u0103\u021bi atmosfera casei sau a biroului dumneavoastr\u0103, tapetul nostru Leafy Labyrinth este o solu\u021bie perfect\u0103. Cu detalii complexe ale urmelor \u0219i imprimeurilor frunzelor cu straturi multiple, acest tapet mural uimitor este conceput pentru a aduce frumuse\u021bea naturii \u00een interiorul locuin\u021bei, ad\u0103ug\u00e2nd textur\u0103 \u0219i profunzime oric\u0103rei \u00eenc\u0103peri.<\/p>\n<p>Indiferent dac\u0103 dori\u021bi s\u0103 crea\u021bi un perete de accent \u00een camera dumneavoastr\u0103 de zi, dormitor sau birou, tapetul Leafy Labyrinth cu siguran\u021b\u0103 va impresiona \u0219i va ad\u0103uga o not\u0103 de elegan\u021b\u0103 natural\u0103 spa\u021biului dumneavoastr\u0103.<\/p>\n<p>Unul dintre lucrurile excelente ale tapetelor noastre murale este c\u0103 pot fi personalizate pentru a se potrivi nevoilor \u0219i preferin\u021belor dumneavoastr\u0103 specifice, inclusiv dimensiunea, paleta de culori sau designul. Echipa noastr\u0103 de designeri exper\u021bi va lucra cu dumneavoastr\u0103 pentru a crea un tapet personalizat care s\u0103 v\u0103 \u00eendeplineasc\u0103 perfect cerin\u021bele.<\/p>\n<p>De ce s\u0103 a\u0219tepta\u021bi? Indiferent dac\u0103 sunte\u021bi un iubitor al naturii, un pasionat de design interior sau pur \u0219i simplu c\u0103uta\u021bi o modalitate de a \u00eembun\u0103t\u0103\u021bi aspectul spa\u021biului dumneavoastr\u0103, tapetul mural cu urme \u0219i imprimeuri de frunze este alegerea perfect\u0103.<\/p>\n<p>Tapet de calitate premium de 350 g | Ne\u021besut | Suprafa\u021b\u0103 texturat\u0103 | Adezivul de aplic\u0103 doar pe suprafa\u021ba peretelui | Suprafa\u021b\u0103 rezistent\u0103 la ap\u0103 | Durabil \u0219i rezistent la zg\u00e2rieturi<\/p>\n","protected":false},"excerpt":{"rendered":"<p>Dac\u0103 sunte\u021bi \u00een c\u0103utarea unei modalit\u0103\u021bi unice \u0219i atr\u0103g\u0103toare de a \u00eembun\u0103t\u0103\u021bi atmosfera casei sau a biroului dumneavoastr\u0103, tapetul nostru Leafy Labyrinth este o solu\u021bie perfect\u0103. Cu detalii complexe ale urmelor \u0219i imprimeurilor frunzelor cu straturi multiple, acest tapet mural uimitor este conceput pentru a aduce frumuse\u021bea naturii \u00een interiorul locuin\u021bei, ad\u0103ug\u00e2nd textur\u0103 \u0219i profunzime oric\u0103rei \u00eenc\u0103peri.<\/p>\n<p>Indiferent dac\u0103 dori\u021bi s\u0103 crea\u021bi un perete de accent \u00een camera dumneavoastr\u0103 de zi, dormitor sau birou, tapetul Leafy Labyrinth cu siguran\u021b\u0103 va impresiona \u0219i va ad\u0103uga o not\u0103 de elegan\u021b\u0103 natural\u0103 spa\u021biului dumneavoastr\u0103.<\/p>\n<p>Unul dintre lucrurile excelente ale tapetelor noastre murale este c\u0103 pot fi personalizate pentru a se potrivi nevoilor \u0219i preferin\u021belor dumneavoastr\u0103 specifice, inclusiv dimensiunea, paleta de culori sau designul. Echipa noastr\u0103 de designeri exper\u021bi va lucra cu dumneavoastr\u0103 pentru a crea un tapet personalizat care s\u0103 v\u0103 \u00eendeplineasc\u0103 perfect cerin\u021bele.<\/p>\n<p>De ce s\u0103 a\u0219tepta\u021bi? Indiferent dac\u0103 sunte\u021bi un iubitor al naturii, un pasionat de design interior sau pur \u0219i simplu c\u0103uta\u021bi o modalitate de a \u00eembun\u0103t\u0103\u021bi aspectul spa\u021biului dumneavoastr\u0103, tapetul mural cu urme \u0219i imprimeuri de frunze este alegerea perfect\u0103.<\/p>\n<p>Tapet de calitate premium de 350 g | Ne\u021besut | Suprafa\u021b\u0103 texturat\u0103 | Adezivul de aplic\u0103 doar pe suprafa\u021ba peretelui | Suprafa\u021b\u0103 rezistent\u0103 la ap\u0103 | Durabil \u0219i rezistent la zg\u00e2rieturi<\/p>\n","protected":false},"author":1,"featured_media":2536,"comment_status":"open","ping_status":"closed","template":"","meta":{"_acf_changed":false},"product_brand":[],"product_cat":[172],"product_tag":[],"class_list":{"0":"post-4086","1":"product","2":"type-product","3":"status-publish","4":"has-post-thumbnail","6":"product_cat-wallpaper-murals-ro","7":"product_shipping_class-large-goods-ro","9":"first","10":"instock","11":"shipping-taxable","12":"purchasable","13":"product-type-variable"},"acf":[],"_links":{"self":[{"href":"https:\/\/accentwall.eu\/ro\/wp-json\/wp\/v2\/product\/4086","targetHints":{"allow":["GET"]}}],"collection":[{"href":"https:\/\/accentwall.eu\/ro\/wp-json\/wp\/v2\/product"}],"about":[{"href":"https:\/\/accentwall.eu\/ro\/wp-json\/wp\/v2\/types\/product"}],"author":[{"embeddable":true,"href":"https:\/\/accentwall.eu\/ro\/wp-json\/wp\/v2\/users\/1"}],"replies":[{"embeddable":true,"href":"https:\/\/accentwall.eu\/ro\/wp-json\/wp\/v2\/comments?post=4086"}],"wp:featuredmedia":[{"embeddable":true,"href":"https:\/\/accentwall.eu\/ro\/wp-json\/wp\/v2\/media\/2536"}],"wp:attachment":[{"href":"https:\/\/accentwall.eu\/ro\/wp-json\/wp\/v2\/media?parent=4086"}],"wp:term":[{"taxonomy":"product_brand","embeddable":true,"href":"https:\/\/accentwall.eu\/ro\/wp-json\/wp\/v2\/product_brand?post=4086"},{"taxonomy":"product_cat","embeddable":true,"href":"https:\/\/accentwall.eu\/ro\/wp-json\/wp\/v2\/product_cat?post=4086"},{"taxonomy":"product_tag","embeddable":true,"href":"https:\/\/accentwall.eu\/ro\/wp-json\/wp\/v2\/product_tag?post=4086"}],"curies":[{"name":"wp","href":"https:\/\/api.w.org\/{rel}","templated":true}]}}