{"id":4095,"date":"2025-03-20T15:14:07","date_gmt":"2025-03-20T15:14:07","guid":{"rendered":"https:\/\/accentwall.eu\/product\/rebel-rhapsody\/"},"modified":"2025-05-12T08:30:08","modified_gmt":"2025-05-12T08:30:08","slug":"rebel-rhapsody","status":"publish","type":"product","link":"https:\/\/accentwall.eu\/ro\/produs\/rebel-rhapsody\/","title":{"rendered":"Rebel Rhapsody"},"content":{"rendered":"<p>Dori\u021bi s\u0103 face\u021bi o declara\u021bie \u00eendr\u0103znea\u021b\u0103 \u00een camera adolescentului dumneavoastr\u0103? Tapetul nostru Rebel Rhapsody impresionant ce prezint\u0103 busturi sculptate acoperite de graffiti negru \u0219i colorat \u00eendr\u0103zne\u021b, vopsea stropit\u0103 \u0219i urme de pensul\u0103 cu siguran\u021b\u0103 va impresiona.<\/p>\n<p>Acest mural unic adaug\u0103 o not\u0103 de rebeliune oric\u0103rei camere cu design-ul s\u0103u captivant \u00een stil graffiti, \u00een contrast puternic cu busturile clasice. Amestecul dintre arta stradal\u0103 modern\u0103 \u0219i sculpturile tradi\u021bionale creeaz\u0103 o combina\u021bie de neuitat, f\u0103c\u00e2ndu-l o alegere perfect\u0103 pentru cei care caut\u0103 s\u0103 creeze un spa\u021biu vizual impresionant.<\/p>\n<p>Detaliile intricate ale graffiti-ului \u0219i efectelor de stropire dau busturilor o aparen\u021b\u0103 tridimensional\u0103, f\u0103c\u00e2ndu-le s\u0103 par\u0103 c\u0103 ies direct din perete.<\/p>\n<p>Nu v\u0103 mul\u021bumi\u021bi cu un spa\u021biu de locuit plictisitor! Ad\u0103uga\u021bi o not\u0103 de farmec urban cu tapetul Rebel Rhapsody cu busturi sculptate, care va l\u0103sa o impresie puternic\u0103 asupra oaspe\u021bilor dumneavoastr\u0103. Explora\u021bi variantele noastre de culori sau contacta\u021bi-ne pentru a personaliza culoarea \u0219i a da via\u021b\u0103 pere\u021bilor dumneavoastr\u0103!<\/p>\n<p>Tapet de calitate premium de 350 g | Ne\u021besut | Suprafa\u021b\u0103 texturat\u0103 | Adezivul de aplic\u0103 doar pe suprafa\u021ba peretelui | Suprafa\u021b\u0103 rezistent\u0103 la ap\u0103 | Durabil \u0219i rezistent la zg\u00e2rieturi<\/p>\n","protected":false},"excerpt":{"rendered":"<p>Dori\u021bi s\u0103 face\u021bi o declara\u021bie \u00eendr\u0103znea\u021b\u0103 \u00een camera adolescentului dumneavoastr\u0103? Tapetul nostru Rebel Rhapsody impresionant ce prezint\u0103 busturi sculptate acoperite de graffiti negru \u0219i colorat \u00eendr\u0103zne\u021b, vopsea stropit\u0103 \u0219i urme de pensul\u0103 cu siguran\u021b\u0103 va impresiona.<\/p>\n<p>Acest mural unic adaug\u0103 o not\u0103 de rebeliune oric\u0103rei camere cu design-ul s\u0103u captivant \u00een stil graffiti, \u00een contrast puternic cu busturile clasice. Amestecul dintre arta stradal\u0103 modern\u0103 \u0219i sculpturile tradi\u021bionale creeaz\u0103 o combina\u021bie de neuitat, f\u0103c\u00e2ndu-l o alegere perfect\u0103 pentru cei care caut\u0103 s\u0103 creeze un spa\u021biu vizual impresionant.<\/p>\n<p>Detaliile intricate ale graffiti-ului \u0219i efectelor de stropire dau busturilor o aparen\u021b\u0103 tridimensional\u0103, f\u0103c\u00e2ndu-le s\u0103 par\u0103 c\u0103 ies direct din perete.<\/p>\n<p>Nu v\u0103 mul\u021bumi\u021bi cu un spa\u021biu de locuit plictisitor! Ad\u0103uga\u021bi o not\u0103 de farmec urban cu tapetul Rebel Rhapsody cu busturi sculptate, care va l\u0103sa o impresie puternic\u0103 asupra oaspe\u021bilor dumneavoastr\u0103. Explora\u021bi variantele noastre de culori sau contacta\u021bi-ne pentru a personaliza culoarea \u0219i a da via\u021b\u0103 pere\u021bilor dumneavoastr\u0103!<\/p>\n<p>Tapet de calitate premium de 350 g | Ne\u021besut | Suprafa\u021b\u0103 texturat\u0103 | Adezivul de aplic\u0103 doar pe suprafa\u021ba peretelui | Suprafa\u021b\u0103 rezistent\u0103 la ap\u0103 | Durabil \u0219i rezistent la zg\u00e2rieturi<\/p>\n","protected":false},"author":1,"featured_media":2544,"comment_status":"open","ping_status":"closed","template":"","meta":{"_acf_changed":false},"product_brand":[],"product_cat":[172],"product_tag":[],"class_list":{"0":"post-4095","1":"product","2":"type-product","3":"status-publish","4":"has-post-thumbnail","6":"product_cat-wallpaper-murals-ro","7":"product_shipping_class-large-goods-ro","9":"first","10":"instock","11":"shipping-taxable","12":"purchasable","13":"product-type-variable"},"acf":[],"_links":{"self":[{"href":"https:\/\/accentwall.eu\/ro\/wp-json\/wp\/v2\/product\/4095","targetHints":{"allow":["GET"]}}],"collection":[{"href":"https:\/\/accentwall.eu\/ro\/wp-json\/wp\/v2\/product"}],"about":[{"href":"https:\/\/accentwall.eu\/ro\/wp-json\/wp\/v2\/types\/product"}],"author":[{"embeddable":true,"href":"https:\/\/accentwall.eu\/ro\/wp-json\/wp\/v2\/users\/1"}],"replies":[{"embeddable":true,"href":"https:\/\/accentwall.eu\/ro\/wp-json\/wp\/v2\/comments?post=4095"}],"wp:featuredmedia":[{"embeddable":true,"href":"https:\/\/accentwall.eu\/ro\/wp-json\/wp\/v2\/media\/2544"}],"wp:attachment":[{"href":"https:\/\/accentwall.eu\/ro\/wp-json\/wp\/v2\/media?parent=4095"}],"wp:term":[{"taxonomy":"product_brand","embeddable":true,"href":"https:\/\/accentwall.eu\/ro\/wp-json\/wp\/v2\/product_brand?post=4095"},{"taxonomy":"product_cat","embeddable":true,"href":"https:\/\/accentwall.eu\/ro\/wp-json\/wp\/v2\/product_cat?post=4095"},{"taxonomy":"product_tag","embeddable":true,"href":"https:\/\/accentwall.eu\/ro\/wp-json\/wp\/v2\/product_tag?post=4095"}],"curies":[{"name":"wp","href":"https:\/\/api.w.org\/{rel}","templated":true}]}}