{"id":4100,"date":"2025-03-20T15:14:07","date_gmt":"2025-03-20T15:14:07","guid":{"rendered":"https:\/\/accentwall.eu\/product\/wavescape\/"},"modified":"2025-05-12T08:30:58","modified_gmt":"2025-05-12T08:30:58","slug":"wavescape","status":"publish","type":"product","link":"https:\/\/accentwall.eu\/ro\/produs\/wavescape\/","title":{"rendered":"Wavescape"},"content":{"rendered":"<p>Renova\u021bi-v\u0103 spa\u021biul de locuit cu remarcabilul nostru tapet Wavescape, care prezint\u0103 valuri orizontale de textura peretelui ce aduce un impact tridimensional \u00een orice camer\u0103.<\/p>\n<p>Cu design-ul s\u0103u captivant \u0219i efectul tridimensional, muralul Wavescape cu siguran\u021b\u0103 va deveni piesa central\u0103 a oric\u0103rei camere.<\/p>\n<p>Dac\u0103 sunte\u021bi \u00een c\u0103utarea unui spa\u021biu unic \u0219i atr\u0103g\u0103tor vizual, tapetul Wavescape este perfect pentru a crea un perete de accent \u00een sufragerie, dormitor sau zona de luat masa, care va l\u0103sa o impresie de neuitat asupra oricui \u00eel va vedea.<\/p>\n<p>Deci, de ce s\u0103 a\u0219tepta\u021bi? Transforma\u021bi-v\u0103 casa ast\u0103zi cu tapetul Wavescape, ce afi\u0219eaz\u0103 valuri orizontale de textura peretelui.<\/p>\n<p>Tapet de calitate premium de 350 g | Ne\u021besut | Suprafa\u021b\u0103 texturat\u0103 | Adezivul de aplic\u0103 doar pe suprafa\u021ba peretelui | Suprafa\u021b\u0103 rezistent\u0103 la ap\u0103 | Durabil \u0219i rezistent la zg\u00e2rieturi<\/p>\n","protected":false},"excerpt":{"rendered":"<p>Renova\u021bi-v\u0103 spa\u021biul de locuit cu remarcabilul nostru tapet Wavescape, care prezint\u0103 valuri orizontale de textura peretelui ce aduce un impact tridimensional \u00een orice camer\u0103.<\/p>\n<p>Cu design-ul s\u0103u captivant \u0219i efectul tridimensional, muralul Wavescape cu siguran\u021b\u0103 va deveni piesa central\u0103 a oric\u0103rei camere.<\/p>\n<p>Dac\u0103 sunte\u021bi \u00een c\u0103utarea unui spa\u021biu unic \u0219i atr\u0103g\u0103tor vizual, tapetul Wavescape este perfect pentru a crea un perete de accent \u00een sufragerie, dormitor sau zona de luat masa, care va l\u0103sa o impresie de neuitat asupra oricui \u00eel va vedea.<\/p>\n<p>Deci, de ce s\u0103 a\u0219tepta\u021bi? Transforma\u021bi-v\u0103 casa ast\u0103zi cu tapetul Wavescape, ce afi\u0219eaz\u0103 valuri orizontale de textura peretelui.<\/p>\n<p>Tapet de calitate premium de 350 g | Ne\u021besut | Suprafa\u021b\u0103 texturat\u0103 | Adezivul de aplic\u0103 doar pe suprafa\u021ba peretelui | Suprafa\u021b\u0103 rezistent\u0103 la ap\u0103 | Durabil \u0219i rezistent la zg\u00e2rieturi<\/p>\n","protected":false},"author":1,"featured_media":2548,"comment_status":"open","ping_status":"closed","template":"","meta":{"_acf_changed":false},"product_brand":[],"product_cat":[172],"product_tag":[],"class_list":{"0":"post-4100","1":"product","2":"type-product","3":"status-publish","4":"has-post-thumbnail","6":"product_cat-wallpaper-murals-ro","7":"product_shipping_class-large-goods-ro","9":"first","10":"instock","11":"shipping-taxable","12":"purchasable","13":"product-type-variable"},"acf":[],"_links":{"self":[{"href":"https:\/\/accentwall.eu\/ro\/wp-json\/wp\/v2\/product\/4100","targetHints":{"allow":["GET"]}}],"collection":[{"href":"https:\/\/accentwall.eu\/ro\/wp-json\/wp\/v2\/product"}],"about":[{"href":"https:\/\/accentwall.eu\/ro\/wp-json\/wp\/v2\/types\/product"}],"author":[{"embeddable":true,"href":"https:\/\/accentwall.eu\/ro\/wp-json\/wp\/v2\/users\/1"}],"replies":[{"embeddable":true,"href":"https:\/\/accentwall.eu\/ro\/wp-json\/wp\/v2\/comments?post=4100"}],"wp:featuredmedia":[{"embeddable":true,"href":"https:\/\/accentwall.eu\/ro\/wp-json\/wp\/v2\/media\/2548"}],"wp:attachment":[{"href":"https:\/\/accentwall.eu\/ro\/wp-json\/wp\/v2\/media?parent=4100"}],"wp:term":[{"taxonomy":"product_brand","embeddable":true,"href":"https:\/\/accentwall.eu\/ro\/wp-json\/wp\/v2\/product_brand?post=4100"},{"taxonomy":"product_cat","embeddable":true,"href":"https:\/\/accentwall.eu\/ro\/wp-json\/wp\/v2\/product_cat?post=4100"},{"taxonomy":"product_tag","embeddable":true,"href":"https:\/\/accentwall.eu\/ro\/wp-json\/wp\/v2\/product_tag?post=4100"}],"curies":[{"name":"wp","href":"https:\/\/api.w.org\/{rel}","templated":true}]}}