{"id":4107,"date":"2025-03-20T15:14:07","date_gmt":"2025-03-20T15:14:07","guid":{"rendered":"https:\/\/accentwall.eu\/product\/flamazing\/"},"modified":"2025-05-12T08:33:01","modified_gmt":"2025-05-12T08:33:01","slug":"flamazing","status":"publish","type":"product","link":"https:\/\/accentwall.eu\/ro\/produs\/flamazing\/","title":{"rendered":"Flamazing"},"content":{"rendered":"<p>Experimenta\u021bi paradisul magic \u0219i fermec\u0103tor cu tapetul nostru Flamazing! Aceast\u0103 captivant\u0103 oper\u0103 de art\u0103 este o crea\u021bie extraordinar\u0103 rezultat\u0103 din colaborarea special\u0103 cu <a style=\"color: black; font-weight: 600;\" href=\"https:\/\/primera.ro\/\" target=\"_blank\" rel=\"noopener\">Primera Interior of Passion<\/a>.<\/p>\n<p>Transporta\u021bi-v\u0103 \u00eentr-o lume de vise tropicale, plin\u0103 de p\u0103s\u0103ri flamingo juc\u0103u\u0219e \u0219i farmec vintage \u00een nuan\u021be delicate pastelate. Tapetul Flamazing \u00eembin\u0103 cu m\u0103iestrie minunile naturii cu estetica retro, elev\u00e2nd atmosfera \u0219i st\u00e2rnind conversa\u021bii printre oaspe\u021bi.<\/p>\n<p>Aceast\u0103 remarcabil\u0103 colaborare ne-a permis s\u0103 livr\u0103m o captivant\u0103 oper\u0103 de art\u0103 care celebreaz\u0103 frumuse\u021bea naturii, atrac\u021bia esteticii retro \u0219i spiritul vesel al p\u0103s\u0103rilor flamingo, r\u0103m\u00e2n\u00e2nd fidel angajamentului nostru fa\u021b\u0103 de calitate \u0219i inova\u021bie.<\/p>\n<p>Comanda\u021bi ast\u0103zi tapetul Flamazing \u0219i l\u0103sa\u021bi-v\u0103 imagina\u021bia s\u0103 zboare cu acest mural impresionant \u0219i de neuitat.<\/p>\n<p>Tapet de calitate premium de 350 g | Ne\u021besut | Suprafa\u021b\u0103 texturat\u0103 | Adezivul de aplic\u0103 doar pe suprafa\u021ba peretelui | Suprafa\u021b\u0103 rezistent\u0103 la ap\u0103 | Durabil \u0219i rezistent la zg\u00e2rieturi<\/p>\n","protected":false},"excerpt":{"rendered":"<p>Experimenta\u021bi paradisul magic \u0219i fermec\u0103tor cu tapetul nostru Flamazing! Aceast\u0103 captivant\u0103 oper\u0103 de art\u0103 este o crea\u021bie extraordinar\u0103 rezultat\u0103 din colaborarea special\u0103 cu <a href=\"https:\/\/primera.ro\/\"><strong>Primera Interior of Passion<\/strong><\/a>.<\/p>\n<p>Transporta\u021bi-v\u0103 \u00eentr-o lume de vise tropicale, plin\u0103 de p\u0103s\u0103ri flamingo juc\u0103u\u0219e \u0219i farmec vintage \u00een nuan\u021be delicate pastelate. Tapetul Flamazing \u00eembin\u0103 cu m\u0103iestrie minunile naturii cu estetica retro, elev\u00e2nd atmosfera \u0219i st\u00e2rnind conversa\u021bii printre oaspe\u021bi.<\/p>\n<p>Aceast\u0103 remarcabil\u0103 colaborare ne-a permis s\u0103 livr\u0103m o captivant\u0103 oper\u0103 de art\u0103 care celebreaz\u0103 frumuse\u021bea naturii, atrac\u021bia esteticii retro \u0219i spiritul vesel al p\u0103s\u0103rilor flamingo, r\u0103m\u00e2n\u00e2nd fidel angajamentului nostru fa\u021b\u0103 de calitate \u0219i inova\u021bie.<\/p>\n<p>Comanda\u021bi ast\u0103zi tapetul Flamazing \u0219i l\u0103sa\u021bi-v\u0103 imagina\u021bia s\u0103 zboare cu acest mural impresionant \u0219i de neuitat.<\/p>\n<p>Tapet de calitate premium de 350 g | Ne\u021besut | Suprafa\u021b\u0103 texturat\u0103 | Adezivul de aplic\u0103 doar pe suprafa\u021ba peretelui | Suprafa\u021b\u0103 rezistent\u0103 la ap\u0103 | Durabil \u0219i rezistent la zg\u00e2rieturi<\/p>\n","protected":false},"author":1,"featured_media":2555,"comment_status":"open","ping_status":"closed","template":"","meta":{"_acf_changed":false},"product_brand":[],"product_cat":[172],"product_tag":[],"class_list":{"0":"post-4107","1":"product","2":"type-product","3":"status-publish","4":"has-post-thumbnail","6":"product_cat-wallpaper-murals-ro","7":"product_shipping_class-large-goods-ro","9":"first","10":"instock","11":"shipping-taxable","12":"purchasable","13":"product-type-variable"},"acf":[],"_links":{"self":[{"href":"https:\/\/accentwall.eu\/ro\/wp-json\/wp\/v2\/product\/4107","targetHints":{"allow":["GET"]}}],"collection":[{"href":"https:\/\/accentwall.eu\/ro\/wp-json\/wp\/v2\/product"}],"about":[{"href":"https:\/\/accentwall.eu\/ro\/wp-json\/wp\/v2\/types\/product"}],"author":[{"embeddable":true,"href":"https:\/\/accentwall.eu\/ro\/wp-json\/wp\/v2\/users\/1"}],"replies":[{"embeddable":true,"href":"https:\/\/accentwall.eu\/ro\/wp-json\/wp\/v2\/comments?post=4107"}],"wp:featuredmedia":[{"embeddable":true,"href":"https:\/\/accentwall.eu\/ro\/wp-json\/wp\/v2\/media\/2555"}],"wp:attachment":[{"href":"https:\/\/accentwall.eu\/ro\/wp-json\/wp\/v2\/media?parent=4107"}],"wp:term":[{"taxonomy":"product_brand","embeddable":true,"href":"https:\/\/accentwall.eu\/ro\/wp-json\/wp\/v2\/product_brand?post=4107"},{"taxonomy":"product_cat","embeddable":true,"href":"https:\/\/accentwall.eu\/ro\/wp-json\/wp\/v2\/product_cat?post=4107"},{"taxonomy":"product_tag","embeddable":true,"href":"https:\/\/accentwall.eu\/ro\/wp-json\/wp\/v2\/product_tag?post=4107"}],"curies":[{"name":"wp","href":"https:\/\/api.w.org\/{rel}","templated":true}]}}