{"id":4109,"date":"2025-03-20T15:14:07","date_gmt":"2025-03-20T15:14:07","guid":{"rendered":"https:\/\/accentwall.eu\/product\/sakura\/"},"modified":"2025-05-12T08:33:57","modified_gmt":"2025-05-12T08:33:57","slug":"sakura","status":"publish","type":"product","link":"https:\/\/accentwall.eu\/ro\/produs\/sakura\/","title":{"rendered":"Sakura"},"content":{"rendered":"<p>Descoper\u0103 frumuse\u021bea radiant\u0103 tapetului nostru Sakura. Experimenta\u021bi lini\u0219tea pe care o dau tu\u0219ele delicate de acuarel\u0103, captur\u00e2nd esen\u021ba florilor de cire\u0219, pictate \u00een nuan\u021be bl\u00e2nde \u0219i atenuate. Acest tapet mural devine o simfonie a subtilit\u0103\u021bii, imprim\u00e2nd \u00eenc\u0103perii dumneavoastr\u0103 o senza\u021bie de lini\u0219te \u0219i admira\u021bie artistic\u0103.<\/p>\n<p>O fuziune excep\u021bional\u0103: parteneriatul remarcabil cu <a style=\"color: black; font-weight: 600;\" href=\"https:\/\/primera.ro\/\" target=\"_blank\" rel=\"noopener\">Primera Interior of Passion<\/a>, combin\u0103 dragostea noastr\u0103 pentru detalii captivante cu \u00een\u021belegerea profund\u0103 a spa\u021biilor interioare \u0219i esteticii de c\u0103tre Primera Interiors of Passion. Rezultatul este o fuziune fascinant\u0103 \u00eentre elegan\u021b\u0103 \u0219i natur\u0103 care scoate cu adev\u0103rat acest mural \u00een eviden\u021b\u0103.<\/p>\n<p>Muralul Sakura captureaz\u0103 gra\u021bia trec\u0103toare a prim\u0103verii, \u00eembog\u0103\u021bind \u00eenc\u0103perea dumneavoastr\u0103 cu lini\u0219te \u0219i admira\u021bie. Fiecare tu\u0219\u0103 de pensul\u0103 \u00eenf\u0103\u021bi\u0219eaz\u0103 cu aten\u021bie delicate\u021bea florilor de cire\u0219, cre\u00e2nd o imagine fascinant\u0103 care st\u00e2rne\u0219te sim\u021burile. Muralul d\u0103 via\u021b\u0103 echilibrului delicat dintre ramuri \u0219i petale, invit\u00e2ndu-v\u0103 s\u0103 v\u0103 cufunda\u021bi \u00een \u00eembr\u0103\u021bi\u0219area acestei scene captivante.<\/p>\n<p>Celebra\u021bi paleta subtil\u0103 a nuan\u021belor bl\u00e2nde de roz \u0219i alb imaculat care \u00eempodobesc florile de cire\u0219.<\/p>\n<p>Ideal pentru orice camer\u0103, muralul Sakura vorbe\u0219te despre frumuse\u021bea momentelor efemere ale naturii \u0219i adaug\u0103 un strop de elegan\u021b\u0103 rafinat\u0103 pere\u021bilor t\u0103i.<\/p>\n<p>Tapet de calitate premium de 350 g | Ne\u021besut | Suprafa\u021b\u0103 texturat\u0103 | Adezivul de aplic\u0103 doar pe suprafa\u021ba peretelui | Suprafa\u021b\u0103 rezistent\u0103 la ap\u0103 | Durabil \u0219i rezistent la zg\u00e2rieturi<\/p>\n","protected":false},"excerpt":{"rendered":"<p>Descoper\u0103 frumuse\u021bea radiant\u0103 tapetului nostru Sakura. Experimenta\u021bi lini\u0219tea pe care o dau tu\u0219ele delicate de acuarel\u0103, captur\u00e2nd esen\u021ba florilor de cire\u0219, pictate \u00een nuan\u021be bl\u00e2nde \u0219i atenuate. Acest tapet mural devine o simfonie a subtilit\u0103\u021bii, imprim\u00e2nd \u00eenc\u0103perii dumneavoastr\u0103 o senza\u021bie de lini\u0219te \u0219i admira\u021bie artistic\u0103.<\/p>\n<p>O fuziune excep\u021bional\u0103: parteneriatul remarcabil cu <a style=\"color: black; font-weight: 600;\" href=\"https:\/\/primera.ro\/\">Primera Interior of Passion<\/a>, combin\u0103 dragostea noastr\u0103 pentru detalii captivante cu \u00een\u021belegerea profund\u0103 a spa\u021biilor interioare \u0219i esteticii de c\u0103tre Primera Interiors of Passion. Rezultatul este o fuziune fascinant\u0103 \u00eentre elegan\u021b\u0103 \u0219i natur\u0103 care scoate cu adev\u0103rat acest mural \u00een eviden\u021b\u0103.<\/p>\n<p>Muralul Sakura captureaz\u0103 gra\u021bia trec\u0103toare a prim\u0103verii, \u00eembog\u0103\u021bind \u00eenc\u0103perea dumneavoastr\u0103 cu lini\u0219te \u0219i admira\u021bie. Fiecare tu\u0219\u0103 de pensul\u0103 \u00eenf\u0103\u021bi\u0219eaz\u0103 cu aten\u021bie delicate\u021bea florilor de cire\u0219, cre\u00e2nd o imagine fascinant\u0103 care st\u00e2rne\u0219te sim\u021burile. Muralul d\u0103 via\u021b\u0103 echilibrului delicat dintre ramuri \u0219i petale, invit\u00e2ndu-v\u0103 s\u0103 v\u0103 cufunda\u021bi \u00een \u00eembr\u0103\u021bi\u0219area acestei scene captivante.<\/p>\n<p>Celebra\u021bi paleta subtil\u0103 a nuan\u021belor bl\u00e2nde de roz \u0219i alb imaculat care \u00eempodobesc florile de cire\u0219.<\/p>\n<p>Ideal pentru orice camer\u0103, muralul Sakura vorbe\u0219te despre frumuse\u021bea momentelor efemere ale naturii \u0219i adaug\u0103 un strop de elegan\u021b\u0103 rafinat\u0103 pere\u021bilor t\u0103i.<\/p>\n<p>Tapet de calitate premium de 350 g | Ne\u021besut | Suprafa\u021b\u0103 texturat\u0103 | Adezivul de aplic\u0103 doar pe suprafa\u021ba peretelui | Suprafa\u021b\u0103 rezistent\u0103 la ap\u0103 | Durabil \u0219i rezistent la zg\u00e2rieturi<\/p>\n","protected":false},"author":1,"featured_media":2557,"comment_status":"open","ping_status":"closed","template":"","meta":{"_acf_changed":false},"product_brand":[],"product_cat":[172],"product_tag":[],"class_list":{"0":"post-4109","1":"product","2":"type-product","3":"status-publish","4":"has-post-thumbnail","6":"product_cat-wallpaper-murals-ro","7":"product_shipping_class-large-goods-ro","9":"first","10":"instock","11":"shipping-taxable","12":"purchasable","13":"product-type-variable"},"acf":[],"_links":{"self":[{"href":"https:\/\/accentwall.eu\/ro\/wp-json\/wp\/v2\/product\/4109","targetHints":{"allow":["GET"]}}],"collection":[{"href":"https:\/\/accentwall.eu\/ro\/wp-json\/wp\/v2\/product"}],"about":[{"href":"https:\/\/accentwall.eu\/ro\/wp-json\/wp\/v2\/types\/product"}],"author":[{"embeddable":true,"href":"https:\/\/accentwall.eu\/ro\/wp-json\/wp\/v2\/users\/1"}],"replies":[{"embeddable":true,"href":"https:\/\/accentwall.eu\/ro\/wp-json\/wp\/v2\/comments?post=4109"}],"wp:featuredmedia":[{"embeddable":true,"href":"https:\/\/accentwall.eu\/ro\/wp-json\/wp\/v2\/media\/2557"}],"wp:attachment":[{"href":"https:\/\/accentwall.eu\/ro\/wp-json\/wp\/v2\/media?parent=4109"}],"wp:term":[{"taxonomy":"product_brand","embeddable":true,"href":"https:\/\/accentwall.eu\/ro\/wp-json\/wp\/v2\/product_brand?post=4109"},{"taxonomy":"product_cat","embeddable":true,"href":"https:\/\/accentwall.eu\/ro\/wp-json\/wp\/v2\/product_cat?post=4109"},{"taxonomy":"product_tag","embeddable":true,"href":"https:\/\/accentwall.eu\/ro\/wp-json\/wp\/v2\/product_tag?post=4109"}],"curies":[{"name":"wp","href":"https:\/\/api.w.org\/{rel}","templated":true}]}}