{"id":4112,"date":"2025-03-20T15:14:08","date_gmt":"2025-03-20T15:14:08","guid":{"rendered":"https:\/\/accentwall.eu\/product\/noble\/"},"modified":"2025-05-12T08:34:49","modified_gmt":"2025-05-12T08:34:49","slug":"noble","status":"publish","type":"product","link":"https:\/\/accentwall.eu\/ro\/produs\/noble\/","title":{"rendered":"Noble"},"content":{"rendered":"<p>Intra\u021bi \u00eentr-o lume a elegan\u021bei atemporale cu tapetul nostru Noble captivant. Creat \u00een colaborare cu <a style=\"color: black; font-weight: 600;\" href=\"https:\/\/primera.ro\/\" target=\"_blank\" rel=\"noopener\">Primera Interior of Passion<\/a>, aceast\u0103 capodoper\u0103 \u00eembin\u0103 cu u\u0219urin\u021b\u0103 estetica vintage \u0219i lini\u0219tea naturii, transform\u00e2ndu-l \u00eentr-o decora\u021biune de interior cu adev\u0103rat excep\u021bional\u0103 pentru casa dumneavoastr\u0103 sau birou.<\/p>\n<p>Muralul surprinde farmecul unei vile aristocrate cuib\u0103rit \u00een mijlocul unor peisaje luxuriante, cu elementele sale elaborate \u0219i nuan\u021bele vintage cre\u00e2nd o atmosfer\u0103 fermec\u0103toare care rezoneaz\u0103 \u00een orice spa\u021biu. De la coloanele m\u0103re\u021be la sc\u0103rile impun\u0103toare, ve\u021bi fi transportat \u00eentr-o er\u0103 a sofistic\u0103rii \u0219i m\u0103re\u021biei.<\/p>\n<p>Personaliza\u021bi tapetul mural Noble pentru a se \u00eembina armonios cu \u00eenc\u0103perea dumneavoastr\u0103 \u0219i l\u0103sa\u021bi creativitatea s\u0103 \u00eenfloreasc\u0103.<\/p>\n<p>Comanda\u021bi ast\u0103zi tapetul Noble \u0219i scufunda\u021bi-v\u0103 \u00een farmecul vintage \u0219i splendoarea natural\u0103, d\u00e2nd via\u021b\u0103 spa\u021biului dumneavoastr\u0103. L\u0103sa\u021bi acest mural captivant s\u0103 \u00eembine trecutul \u0219i prezentul, ad\u0103ug\u00e2nd istorie \u0219i elegan\u021b\u0103 \u00een lumea modern\u0103.<\/p>\n<p>Tapet de calitate premium de 350 g | Ne\u021besut | Suprafa\u021b\u0103 texturat\u0103 | Adezivul de aplic\u0103 doar pe suprafa\u021ba peretelui | Suprafa\u021b\u0103 rezistent\u0103 la ap\u0103 | Durabil \u0219i rezistent la zg\u00e2rieturi<\/p>\n","protected":false},"excerpt":{"rendered":"<p>Intra\u021bi \u00eentr-o lume a elegan\u021bei atemporale cu tapetul nostru Noble captivant. Creat \u00een colaborare cu <strong><a href=\"https:\/\/primera.ro\/\">Primera Interior of Passion<\/a><\/strong>, aceast\u0103 capodoper\u0103 \u00eembin\u0103 cu u\u0219urin\u021b\u0103 estetica vintage \u0219i lini\u0219tea naturii, transform\u00e2ndu-l \u00eentr-o decora\u021biune de interior cu adev\u0103rat excep\u021bional\u0103 pentru casa dumneavoastr\u0103 sau birou.<\/p>\n<p>Muralul surprinde farmecul unei vile aristocrate cuib\u0103rit \u00een mijlocul unor peisaje luxuriante, cu elementele sale elaborate \u0219i nuan\u021bele vintage cre\u00e2nd o atmosfer\u0103 fermec\u0103toare care rezoneaz\u0103 \u00een orice spa\u021biu. De la coloanele m\u0103re\u021be la sc\u0103rile impun\u0103toare, ve\u021bi fi transportat \u00eentr-o er\u0103 a sofistic\u0103rii \u0219i m\u0103re\u021biei.<\/p>\n<p>Personaliza\u021bi tapetul mural Noble pentru a se \u00eembina armonios cu \u00eenc\u0103perea dumneavoastr\u0103 \u0219i l\u0103sa\u021bi creativitatea s\u0103 \u00eenfloreasc\u0103.<\/p>\n<p>Comanda\u021bi ast\u0103zi tapetul Noble \u0219i scufunda\u021bi-v\u0103 \u00een farmecul vintage \u0219i splendoarea natural\u0103, d\u00e2nd via\u021b\u0103 spa\u021biului dumneavoastr\u0103. L\u0103sa\u021bi acest mural captivant s\u0103 \u00eembine trecutul \u0219i prezentul, ad\u0103ug\u00e2nd istorie \u0219i elegan\u021b\u0103 \u00een lumea modern\u0103.<\/p>\n<p>Tapet de calitate premium de 350 g | Ne\u021besut | Suprafa\u021b\u0103 texturat\u0103 | Adezivul de aplic\u0103 doar pe suprafa\u021ba peretelui | Suprafa\u021b\u0103 rezistent\u0103 la ap\u0103 | Durabil \u0219i rezistent la zg\u00e2rieturi<\/p>\n","protected":false},"author":1,"featured_media":2560,"comment_status":"open","ping_status":"closed","template":"","meta":{"_acf_changed":false},"product_brand":[],"product_cat":[172],"product_tag":[],"class_list":{"0":"post-4112","1":"product","2":"type-product","3":"status-publish","4":"has-post-thumbnail","6":"product_cat-wallpaper-murals-ro","7":"product_shipping_class-large-goods-ro","9":"first","10":"instock","11":"shipping-taxable","12":"purchasable","13":"product-type-variable"},"acf":[],"_links":{"self":[{"href":"https:\/\/accentwall.eu\/ro\/wp-json\/wp\/v2\/product\/4112","targetHints":{"allow":["GET"]}}],"collection":[{"href":"https:\/\/accentwall.eu\/ro\/wp-json\/wp\/v2\/product"}],"about":[{"href":"https:\/\/accentwall.eu\/ro\/wp-json\/wp\/v2\/types\/product"}],"author":[{"embeddable":true,"href":"https:\/\/accentwall.eu\/ro\/wp-json\/wp\/v2\/users\/1"}],"replies":[{"embeddable":true,"href":"https:\/\/accentwall.eu\/ro\/wp-json\/wp\/v2\/comments?post=4112"}],"wp:featuredmedia":[{"embeddable":true,"href":"https:\/\/accentwall.eu\/ro\/wp-json\/wp\/v2\/media\/2560"}],"wp:attachment":[{"href":"https:\/\/accentwall.eu\/ro\/wp-json\/wp\/v2\/media?parent=4112"}],"wp:term":[{"taxonomy":"product_brand","embeddable":true,"href":"https:\/\/accentwall.eu\/ro\/wp-json\/wp\/v2\/product_brand?post=4112"},{"taxonomy":"product_cat","embeddable":true,"href":"https:\/\/accentwall.eu\/ro\/wp-json\/wp\/v2\/product_cat?post=4112"},{"taxonomy":"product_tag","embeddable":true,"href":"https:\/\/accentwall.eu\/ro\/wp-json\/wp\/v2\/product_tag?post=4112"}],"curies":[{"name":"wp","href":"https:\/\/api.w.org\/{rel}","templated":true}]}}