{"id":4119,"date":"2025-03-20T15:14:08","date_gmt":"2025-03-20T15:14:08","guid":{"rendered":"https:\/\/accentwall.eu\/product\/earthly\/"},"modified":"2025-05-12T08:36:26","modified_gmt":"2025-05-12T08:36:26","slug":"earthly","status":"publish","type":"product","link":"https:\/\/accentwall.eu\/ro\/produs\/earthly\/","title":{"rendered":"Earthly"},"content":{"rendered":"<p>V\u0103 invit\u0103m s\u0103 descoperi\u021bi farmecul deosebit al tapetului nostru mural, Earthly. L\u0103sa\u021bi-v\u0103 \u00eenv\u0103lui\u021bi de frumuse\u021bea atemporal\u0103 a artei abstracte, unde se \u00eempletesc cu gra\u021bie tonurile calde p\u0103m\u00e2ntii sau nuan\u021bele lini\u0219tite ale albastrului oceanic. Tapetul nostru mural Earthly, dep\u0103\u0219e\u0219te limitele conven\u021bionale, transform\u00e2nd pere\u021bi obi\u0219nui\u021bi \u00eentr-o p\u00e2nz\u0103 elegant\u0103 \u0219i armonioas\u0103.<\/p>\n<p>Permite\u021bi ca fiecare col\u021b al casei dumneavoastr\u0103 s\u0103 devin\u0103 o expresie autentic\u0103 a rafinamentului \u0219i sim\u021bi\u021bi conexiunea profund\u0103 cu p\u0103m\u00e2ntul. Fiecare tu\u0219\u0103 din acest tapet mural ac\u021bioneaz\u0103 ca o recunoa\u0219tere vie a bog\u0103\u021biei naturii, invit\u00e2ndu-v\u0103 la o reflectare asupra detaliilor subtile care transform\u0103 lumea noastr\u0103 \u00eentr-un spectacol fascinant.<\/p>\n<p>Explora\u021bi universul artistic al tapetului Earthly \u0219i crea\u021bi \u00een casa dumneavoastr\u0103 o simfonie de culori autentic\u0103. Acest mural nu se opre\u0219te la a fi o simpl\u0103 delectare vizual\u0103 \u2013 este un dialog \u00een curs cu natura. Permite\u021bi ca tapetul Earthly s\u0103 fie o surs\u0103 de inspira\u021bie, acolo unde fuziunea dintre art\u0103 \u0219i mediu creeaz\u0103 o atmosfer\u0103 care rezoneaz\u0103 cu ritmul cotidian al vie\u021bii dumneavoastr\u0103.<\/p>\n<p>Tapet de calitate premium de 350 g | Ne\u021besut | Suprafa\u021b\u0103 texturat\u0103 | Adezivul de aplic\u0103 doar pe suprafa\u021ba peretelui | Suprafa\u021b\u0103 rezistent\u0103 la ap\u0103 | Durabil \u0219i rezistent la zg\u00e2rieturi<\/p>\n","protected":false},"excerpt":{"rendered":"<p>V\u0103 invit\u0103m s\u0103 descoperi\u021bi farmecul deosebit al tapetului nostru mural, Earthly. L\u0103sa\u021bi-v\u0103 \u00eenv\u0103lui\u021bi de frumuse\u021bea atemporal\u0103 a artei abstracte, unde se \u00eempletesc cu gra\u021bie tonurile calde p\u0103m\u00e2ntii sau nuan\u021bele lini\u0219tite ale albastrului oceanic. Tapetul nostru mural Earthly, dep\u0103\u0219e\u0219te limitele conven\u021bionale, transform\u00e2nd pere\u021bi obi\u0219nui\u021bi \u00eentr-o p\u00e2nz\u0103 elegant\u0103 \u0219i armonioas\u0103.<\/p>\n<p>Permite\u021bi ca fiecare col\u021b al casei dumneavoastr\u0103 s\u0103 devin\u0103 o expresie autentic\u0103 a rafinamentului \u0219i sim\u021bi\u021bi conexiunea profund\u0103 cu p\u0103m\u00e2ntul. Fiecare tu\u0219\u0103 din acest tapet mural ac\u021bioneaz\u0103 ca o recunoa\u0219tere vie a bog\u0103\u021biei naturii, invit\u00e2ndu-v\u0103 la o reflectare asupra detaliilor subtile care transform\u0103 lumea noastr\u0103 \u00eentr-un spectacol fascinant.<\/p>\n<p>Explora\u021bi universul artistic al tapetului Earthly \u0219i crea\u021bi \u00een casa dumneavoastr\u0103 o simfonie de culori autentic\u0103. Acest mural nu se opre\u0219te la a fi o simpl\u0103 delectare vizual\u0103 \u2013 este un dialog \u00een curs cu natura. Permite\u021bi ca tapetul Earthly s\u0103 fie o surs\u0103 de inspira\u021bie, acolo unde fuziunea dintre art\u0103 \u0219i mediu creeaz\u0103 o atmosfer\u0103 care rezoneaz\u0103 cu ritmul cotidian al vie\u021bii dumneavoastr\u0103.<\/p>\n<p>Tapet de calitate premium de 350 g | Ne\u021besut | Suprafa\u021b\u0103 texturat\u0103 | Adezivul de aplic\u0103 doar pe suprafa\u021ba peretelui | Suprafa\u021b\u0103 rezistent\u0103 la ap\u0103 | Durabil \u0219i rezistent la zg\u00e2rieturi<\/p>\n","protected":false},"author":1,"featured_media":2566,"comment_status":"open","ping_status":"closed","template":"","meta":{"_acf_changed":false},"product_brand":[],"product_cat":[172],"product_tag":[],"class_list":{"0":"post-4119","1":"product","2":"type-product","3":"status-publish","4":"has-post-thumbnail","6":"product_cat-wallpaper-murals-ro","7":"product_shipping_class-large-goods-ro","9":"first","10":"instock","11":"shipping-taxable","12":"purchasable","13":"product-type-variable"},"acf":[],"_links":{"self":[{"href":"https:\/\/accentwall.eu\/ro\/wp-json\/wp\/v2\/product\/4119","targetHints":{"allow":["GET"]}}],"collection":[{"href":"https:\/\/accentwall.eu\/ro\/wp-json\/wp\/v2\/product"}],"about":[{"href":"https:\/\/accentwall.eu\/ro\/wp-json\/wp\/v2\/types\/product"}],"author":[{"embeddable":true,"href":"https:\/\/accentwall.eu\/ro\/wp-json\/wp\/v2\/users\/1"}],"replies":[{"embeddable":true,"href":"https:\/\/accentwall.eu\/ro\/wp-json\/wp\/v2\/comments?post=4119"}],"wp:featuredmedia":[{"embeddable":true,"href":"https:\/\/accentwall.eu\/ro\/wp-json\/wp\/v2\/media\/2566"}],"wp:attachment":[{"href":"https:\/\/accentwall.eu\/ro\/wp-json\/wp\/v2\/media?parent=4119"}],"wp:term":[{"taxonomy":"product_brand","embeddable":true,"href":"https:\/\/accentwall.eu\/ro\/wp-json\/wp\/v2\/product_brand?post=4119"},{"taxonomy":"product_cat","embeddable":true,"href":"https:\/\/accentwall.eu\/ro\/wp-json\/wp\/v2\/product_cat?post=4119"},{"taxonomy":"product_tag","embeddable":true,"href":"https:\/\/accentwall.eu\/ro\/wp-json\/wp\/v2\/product_tag?post=4119"}],"curies":[{"name":"wp","href":"https:\/\/api.w.org\/{rel}","templated":true}]}}