{"id":4124,"date":"2025-03-20T15:14:30","date_gmt":"2025-03-20T15:14:30","guid":{"rendered":"https:\/\/accentwall.eu\/product\/leaf-veil\/"},"modified":"2025-05-12T08:37:45","modified_gmt":"2025-05-12T08:37:45","slug":"leaf-veil","status":"publish","type":"product","link":"https:\/\/accentwall.eu\/ro\/produs\/leaf-veil\/","title":{"rendered":"Leaf Veil"},"content":{"rendered":"<p>Bucura\u021bi-v\u0103 de elegan\u021ba naturii cu tapetul mural Leaf Veil, o crea\u021bie remarcabil\u0103 n\u0103scut\u0103 din parteneriatul nostru extraordinar cu <a style=\"color: black; font-weight: 600;\" href=\"https:\/\/primera.ro\/\" target=\"_blank\" rel=\"noopener\">Primera Interior of Passion<\/a>. \u00cempreun\u0103, am creat o oper\u0103 de art\u0103 care \u00eentruchipeaz\u0103 esen\u021ba rafinamentului \u0219i creativit\u0103\u021bii, eviden\u021biindu-v\u0103 casa cu farmecul s\u0103u atemporal.<\/p>\n<p>Aceast\u0103 crea\u021bie uimitoare combin\u0103 forme \u00eendr\u0103zne\u021be ale frunzelor, umbre complexe \u0219i linii verticale elegante pentru a eviden\u021bia spa\u021biul dumneavoastr\u0103. Personaliza\u021bi op\u021biunile de culoare \u0219i tonurile pentru a completa perfect decorul dumneavoastr\u0103, asigur\u00e2ndu-v\u0103 c\u0103 se potrive\u0219te perfect spa\u021biului pe care \u00eel decora\u021bi. Experimenta\u021bi amestecul armonios dintre art\u0103 \u0219i elegan\u021ba naturii de fiecare dat\u0103 c\u00e2nd privi\u021bi tapetul mural captivant, Leaf Veil.<\/p>\n<p>Tapet de calitate premium de 350 g | Ne\u021besut | Suprafa\u021b\u0103 texturat\u0103 | Adezivul de aplic\u0103 doar pe suprafa\u021ba peretelui | Suprafa\u021b\u0103 rezistent\u0103 la ap\u0103 | Durabil \u0219i rezistent la zg\u00e2rieturi<\/p>\n","protected":false},"excerpt":{"rendered":"<p>Bucura\u021bi-v\u0103 de elegan\u021ba naturii cu tapetul mural Leaf Veil, o crea\u021bie remarcabil\u0103 n\u0103scut\u0103 din parteneriatul nostru extraordinar cu <a href=\"https:\/\/primera.ro\/\"><strong>Primera Interior of Passion<\/strong><\/a>. \u00cempreun\u0103, am creat o oper\u0103 de art\u0103 care \u00eentruchipeaz\u0103 esen\u021ba rafinamentului \u0219i creativit\u0103\u021bii, eviden\u021biindu-v\u0103 casa cu farmecul s\u0103u atemporal.<\/p>\n<p>Aceast\u0103 crea\u021bie uimitoare combin\u0103 forme \u00eendr\u0103zne\u021be ale frunzelor, umbre complexe \u0219i linii verticale elegante pentru a eviden\u021bia spa\u021biul dumneavoastr\u0103. Personaliza\u021bi op\u021biunile de culoare \u0219i tonurile pentru a completa perfect decorul dumneavoastr\u0103, asigur\u00e2ndu-v\u0103 c\u0103 se potrive\u0219te perfect spa\u021biului pe care \u00eel decora\u021bi. Experimenta\u021bi amestecul armonios dintre art\u0103 \u0219i elegan\u021ba naturii de fiecare dat\u0103 c\u00e2nd privi\u021bi tapetul mural captivant, Leaf Veil.<\/p>\n<p>Tapet de calitate premium de 350 g | Ne\u021besut | Suprafa\u021b\u0103 texturat\u0103 | Adezivul de aplic\u0103 doar pe suprafa\u021ba peretelui | Suprafa\u021b\u0103 rezistent\u0103 la ap\u0103 | Durabil \u0219i rezistent la zg\u00e2rieturi<\/p>\n","protected":false},"author":1,"featured_media":2571,"comment_status":"open","ping_status":"closed","template":"","meta":{"_acf_changed":false},"product_brand":[],"product_cat":[172],"product_tag":[],"class_list":{"0":"post-4124","1":"product","2":"type-product","3":"status-publish","4":"has-post-thumbnail","6":"product_cat-wallpaper-murals-ro","7":"product_shipping_class-large-goods-ro","9":"first","10":"instock","11":"shipping-taxable","12":"purchasable","13":"product-type-variable"},"acf":[],"_links":{"self":[{"href":"https:\/\/accentwall.eu\/ro\/wp-json\/wp\/v2\/product\/4124","targetHints":{"allow":["GET"]}}],"collection":[{"href":"https:\/\/accentwall.eu\/ro\/wp-json\/wp\/v2\/product"}],"about":[{"href":"https:\/\/accentwall.eu\/ro\/wp-json\/wp\/v2\/types\/product"}],"author":[{"embeddable":true,"href":"https:\/\/accentwall.eu\/ro\/wp-json\/wp\/v2\/users\/1"}],"replies":[{"embeddable":true,"href":"https:\/\/accentwall.eu\/ro\/wp-json\/wp\/v2\/comments?post=4124"}],"wp:featuredmedia":[{"embeddable":true,"href":"https:\/\/accentwall.eu\/ro\/wp-json\/wp\/v2\/media\/2571"}],"wp:attachment":[{"href":"https:\/\/accentwall.eu\/ro\/wp-json\/wp\/v2\/media?parent=4124"}],"wp:term":[{"taxonomy":"product_brand","embeddable":true,"href":"https:\/\/accentwall.eu\/ro\/wp-json\/wp\/v2\/product_brand?post=4124"},{"taxonomy":"product_cat","embeddable":true,"href":"https:\/\/accentwall.eu\/ro\/wp-json\/wp\/v2\/product_cat?post=4124"},{"taxonomy":"product_tag","embeddable":true,"href":"https:\/\/accentwall.eu\/ro\/wp-json\/wp\/v2\/product_tag?post=4124"}],"curies":[{"name":"wp","href":"https:\/\/api.w.org\/{rel}","templated":true}]}}