{"id":4127,"date":"2025-03-20T15:14:30","date_gmt":"2025-03-20T15:14:30","guid":{"rendered":"https:\/\/accentwall.eu\/product\/shadow-dance\/"},"modified":"2025-10-18T07:54:38","modified_gmt":"2025-10-18T07:54:38","slug":"shadow-dance","status":"publish","type":"product","link":"https:\/\/accentwall.eu\/ro\/produs\/shadow-dance\/","title":{"rendered":"Shadow Dance"},"content":{"rendered":"<p>P\u0103\u0219e\u0219te \u00eentr-o atmosfer\u0103 natural\u0103 cu tapetul mural Shadow Dance, creat \u00eempreun\u0103 cu <a style=\"color: black; font-weight: 600;\" href=\"https:\/\/primera.ro\/\" target=\"_blank\" rel=\"noopener\">Primera Interior of Passion<\/a> \u00eentr-o colaborare special\u0103. Decorat cu frunze delicate c\u0103zute pe un fundal frumos maro, aduce frumuse\u021bea natural\u0103 \u00een casa ta. Conceput pentru a inspira lini\u0219te \u0219i c\u0103ldur\u0103, tapetul mural Shadow Dance transform\u0103 orice \u00eenc\u0103pere \u00eentr-un spa\u021biu modern \u0219i elegant. Alege\u021bi s\u0103 crea\u021bi o atmosfer\u0103 elegant\u0103 cu acest tapet captivant, personalizabil pentru a se potrivi stilului t\u0103u. Experimenta\u021bi amestecul de art\u0103 \u0219i natur\u0103 \u00een spa\u021biul dumneavoastr\u0103.<\/p>\n<p>Tapet de calitate premium de 350 g | Ne\u021besut | Suprafa\u021b\u0103 texturat\u0103 | Adezivul de aplic\u0103 doar pe suprafa\u021ba peretelui | Suprafa\u021b\u0103 rezistent\u0103 la ap\u0103 | Durabil \u0219i rezistent la zg\u00e2rieturi<\/p>\n","protected":false},"excerpt":{"rendered":"<p>Step into nature with our Shadow Dance wallpaper mural, curated by <strong><a href=\"https:\/\/primera.ro\/\">Primera Interiors of Passion<\/a> <\/strong>in a special collaboration. Adorned with delicate fallen leaves against a beautiful brown backdrop, it brings natural beauty into your home. Designed for tranquility and warmth, the Shadow Dance mural transforms any room into a modern and elegant space. Elevate your decor with this captivating artwork, customizable to complement your style. Experience the blend of artistry and nature in your space.<\/p>\n<p>Tapet de calitate premium de 350 g | Ne\u021besut | Suprafa\u021b\u0103 texturat\u0103 | Adezivul de aplic\u0103 doar pe suprafa\u021ba peretelui | Suprafa\u021b\u0103 rezistent\u0103 la ap\u0103 | Durabil \u0219i rezistent la zg\u00e2rieturi<\/p>\n","protected":false},"author":1,"featured_media":2574,"comment_status":"open","ping_status":"closed","template":"","meta":{"_acf_changed":false},"product_brand":[],"product_cat":[172],"product_tag":[],"class_list":{"0":"post-4127","1":"product","2":"type-product","3":"status-publish","4":"has-post-thumbnail","6":"product_cat-wallpaper-murals-ro","7":"product_shipping_class-large-goods-ro","9":"first","10":"instock","11":"shipping-taxable","12":"purchasable","13":"product-type-variable"},"acf":[],"_links":{"self":[{"href":"https:\/\/accentwall.eu\/ro\/wp-json\/wp\/v2\/product\/4127","targetHints":{"allow":["GET"]}}],"collection":[{"href":"https:\/\/accentwall.eu\/ro\/wp-json\/wp\/v2\/product"}],"about":[{"href":"https:\/\/accentwall.eu\/ro\/wp-json\/wp\/v2\/types\/product"}],"author":[{"embeddable":true,"href":"https:\/\/accentwall.eu\/ro\/wp-json\/wp\/v2\/users\/1"}],"replies":[{"embeddable":true,"href":"https:\/\/accentwall.eu\/ro\/wp-json\/wp\/v2\/comments?post=4127"}],"wp:featuredmedia":[{"embeddable":true,"href":"https:\/\/accentwall.eu\/ro\/wp-json\/wp\/v2\/media\/2574"}],"wp:attachment":[{"href":"https:\/\/accentwall.eu\/ro\/wp-json\/wp\/v2\/media?parent=4127"}],"wp:term":[{"taxonomy":"product_brand","embeddable":true,"href":"https:\/\/accentwall.eu\/ro\/wp-json\/wp\/v2\/product_brand?post=4127"},{"taxonomy":"product_cat","embeddable":true,"href":"https:\/\/accentwall.eu\/ro\/wp-json\/wp\/v2\/product_cat?post=4127"},{"taxonomy":"product_tag","embeddable":true,"href":"https:\/\/accentwall.eu\/ro\/wp-json\/wp\/v2\/product_tag?post=4127"}],"curies":[{"name":"wp","href":"https:\/\/api.w.org\/{rel}","templated":true}]}}