{"id":4131,"date":"2025-03-20T15:14:30","date_gmt":"2025-03-20T15:14:30","guid":{"rendered":"https:\/\/accentwall.eu\/product\/polarix\/"},"modified":"2025-05-12T08:39:38","modified_gmt":"2025-05-12T08:39:38","slug":"polarix","status":"publish","type":"product","link":"https:\/\/accentwall.eu\/ro\/produs\/polarix\/","title":{"rendered":"Polarix"},"content":{"rendered":"<p>V\u0103 prezent\u0103m Polarix, un tapet mural elegant inspirat de pl\u0103ci ceramice \u00een degradee.<\/p>\n<p>Bucura\u021bi-v\u0103 de frumuse\u021bea lini\u0219tit\u0103 a tapetului Polarix, un tapet mural excep\u021bional, cu un design contemporan care include forme asem\u0103n\u0103toare pl\u0103cilor ceramice \u00een degrade turcoaz. Acest tapet mural creeaz\u0103 un efect uimitor 3D de plutire, ad\u0103ug\u00e2nd o not\u0103 de elegan\u021b\u0103 \u0219i calm \u00een orice \u00eenc\u0103pere. Perfect pentru \u00eenfrumuse\u021barea livingului, dormitorului sau biroului, tapetul mural Polarix se remarc\u0103 ca o pies\u0103 central\u0103 rafinat\u0103 care \u00eembun\u0103t\u0103\u021be\u0219te interiorul dumneavoastr\u0103.<\/p>\n<p>\u00cembog\u0103\u021bi\u021bi-v\u0103 spa\u021biul cu tapetul mural Polarix \u0219i experimenta\u021bi elegan\u021ba lini\u0219tit\u0103 a designului modern. Comanda\u021bi acum pentru a crea o impresie vizual\u0103 impresionant\u0103 \u00een casa dumneavoastr\u0103!<\/p>\n<p>Tapet de calitate premium de 350 g | Ne\u021besut | Suprafa\u021b\u0103 texturat\u0103 | Adezivul de aplic\u0103 doar pe suprafa\u021ba peretelui | Suprafa\u021b\u0103 rezistent\u0103 la ap\u0103 | Durabil \u0219i rezistent la zg\u00e2rieturi<\/p>\n","protected":false},"excerpt":{"rendered":"<p>V\u0103 prezent\u0103m Polarix, un tapet mural elegant inspirat de pl\u0103ci ceramice \u00een degradee.<\/p>\n<p>Bucura\u021bi-v\u0103 de frumuse\u021bea lini\u0219tit\u0103 a tapetului Polarix, un tapet mural excep\u021bional, cu un design contemporan care include forme asem\u0103n\u0103toare pl\u0103cilor ceramice \u00een degrade turcoaz. Acest tapet mural creeaz\u0103 un efect uimitor 3D de plutire, ad\u0103ug\u00e2nd o not\u0103 de elegan\u021b\u0103 \u0219i calm \u00een orice \u00eenc\u0103pere. Perfect pentru \u00eenfrumuse\u021barea livingului, dormitorului sau biroului, tapetul mural Polarix se remarc\u0103 ca o pies\u0103 central\u0103 rafinat\u0103 care \u00eembun\u0103t\u0103\u021be\u0219te interiorul dumneavoastr\u0103.<\/p>\n<p>\u00cembog\u0103\u021bi\u021bi-v\u0103 spa\u021biul cu tapetul mural Polarix \u0219i experimenta\u021bi elegan\u021ba lini\u0219tit\u0103 a designului modern. Comanda\u021bi acum pentru a crea o impresie vizual\u0103 impresionant\u0103 \u00een casa dumneavoastr\u0103!<\/p>\n<p>Tapet de calitate premium de 350 g | Ne\u021besut | Suprafa\u021b\u0103 texturat\u0103 | Adezivul de aplic\u0103 doar pe suprafa\u021ba peretelui | Suprafa\u021b\u0103 rezistent\u0103 la ap\u0103 | Durabil \u0219i rezistent la zg\u00e2rieturi<\/p>\n","protected":false},"author":1,"featured_media":2578,"comment_status":"open","ping_status":"closed","template":"","meta":{"_acf_changed":false},"product_brand":[],"product_cat":[172],"product_tag":[],"class_list":{"0":"post-4131","1":"product","2":"type-product","3":"status-publish","4":"has-post-thumbnail","6":"product_cat-wallpaper-murals-ro","7":"product_shipping_class-large-goods-ro","9":"first","10":"instock","11":"shipping-taxable","12":"purchasable","13":"product-type-variable"},"acf":[],"_links":{"self":[{"href":"https:\/\/accentwall.eu\/ro\/wp-json\/wp\/v2\/product\/4131","targetHints":{"allow":["GET"]}}],"collection":[{"href":"https:\/\/accentwall.eu\/ro\/wp-json\/wp\/v2\/product"}],"about":[{"href":"https:\/\/accentwall.eu\/ro\/wp-json\/wp\/v2\/types\/product"}],"author":[{"embeddable":true,"href":"https:\/\/accentwall.eu\/ro\/wp-json\/wp\/v2\/users\/1"}],"replies":[{"embeddable":true,"href":"https:\/\/accentwall.eu\/ro\/wp-json\/wp\/v2\/comments?post=4131"}],"wp:featuredmedia":[{"embeddable":true,"href":"https:\/\/accentwall.eu\/ro\/wp-json\/wp\/v2\/media\/2578"}],"wp:attachment":[{"href":"https:\/\/accentwall.eu\/ro\/wp-json\/wp\/v2\/media?parent=4131"}],"wp:term":[{"taxonomy":"product_brand","embeddable":true,"href":"https:\/\/accentwall.eu\/ro\/wp-json\/wp\/v2\/product_brand?post=4131"},{"taxonomy":"product_cat","embeddable":true,"href":"https:\/\/accentwall.eu\/ro\/wp-json\/wp\/v2\/product_cat?post=4131"},{"taxonomy":"product_tag","embeddable":true,"href":"https:\/\/accentwall.eu\/ro\/wp-json\/wp\/v2\/product_tag?post=4131"}],"curies":[{"name":"wp","href":"https:\/\/api.w.org\/{rel}","templated":true}]}}