{"id":4141,"date":"2025-03-20T15:15:01","date_gmt":"2025-03-20T15:15:01","guid":{"rendered":"https:\/\/accentwall.eu\/product\/natures-ballet\/"},"modified":"2025-05-12T08:42:23","modified_gmt":"2025-05-12T08:42:23","slug":"natures-ballet","status":"publish","type":"product","link":"https:\/\/accentwall.eu\/ro\/produs\/natures-ballet\/","title":{"rendered":"Nature&#8217;s Ballet"},"content":{"rendered":"<p>\u00cenfrumuse\u021ba\u021bi interiorul dumneavoastr\u0103 cu Nature&#8217;s Ballet, un tapet mural sofisticat creat \u00een colaborare cu <a style=\"color: black; font-weight: 600;\" href=\"https:\/\/primera.ro\/\" target=\"_blank\" rel=\"noopener\">Primera Interior of Passion<\/a>. Acest tapet mural impresionant surprinde frumuse\u021bea gra\u021bioas\u0103 a doi cocori \u00een mijlocul vegeta\u021biei luxuriante, \u00eentruchip\u00e2nd o estetic\u0103 lini\u0219tit\u0103 \u0219i atemporal\u0103. Creat pentru a aduce armonie \u0219i rafinament oric\u0103rui spa\u021biu, tapetul mural Nature&#8217;s Ballet este disponibil \u00een trei op\u021biuni versatile de culoare &#8211; gri, gri cald \u0219i gri verzui \u2013 \u0219i se potrive\u0219te perfect at\u00e2t interioarelor moderne, c\u00e2t \u0219i celor clasice. Transforma\u021bi-v\u0103 pere\u021bii \u00eentr-o oper\u0103 de art\u0103 \u0219i aduce\u021bi calmul naturii \u00een casa dumneavoastr\u0103.<\/p>\n<p>Tapet de calitate premium de 350 g | Ne\u021besut | Suprafa\u021b\u0103 texturat\u0103 | Adezivul de aplic\u0103 doar pe suprafa\u021ba peretelui | Suprafa\u021b\u0103 rezistent\u0103 la ap\u0103 | Durabil \u0219i rezistent la zg\u00e2rieturi<\/p>\n","protected":false},"excerpt":{"rendered":"<p>\u00cenfrumuse\u021ba\u021bi interiorul dumneavoastr\u0103 cu Nature&#8217;s Ballet, un tapet mural sofisticat creat \u00een colaborare cu <strong><a href=\"https:\/\/primera.ro\/\">Primera Interior of Passion<\/a><\/strong>. Acest tapet mural impresionant surprinde frumuse\u021bea gra\u021bioas\u0103 a doi cocori \u00een mijlocul vegeta\u021biei luxuriante, \u00eentruchip\u00e2nd o estetic\u0103 lini\u0219tit\u0103 \u0219i atemporal\u0103. Creat pentru a aduce armonie \u0219i rafinament oric\u0103rui spa\u021biu, tapetul mural Nature&#8217;s Ballet este disponibil \u00een trei op\u021biuni versatile de culoare &#8211; gri, gri cald \u0219i gri verzui \u2013 \u0219i se potrive\u0219te perfect at\u00e2t interioarelor moderne, c\u00e2t \u0219i celor clasice. Transforma\u021bi-v\u0103 pere\u021bii \u00eentr-o oper\u0103 de art\u0103 \u0219i aduce\u021bi calmul naturii \u00een casa dumneavoastr\u0103.<\/p>\n<p>Tapet de calitate premium de 350 g | Ne\u021besut | Suprafa\u021b\u0103 texturat\u0103 | Adezivul de aplic\u0103 doar pe suprafa\u021ba peretelui | Suprafa\u021b\u0103 rezistent\u0103 la ap\u0103 | Durabil \u0219i rezistent la zg\u00e2rieturi<\/p>\n","protected":false},"author":1,"featured_media":4473,"comment_status":"open","ping_status":"closed","template":"","meta":{"_acf_changed":false},"product_brand":[],"product_cat":[172],"product_tag":[],"class_list":{"0":"post-4141","1":"product","2":"type-product","3":"status-publish","4":"has-post-thumbnail","6":"product_cat-wallpaper-murals-ro","7":"product_shipping_class-large-goods-ro","9":"first","10":"instock","11":"shipping-taxable","12":"purchasable","13":"product-type-variable"},"acf":[],"_links":{"self":[{"href":"https:\/\/accentwall.eu\/ro\/wp-json\/wp\/v2\/product\/4141","targetHints":{"allow":["GET"]}}],"collection":[{"href":"https:\/\/accentwall.eu\/ro\/wp-json\/wp\/v2\/product"}],"about":[{"href":"https:\/\/accentwall.eu\/ro\/wp-json\/wp\/v2\/types\/product"}],"author":[{"embeddable":true,"href":"https:\/\/accentwall.eu\/ro\/wp-json\/wp\/v2\/users\/1"}],"replies":[{"embeddable":true,"href":"https:\/\/accentwall.eu\/ro\/wp-json\/wp\/v2\/comments?post=4141"}],"wp:featuredmedia":[{"embeddable":true,"href":"https:\/\/accentwall.eu\/ro\/wp-json\/wp\/v2\/media\/4473"}],"wp:attachment":[{"href":"https:\/\/accentwall.eu\/ro\/wp-json\/wp\/v2\/media?parent=4141"}],"wp:term":[{"taxonomy":"product_brand","embeddable":true,"href":"https:\/\/accentwall.eu\/ro\/wp-json\/wp\/v2\/product_brand?post=4141"},{"taxonomy":"product_cat","embeddable":true,"href":"https:\/\/accentwall.eu\/ro\/wp-json\/wp\/v2\/product_cat?post=4141"},{"taxonomy":"product_tag","embeddable":true,"href":"https:\/\/accentwall.eu\/ro\/wp-json\/wp\/v2\/product_tag?post=4141"}],"curies":[{"name":"wp","href":"https:\/\/api.w.org\/{rel}","templated":true}]}}