{"id":4975,"date":"2025-11-28T12:49:47","date_gmt":"2025-11-28T12:49:47","guid":{"rendered":"https:\/\/accentwall.eu\/?post_type=product&#038;p=4975"},"modified":"2026-03-12T06:26:45","modified_gmt":"2026-03-12T06:26:45","slug":"swirll-essence","status":"publish","type":"product","link":"https:\/\/accentwall.eu\/ro\/produs\/swirll-essence\/","title":{"rendered":"Swirll Essence"},"content":{"rendered":"<p>Swirll Essence este un tapet mural sofisticat, inspirat de mi\u0219carea fluid\u0103 a naturii \u0219i de armonia formelor organice. Liniile spiralate se \u00eempletesc elegant, cre\u00e2nd o textur\u0103 bogat\u0103 \u0219i profund\u0103, cu un efect vizual tridimensional. Tonurile calde de bronz, bej \u0219i nisip se contopesc \u00eentr-un dans subtil de lumini \u0219i umbre, oferind o atmosfer\u0103 rafinat\u0103 \u0219i calm\u0103. Fiecare detaliu aminte\u0219te de ritmul natural al valurilor, al v\u00e2ntului sau al materiei \u00een mi\u0219care.<\/p>\n<p>Designul abstract al tapetului cu linii fluide \u0219i spirale fine creeaz\u0103 un joc subtil de texturi \u0219i ad\u00e2ncimi fiind ideal\u0103 pentru spa\u021bii contemporane sau clasice modernizate, aduc\u00e2nd profunzime \u0219i rafinament decorului.<\/p>\n<p>Tapet de calitate premium de 350 g | Ne\u021besut | Suprafa\u021b\u0103 texturat\u0103 | Adezivul de aplic\u0103 doar pe suprafa\u021ba peretelui | Suprafa\u021b\u0103 rezistent\u0103 la ap\u0103 | Durabil \u0219i rezistent la zg\u00e2rieturi<\/p>\n","protected":false},"excerpt":{"rendered":"<p>Swirll Essence este un tapet mural sofisticat, inspirat de mi\u0219carea fluid\u0103 a naturii \u0219i de armonia formelor organice. Liniile spiralate se \u00eempletesc elegant, cre\u00e2nd o textur\u0103 bogat\u0103 \u0219i profund\u0103, cu un efect vizual tridimensional. Tonurile calde de bronz, bej \u0219i nisip se contopesc \u00eentr-un dans subtil de lumini \u0219i umbre, oferind o atmosfer\u0103 rafinat\u0103 \u0219i calm\u0103. Fiecare detaliu aminte\u0219te de ritmul natural al valurilor, al v\u00e2ntului sau al materiei \u00een mi\u0219care.<\/p>\n<p>Designul abstract al tapetului cu linii fluide \u0219i spirale fine creeaz\u0103 un joc subtil de texturi \u0219i ad\u00e2ncimi fiind ideal\u0103 pentru spa\u021bii contemporane sau clasice modernizate, aduc\u00e2nd profunzime \u0219i rafinament decorului.<\/p>\n<p>Tapet de calitate premium de 350 g | Ne\u021besut | Suprafa\u021b\u0103 texturat\u0103 | Adezivul de aplic\u0103 doar pe suprafa\u021ba peretelui | Suprafa\u021b\u0103 rezistent\u0103 la ap\u0103 | Durabil \u0219i rezistent la zg\u00e2rieturi<\/p>\n","protected":false},"author":1,"featured_media":4980,"comment_status":"open","ping_status":"closed","template":"","meta":{"_acf_changed":false},"product_brand":[],"product_cat":[172],"product_tag":[],"class_list":{"0":"post-4975","1":"product","2":"type-product","3":"status-publish","4":"has-post-thumbnail","6":"product_cat-wallpaper-murals-ro","8":"first","9":"instock","10":"shipping-taxable","11":"purchasable","12":"product-type-variable"},"acf":[],"_links":{"self":[{"href":"https:\/\/accentwall.eu\/ro\/wp-json\/wp\/v2\/product\/4975","targetHints":{"allow":["GET"]}}],"collection":[{"href":"https:\/\/accentwall.eu\/ro\/wp-json\/wp\/v2\/product"}],"about":[{"href":"https:\/\/accentwall.eu\/ro\/wp-json\/wp\/v2\/types\/product"}],"author":[{"embeddable":true,"href":"https:\/\/accentwall.eu\/ro\/wp-json\/wp\/v2\/users\/1"}],"replies":[{"embeddable":true,"href":"https:\/\/accentwall.eu\/ro\/wp-json\/wp\/v2\/comments?post=4975"}],"wp:featuredmedia":[{"embeddable":true,"href":"https:\/\/accentwall.eu\/ro\/wp-json\/wp\/v2\/media\/4980"}],"wp:attachment":[{"href":"https:\/\/accentwall.eu\/ro\/wp-json\/wp\/v2\/media?parent=4975"}],"wp:term":[{"taxonomy":"product_brand","embeddable":true,"href":"https:\/\/accentwall.eu\/ro\/wp-json\/wp\/v2\/product_brand?post=4975"},{"taxonomy":"product_cat","embeddable":true,"href":"https:\/\/accentwall.eu\/ro\/wp-json\/wp\/v2\/product_cat?post=4975"},{"taxonomy":"product_tag","embeddable":true,"href":"https:\/\/accentwall.eu\/ro\/wp-json\/wp\/v2\/product_tag?post=4975"}],"curies":[{"name":"wp","href":"https:\/\/api.w.org\/{rel}","templated":true}]}}