{"id":4988,"date":"2025-11-28T13:09:13","date_gmt":"2025-11-28T13:09:13","guid":{"rendered":"https:\/\/accentwall.eu\/?post_type=product&#038;p=4988"},"modified":"2026-03-12T06:16:53","modified_gmt":"2026-03-12T06:16:53","slug":"mistwood","status":"publish","type":"product","link":"https:\/\/accentwall.eu\/ro\/produs\/mistwood\/","title":{"rendered":"Mistwood"},"content":{"rendered":"<p>Mistwood este un tapet mural cu un aer misterios, inspirat din p\u0103durile lini\u0219tite \u00eenv\u0103luite \u00een cea\u021b\u0103. Siluetele sub\u021biri ale copacilor, pictate \u00een nuan\u021be delicate de gri \u0219i sepia, creeaz\u0103 o compozi\u021bie calm\u0103 \u0219i minimalist\u0103, cu un efect de acuarel\u0103 . Frunzi\u0219ul redat \u00een transparen\u021be fine aduce profunzime, iar fundalul difuz evoc\u0103 o atmosfer\u0103 de diminea\u021b\u0103 rece, \u00een care natura pare suspendat\u0103 \u00een timp.<\/p>\n<p>Tapetul este disponibil \u00een trei variante uimitoare \u2013 gri, gri cald si ro\u0219u , acest design se remarc\u0103 prin armonia dintre simplitate \u0219i detaliu pictural, evoc\u00e2nd stilul tradi\u021bional de tu\u0219 oriental. Este ideal pentru interioare care caut\u0103 lini\u0219te vizual\u0103, echilibru \u0219i o estetic\u0103 modern-organic. la cerere tapetul poate fi personalizat \u00een orice nuan\u021b\u0103 potrivit\u0103 proiectului dumneavoastr\u0103.<\n\nTapet de calitate premium de 350 g | Ne\u021besut | Suprafa\u021b\u0103 texturat\u0103 | Adezivul de aplic\u0103 doar pe suprafa\u021ba peretelui | Suprafa\u021b\u0103 rezistent\u0103 la ap\u0103 | Durabil \u0219i rezistent la zg\u00e2rieturi\n<\/p>\n","protected":false},"excerpt":{"rendered":"<p>Mistwood este un tapet mural cu un aer misterios, inspirat din p\u0103durile lini\u0219tite \u00eenv\u0103luite \u00een cea\u021b\u0103. Siluetele sub\u021biri ale copacilor, pictate \u00een nuan\u021be delicate de gri \u0219i sepia, creeaz\u0103 o compozi\u021bie calm\u0103 \u0219i minimalist\u0103, cu un efect de acuarel\u0103 . Frunzi\u0219ul redat \u00een transparen\u021be fine aduce profunzime, iar fundalul difuz evoc\u0103 o atmosfer\u0103 de diminea\u021b\u0103 rece, \u00een care natura pare suspendat\u0103 \u00een timp.<br \/>\nTapetul este disponibil \u00een trei variante uimitoare \u2013 gri, gri cald si ro\u0219u , acest design se remarc\u0103 prin armonia dintre simplitate \u0219i detaliu pictural, evoc\u00e2nd stilul tradi\u021bional de tu\u0219 oriental. Este ideal pentru interioare care caut\u0103 lini\u0219te vizual\u0103, echilibru \u0219i o estetic\u0103 modern-organic. la cerere tapetul poate fi personalizat \u00een orice nuan\u021b\u0103 potrivit\u0103 proiectului dumneavoastr\u0103.<\/p>\n<p>Tapet de calitate premium de 350 g | Ne\u021besut | Suprafa\u021b\u0103 texturat\u0103 | Adezivul de aplic\u0103 doar pe suprafa\u021ba peretelui | Suprafa\u021b\u0103 rezistent\u0103 la ap\u0103 | Durabil \u0219i rezistent la zg\u00e2rieturi<\/p>\n","protected":false},"author":1,"featured_media":4993,"comment_status":"open","ping_status":"closed","template":"","meta":{"_acf_changed":false},"product_brand":[],"product_cat":[172],"product_tag":[],"class_list":{"0":"post-4988","1":"product","2":"type-product","3":"status-publish","4":"has-post-thumbnail","6":"product_cat-wallpaper-murals-ro","8":"first","9":"instock","10":"shipping-taxable","11":"purchasable","12":"product-type-variable"},"acf":[],"_links":{"self":[{"href":"https:\/\/accentwall.eu\/ro\/wp-json\/wp\/v2\/product\/4988","targetHints":{"allow":["GET"]}}],"collection":[{"href":"https:\/\/accentwall.eu\/ro\/wp-json\/wp\/v2\/product"}],"about":[{"href":"https:\/\/accentwall.eu\/ro\/wp-json\/wp\/v2\/types\/product"}],"author":[{"embeddable":true,"href":"https:\/\/accentwall.eu\/ro\/wp-json\/wp\/v2\/users\/1"}],"replies":[{"embeddable":true,"href":"https:\/\/accentwall.eu\/ro\/wp-json\/wp\/v2\/comments?post=4988"}],"wp:featuredmedia":[{"embeddable":true,"href":"https:\/\/accentwall.eu\/ro\/wp-json\/wp\/v2\/media\/4993"}],"wp:attachment":[{"href":"https:\/\/accentwall.eu\/ro\/wp-json\/wp\/v2\/media?parent=4988"}],"wp:term":[{"taxonomy":"product_brand","embeddable":true,"href":"https:\/\/accentwall.eu\/ro\/wp-json\/wp\/v2\/product_brand?post=4988"},{"taxonomy":"product_cat","embeddable":true,"href":"https:\/\/accentwall.eu\/ro\/wp-json\/wp\/v2\/product_cat?post=4988"},{"taxonomy":"product_tag","embeddable":true,"href":"https:\/\/accentwall.eu\/ro\/wp-json\/wp\/v2\/product_tag?post=4988"}],"curies":[{"name":"wp","href":"https:\/\/api.w.org\/{rel}","templated":true}]}}