{"id":5034,"date":"2025-11-28T15:15:28","date_gmt":"2025-11-28T15:15:28","guid":{"rendered":"https:\/\/accentwall.eu\/?post_type=product&#038;p=5034"},"modified":"2026-03-12T06:15:16","modified_gmt":"2026-03-12T06:15:16","slug":"aurora-flora","status":"publish","type":"product","link":"https:\/\/accentwall.eu\/ro\/produs\/aurora-flora\/","title":{"rendered":"Aurora Flora"},"content":{"rendered":"<p>Aurora Flora este un tapet cu o compozi\u021bie vibrant\u0103 \u0219i sofisticat\u0103, dominat\u0103 de forme florale abstracte redate \u00eentr-un stil pictural bogat. Paleta cromatic\u0103 \u00eembin\u0103 tonuri ad\u00e2nci de burgund, ocru, albastru petrol, roz pr\u0103fuit \u0219i auriu cald, cre\u00e2nd un efect vizual intens, dar echilibrat. Texturile stratificate \u0219i liniile fine dau impresia de mi\u0219care \u0219i profunzime, ca \u0219i cum florile ar prinde via\u021b\u0103 \u00eentr-un dans de culori \u0219i lumini.<\/p>\n<p><>Tapetul transmite energie \u0219i elegan\u021b\u0103 \u00een acela\u0219i timp \u2014 este senzual, artistic \u0219i u\u0219or misterios. Se potrive\u0219te perfect pentru interioare moderne, eclectice sau boeme, ad\u0103ug\u00e2nd o not\u0103 de expresivitate \u0219i rafinament.<\/p>\n<p>Tapet de calitate premium de 350 g | Ne\u021besut | Suprafa\u021b\u0103 texturat\u0103 | Adezivul de aplic\u0103 doar pe suprafa\u021ba peretelui | Suprafa\u021b\u0103 rezistent\u0103 la ap\u0103 | Durabil \u0219i rezistent la zg\u00e2rieturi<\/p>\n","protected":false},"excerpt":{"rendered":"<p>Aurora Flora este un tapet cu o compozi\u021bie vibrant\u0103 \u0219i sofisticat\u0103, dominat\u0103 de forme florale abstracte redate \u00eentr-un stil pictural bogat. Paleta cromatic\u0103 \u00eembin\u0103 tonuri ad\u00e2nci de burgund, ocru, albastru petrol, roz pr\u0103fuit \u0219i auriu cald, cre\u00e2nd un efect vizual intens, dar echilibrat. Texturile stratificate \u0219i liniile fine dau impresia de mi\u0219care \u0219i profunzime, ca \u0219i cum florile ar prinde via\u021b\u0103 \u00eentr-un dans de culori \u0219i lumini.<\/p>\n<p>Tapetul transmite energie \u0219i elegan\u021b\u0103 \u00een acela\u0219i timp \u2014 este senzual, artistic \u0219i u\u0219or misterios. Se potrive\u0219te perfect pentru interioare moderne, eclectice sau boeme, ad\u0103ug\u00e2nd o not\u0103 de expresivitate \u0219i rafinament.<\/p>\n<p>Tapet de calitate premium de 350 g | Ne\u021besut | Suprafa\u021b\u0103 texturat\u0103 | Adezivul de aplic\u0103 doar pe suprafa\u021ba peretelui | Suprafa\u021b\u0103 rezistent\u0103 la ap\u0103 | Durabil \u0219i rezistent la zg\u00e2rieturi<\/p>\n","protected":false},"author":1,"featured_media":5040,"comment_status":"open","ping_status":"closed","template":"","meta":{"_acf_changed":false},"product_brand":[],"product_cat":[172],"product_tag":[],"class_list":{"0":"post-5034","1":"product","2":"type-product","3":"status-publish","4":"has-post-thumbnail","6":"product_cat-wallpaper-murals-ro","8":"first","9":"instock","10":"shipping-taxable","11":"purchasable","12":"product-type-variable"},"acf":[],"_links":{"self":[{"href":"https:\/\/accentwall.eu\/ro\/wp-json\/wp\/v2\/product\/5034","targetHints":{"allow":["GET"]}}],"collection":[{"href":"https:\/\/accentwall.eu\/ro\/wp-json\/wp\/v2\/product"}],"about":[{"href":"https:\/\/accentwall.eu\/ro\/wp-json\/wp\/v2\/types\/product"}],"author":[{"embeddable":true,"href":"https:\/\/accentwall.eu\/ro\/wp-json\/wp\/v2\/users\/1"}],"replies":[{"embeddable":true,"href":"https:\/\/accentwall.eu\/ro\/wp-json\/wp\/v2\/comments?post=5034"}],"wp:featuredmedia":[{"embeddable":true,"href":"https:\/\/accentwall.eu\/ro\/wp-json\/wp\/v2\/media\/5040"}],"wp:attachment":[{"href":"https:\/\/accentwall.eu\/ro\/wp-json\/wp\/v2\/media?parent=5034"}],"wp:term":[{"taxonomy":"product_brand","embeddable":true,"href":"https:\/\/accentwall.eu\/ro\/wp-json\/wp\/v2\/product_brand?post=5034"},{"taxonomy":"product_cat","embeddable":true,"href":"https:\/\/accentwall.eu\/ro\/wp-json\/wp\/v2\/product_cat?post=5034"},{"taxonomy":"product_tag","embeddable":true,"href":"https:\/\/accentwall.eu\/ro\/wp-json\/wp\/v2\/product_tag?post=5034"}],"curies":[{"name":"wp","href":"https:\/\/api.w.org\/{rel}","templated":true}]}}