{"id":5086,"date":"2025-12-11T13:28:30","date_gmt":"2025-12-11T13:28:30","guid":{"rendered":"https:\/\/accentwall.eu\/?post_type=product&#038;p=5086"},"modified":"2026-03-12T06:14:05","modified_gmt":"2026-03-12T06:14:05","slug":"silva-mist","status":"publish","type":"product","link":"https:\/\/accentwall.eu\/ro\/produs\/silva-mist\/","title":{"rendered":"Silva Mist"},"content":{"rendered":"<p>Silva Mist este un tapet mural artistic care surprinde frumuse\u021bea naturii ascunse \u00een lumin\u0103, transform\u00e2nd peretele \u00eentr-o scen\u0103 poetic\u0103. Designul prezint\u0103 ramuri fine \u0219i frunze translucide, suprapuse \u00eentr-un joc delicat de umbre, cre\u00e2nd un efect calm, aerisit, aproape oniric. Textura difuz\u0103 \u0219i compozi\u021bia fluid\u0103 dau senza\u021bia unei fotografii capturate prin lumin\u0103 moale, oferind \u00eenc\u0103perii un sentiment de lini\u0219te \u0219i profunzime.<\/p>\n<p>Prin subtilitatea formelor \u0219i armonia culorilor, Silva Mist transform\u0103 orice perete \u00eentr-o pies\u0103 de art\u0103 natural\u0103 \u0219i relaxant\u0103. Acest tapet este ideal pentru living, dormitor, hol sau spa\u021bii de relaxare, unde creeaz\u0103 o ambian\u021b\u0103 pl\u0103cut\u0103 \u0219i elegant\u0103, f\u0103r\u0103 a \u00eenc\u0103rca vizual.<\/p>\n<p>Tapet de calitate premium de 350 g | Ne\u021besut | Suprafa\u021b\u0103 texturat\u0103 | Adezivul de aplic\u0103 doar pe suprafa\u021ba peretelui | Suprafa\u021b\u0103 rezistent\u0103 la ap\u0103 | Durabil \u0219i rezistent la zg\u00e2rieturi<\/p>\n","protected":false},"excerpt":{"rendered":"<p>Silva Mist este un tapet mural artistic care surprinde frumuse\u021bea naturii ascunse \u00een lumin\u0103, transform\u00e2nd peretele \u00eentr-o scen\u0103 poetic\u0103. Designul prezint\u0103 ramuri fine \u0219i frunze translucide, suprapuse \u00eentr-un joc delicat de umbre, cre\u00e2nd un efect calm, aerisit, aproape oniric. Textura difuz\u0103 \u0219i compozi\u021bia fluid\u0103 dau senza\u021bia unei fotografii capturate prin lumin\u0103 moale, oferind \u00eenc\u0103perii un sentiment de lini\u0219te \u0219i profunzime.<\/p>\n<p>Prin subtilitatea formelor \u0219i armonia culorilor, Silva Mist transform\u0103 orice perete \u00eentr-o pies\u0103 de art\u0103 natural\u0103 \u0219i relaxant\u0103. Acest tapet este ideal pentru living, dormitor, hol sau spa\u021bii de relaxare, unde creeaz\u0103 o ambian\u021b\u0103 pl\u0103cut\u0103 \u0219i elegant\u0103, f\u0103r\u0103 a \u00eenc\u0103rca vizual.<\/p>\n<p>Tapet de calitate premium de 350 g | Ne\u021besut | Suprafa\u021b\u0103 texturat\u0103 | Adezivul de aplic\u0103 doar pe suprafa\u021ba peretelui | Suprafa\u021b\u0103 rezistent\u0103 la ap\u0103 | Durabil \u0219i rezistent la zg\u00e2rieturi<\/p>\n","protected":false},"author":1,"featured_media":5106,"comment_status":"open","ping_status":"closed","template":"","meta":{"_acf_changed":false},"product_brand":[],"product_cat":[172],"product_tag":[],"class_list":{"0":"post-5086","1":"product","2":"type-product","3":"status-publish","4":"has-post-thumbnail","6":"product_cat-wallpaper-murals-ro","8":"first","9":"instock","10":"shipping-taxable","11":"purchasable","12":"product-type-variable"},"acf":[],"_links":{"self":[{"href":"https:\/\/accentwall.eu\/ro\/wp-json\/wp\/v2\/product\/5086","targetHints":{"allow":["GET"]}}],"collection":[{"href":"https:\/\/accentwall.eu\/ro\/wp-json\/wp\/v2\/product"}],"about":[{"href":"https:\/\/accentwall.eu\/ro\/wp-json\/wp\/v2\/types\/product"}],"author":[{"embeddable":true,"href":"https:\/\/accentwall.eu\/ro\/wp-json\/wp\/v2\/users\/1"}],"replies":[{"embeddable":true,"href":"https:\/\/accentwall.eu\/ro\/wp-json\/wp\/v2\/comments?post=5086"}],"wp:featuredmedia":[{"embeddable":true,"href":"https:\/\/accentwall.eu\/ro\/wp-json\/wp\/v2\/media\/5106"}],"wp:attachment":[{"href":"https:\/\/accentwall.eu\/ro\/wp-json\/wp\/v2\/media?parent=5086"}],"wp:term":[{"taxonomy":"product_brand","embeddable":true,"href":"https:\/\/accentwall.eu\/ro\/wp-json\/wp\/v2\/product_brand?post=5086"},{"taxonomy":"product_cat","embeddable":true,"href":"https:\/\/accentwall.eu\/ro\/wp-json\/wp\/v2\/product_cat?post=5086"},{"taxonomy":"product_tag","embeddable":true,"href":"https:\/\/accentwall.eu\/ro\/wp-json\/wp\/v2\/product_tag?post=5086"}],"curies":[{"name":"wp","href":"https:\/\/api.w.org\/{rel}","templated":true}]}}