{"id":5120,"date":"2025-12-11T15:46:44","date_gmt":"2025-12-11T15:46:44","guid":{"rendered":"https:\/\/accentwall.eu\/?post_type=product&#038;p=5120"},"modified":"2026-03-12T06:12:03","modified_gmt":"2026-03-12T06:12:03","slug":"venera","status":"publish","type":"product","link":"https:\/\/accentwall.eu\/ro\/produs\/venera\/","title":{"rendered":"Venera"},"content":{"rendered":"<p>Tapetul Venera surprinde poezia naturii \u00een forma sa cea mai pur\u0103 \u2014 o compozi\u021bie delicat\u0103 de frunze translucide, capturate \u00eentr-un dans subtil de lumin\u0103 \u0219i umbr\u0103. Designul dezv\u0103luie fine\u021bea structurii vegetale, transform\u00e2nd peretele \u00eentr-o lucrare grafic\u0103 elegant\u0103, aproape eteric\u0103. Liniile fine \u0219i textura difuz\u0103 creeaz\u0103 o senza\u021bie de profunzime \u0219i calm, oferind \u00eenc\u0103perii o atmosfer\u0103 aerisit\u0103, sofisticat\u0103 \u0219i luminoas\u0103. Tonurile neutre \u0219i armonia formelor fac acest tapet ideal pentru spa\u021bii moderne \u0219i relaxante, ad\u0103ug\u00e2nd un accent natural \u0219i rafinat f\u0103r\u0103 a \u00eenc\u0103rca vizual.<\/p>\n<p>Perfect pentru living, dormitor sau spa\u021bii de medita\u021bie, tapetul Venera aduce \u00een interior o expresie subtil\u0103 a echilibrului dintre natur\u0103 \u0219i design contemporan.<\/p>\n<p>Tapet de calitate premium de 350 g | Ne\u021besut | Suprafa\u021b\u0103 texturat\u0103 | Adezivul de aplic\u0103 doar pe suprafa\u021ba peretelui | Suprafa\u021b\u0103 rezistent\u0103 la ap\u0103 | Durabil \u0219i rezistent la zg\u00e2rieturi<\/p>\n","protected":false},"excerpt":{"rendered":"<p>Tapetul Venera surprinde poezia naturii \u00een forma sa cea mai pur\u0103 \u2014 o compozi\u021bie delicat\u0103 de frunze translucide, capturate \u00eentr-un dans subtil de lumin\u0103 \u0219i umbr\u0103. Designul dezv\u0103luie fine\u021bea structurii vegetale, transform\u00e2nd peretele \u00eentr-o lucrare grafic\u0103 elegant\u0103, aproape eteric\u0103. Liniile fine \u0219i textura difuz\u0103 creeaz\u0103 o senza\u021bie de profunzime \u0219i calm, oferind \u00eenc\u0103perii o atmosfer\u0103 aerisit\u0103, sofisticat\u0103 \u0219i luminoas\u0103. Tonurile neutre \u0219i armonia formelor fac acest tapet ideal pentru spa\u021bii moderne \u0219i relaxante, ad\u0103ug\u00e2nd un accent natural \u0219i rafinat f\u0103r\u0103 a \u00eenc\u0103rca vizual.<\/p>\n<p>Perfect pentru living, dormitor sau spa\u021bii de medita\u021bie, tapetul Venera aduce \u00een interior o expresie subtil\u0103 a echilibrului dintre natur\u0103 \u0219i design contemporan.<\/p>\n<p>Tapet de calitate premium de 350 g | Ne\u021besut | Suprafa\u021b\u0103 texturat\u0103 | Adezivul de aplic\u0103 doar pe suprafa\u021ba peretelui | Suprafa\u021b\u0103 rezistent\u0103 la ap\u0103 | Durabil \u0219i rezistent la zg\u00e2rieturi<\/p>\n","protected":false},"author":1,"featured_media":5115,"comment_status":"open","ping_status":"closed","template":"","meta":{"_acf_changed":false},"product_brand":[],"product_cat":[172],"product_tag":[],"class_list":{"0":"post-5120","1":"product","2":"type-product","3":"status-publish","4":"has-post-thumbnail","6":"product_cat-wallpaper-murals-ro","8":"first","9":"instock","10":"shipping-taxable","11":"purchasable","12":"product-type-variable"},"acf":[],"_links":{"self":[{"href":"https:\/\/accentwall.eu\/ro\/wp-json\/wp\/v2\/product\/5120","targetHints":{"allow":["GET"]}}],"collection":[{"href":"https:\/\/accentwall.eu\/ro\/wp-json\/wp\/v2\/product"}],"about":[{"href":"https:\/\/accentwall.eu\/ro\/wp-json\/wp\/v2\/types\/product"}],"author":[{"embeddable":true,"href":"https:\/\/accentwall.eu\/ro\/wp-json\/wp\/v2\/users\/1"}],"replies":[{"embeddable":true,"href":"https:\/\/accentwall.eu\/ro\/wp-json\/wp\/v2\/comments?post=5120"}],"wp:featuredmedia":[{"embeddable":true,"href":"https:\/\/accentwall.eu\/ro\/wp-json\/wp\/v2\/media\/5115"}],"wp:attachment":[{"href":"https:\/\/accentwall.eu\/ro\/wp-json\/wp\/v2\/media?parent=5120"}],"wp:term":[{"taxonomy":"product_brand","embeddable":true,"href":"https:\/\/accentwall.eu\/ro\/wp-json\/wp\/v2\/product_brand?post=5120"},{"taxonomy":"product_cat","embeddable":true,"href":"https:\/\/accentwall.eu\/ro\/wp-json\/wp\/v2\/product_cat?post=5120"},{"taxonomy":"product_tag","embeddable":true,"href":"https:\/\/accentwall.eu\/ro\/wp-json\/wp\/v2\/product_tag?post=5120"}],"curies":[{"name":"wp","href":"https:\/\/api.w.org\/{rel}","templated":true}]}}