{"id":5131,"date":"2025-12-12T10:40:55","date_gmt":"2025-12-12T10:40:55","guid":{"rendered":"https:\/\/accentwall.eu\/?post_type=product&#038;p=5131"},"modified":"2026-02-23T08:36:43","modified_gmt":"2026-02-23T08:36:43","slug":"terra-flow","status":"publish","type":"product","link":"https:\/\/accentwall.eu\/ro\/produs\/terra-flow\/","title":{"rendered":"Tapet mural Terra Flow"},"content":{"rendered":"<p>Terra Flow este un tapet mural care exploreaz\u0103 leg\u0103tura subtil\u0103 dintre natur\u0103 \u0219i design, printr-un joc organic de forme fluide \u0219i texturi p\u0103m\u00e2ntii. Compozi\u021bia sa abstract\u0103, inspirat\u0103 de straturile p\u0103m\u00e2ntului \u0219i curgerea organic\u0103 a elementelor, creeaz\u0103 o prezen\u021b\u0103 vizual\u0103 calm\u0103 \u0219i elegant\u0103. Fiecare form\u0103 pare s\u0103 se dizolve \u00een alta, \u00eentr-un balans perfect \u00eentre mi\u0219care \u0219i lini\u0219te.<\/p>\n<p>Pentru interioare cu un stil mai contemporan sau minimalist, Terra Flow este disponibil \u0219i \u00een variant\u0103 alb-negru , care pune \u00een valoare contrastul \u0219i structura grafic\u0103 a designului, precum \u0219i \u00eentr-o variant\u0103 desaturat\u0103, ce p\u0103streaz\u0103 delicate\u021bea formelor \u00eentr-o palet\u0103 mai neutr\u0103 \u0219i sofisticat\u0103.<\/p>\n<p>Tapet de calitate premium de 350 g | Ne\u021besut | Suprafa\u021b\u0103 texturat\u0103 | Adezivul de aplic\u0103 doar pe suprafa\u021ba peretelui | Suprafa\u021b\u0103 rezistent\u0103 la ap\u0103 | Durabil \u0219i rezistent la zg\u00e2rieturi<\/p>\n","protected":false},"excerpt":{"rendered":"<p>Terra Flow este un tapet mural care exploreaz\u0103 leg\u0103tura subtil\u0103 dintre natur\u0103 \u0219i design, printr-un joc organic de forme fluide \u0219i texturi p\u0103m\u00e2ntii. Compozi\u021bia sa abstract\u0103, inspirat\u0103 de straturile p\u0103m\u00e2ntului \u0219i curgerea organic\u0103 a elementelor, creeaz\u0103 o prezen\u021b\u0103 vizual\u0103 calm\u0103 \u0219i elegant\u0103. Fiecare form\u0103 pare s\u0103 se dizolve \u00een alta, \u00eentr-un balans perfect \u00eentre mi\u0219care \u0219i lini\u0219te.<\/p>\n<p>Pentru interioare cu un stil mai contemporan sau minimalist, Terra Flow este disponibil \u0219i \u00een variant\u0103 alb-negru , care pune \u00een valoare contrastul \u0219i structura grafic\u0103 a designului, precum \u0219i \u00eentr-o variant\u0103 desaturat\u0103, ce p\u0103streaz\u0103 delicate\u021bea formelor \u00eentr-o palet\u0103 mai neutr\u0103 \u0219i sofisticat\u0103.<\/p>\n<p>Tapet de calitate premium de 350 g | Ne\u021besut | Suprafa\u021b\u0103 texturat\u0103 | Adezivul de aplic\u0103 doar pe suprafa\u021ba peretelui | Suprafa\u021b\u0103 rezistent\u0103 la ap\u0103 | Durabil \u0219i rezistent la zg\u00e2rieturi<\/p>\n","protected":false},"author":1,"featured_media":5138,"comment_status":"open","ping_status":"closed","template":"","meta":{"_acf_changed":false},"product_brand":[],"product_cat":[172],"product_tag":[],"class_list":{"0":"post-5131","1":"product","2":"type-product","3":"status-publish","4":"has-post-thumbnail","6":"product_cat-wallpaper-murals-ro","8":"first","9":"instock","10":"shipping-taxable","11":"purchasable","12":"product-type-variable"},"acf":[],"_links":{"self":[{"href":"https:\/\/accentwall.eu\/ro\/wp-json\/wp\/v2\/product\/5131","targetHints":{"allow":["GET"]}}],"collection":[{"href":"https:\/\/accentwall.eu\/ro\/wp-json\/wp\/v2\/product"}],"about":[{"href":"https:\/\/accentwall.eu\/ro\/wp-json\/wp\/v2\/types\/product"}],"author":[{"embeddable":true,"href":"https:\/\/accentwall.eu\/ro\/wp-json\/wp\/v2\/users\/1"}],"replies":[{"embeddable":true,"href":"https:\/\/accentwall.eu\/ro\/wp-json\/wp\/v2\/comments?post=5131"}],"wp:featuredmedia":[{"embeddable":true,"href":"https:\/\/accentwall.eu\/ro\/wp-json\/wp\/v2\/media\/5138"}],"wp:attachment":[{"href":"https:\/\/accentwall.eu\/ro\/wp-json\/wp\/v2\/media?parent=5131"}],"wp:term":[{"taxonomy":"product_brand","embeddable":true,"href":"https:\/\/accentwall.eu\/ro\/wp-json\/wp\/v2\/product_brand?post=5131"},{"taxonomy":"product_cat","embeddable":true,"href":"https:\/\/accentwall.eu\/ro\/wp-json\/wp\/v2\/product_cat?post=5131"},{"taxonomy":"product_tag","embeddable":true,"href":"https:\/\/accentwall.eu\/ro\/wp-json\/wp\/v2\/product_tag?post=5131"}],"curies":[{"name":"wp","href":"https:\/\/api.w.org\/{rel}","templated":true}]}}