{"id":5267,"date":"2026-04-23T14:08:04","date_gmt":"2026-04-23T14:08:04","guid":{"rendered":"https:\/\/accentwall.eu\/?post_type=product&#038;p=5267"},"modified":"2026-04-23T14:40:03","modified_gmt":"2026-04-23T14:40:03","slug":"archea","status":"publish","type":"product","link":"https:\/\/accentwall.eu\/ro\/produs\/archea\/","title":{"rendered":"Archea"},"content":{"rendered":"<p>Archea este un tapet mural artistic inspirat din frumuse\u021bea formelor arhitecturale clasice, reinterpretate \u00eentr-o compozi\u021bie modern\u0103 alb-negru. Designul \u00eembin\u0103 armonios arcade elegante, sc\u0103ri spiralate \u0219i ornamente rafinate, cre\u00e2nd un joc vizual sofisticat de linii \u0219i detalii. Suprapunerea elementelor evoc\u0103 profunzime \u0219i dinamism, transform\u00e2nd peretele \u00eentr-o scen\u0103 arhitectural\u0103 atemporal\u0103.  <\/p>\n<p>Prin contrastul monocrom \u0219i fine\u021bea desenului, tapetul Archea aduce un echilibru perfect \u00eentre structur\u0103 \u0219i estetic\u0103, oferind spa\u021biului un aer rafinat \u0219i contemporan. Este alegerea ideal\u0103 pentru living, birou sau zone de recep\u021bie, unde creeaz\u0103 o atmosfer\u0103 elegant\u0103, artistic\u0103 \u0219i u\u0219or de remarcat, f\u0103r\u0103 a deveni \u00eenc\u0103rcat\u0103 vizual. <\/p>\n<p>Tapet de calitate premium de 350 g | Ne\u021besut | Suprafa\u021b\u0103 texturat\u0103 | Adezivul de aplic\u0103 doar pe suprafa\u021ba peretelui | Suprafa\u021b\u0103 rezistent\u0103 la ap\u0103 | Durabil \u0219i rezistent la zg\u00e2rieturi<\/p>\n","protected":false},"excerpt":{"rendered":"<p>Archea este un tapet mural artistic inspirat din frumuse\u021bea formelor arhitecturale clasice, reinterpretate \u00eentr-o compozi\u021bie modern\u0103 alb-negru. Designul \u00eembin\u0103 armonios arcade elegante, sc\u0103ri spiralate \u0219i ornamente rafinate, cre\u00e2nd un joc vizual sofisticat de linii \u0219i detalii. Suprapunerea elementelor evoc\u0103 profunzime \u0219i dinamism, transform\u00e2nd peretele \u00eentr-o scen\u0103 arhitectural\u0103 atemporal\u0103.  <\/p>\n<p>Prin contrastul monocrom \u0219i fine\u021bea desenului, tapetul Archea aduce un echilibru perfect \u00eentre structur\u0103 \u0219i estetic\u0103, oferind spa\u021biului un aer rafinat \u0219i contemporan. Este alegerea ideal\u0103 pentru living, birou sau zone de recep\u021bie, unde creeaz\u0103 o atmosfer\u0103 elegant\u0103, artistic\u0103 \u0219i u\u0219or de remarcat, f\u0103r\u0103 a deveni \u00eenc\u0103rcat\u0103 vizual. <\/p>\n<p>Tapet de calitate premium de 350 g | Ne\u021besut | Suprafa\u021b\u0103 texturat\u0103 | Adezivul de aplic\u0103 doar pe suprafa\u021ba peretelui | Suprafa\u021b\u0103 rezistent\u0103 la ap\u0103 | Durabil \u0219i rezistent la zg\u00e2rieturi<\/p>\n","protected":false},"author":1,"featured_media":5256,"comment_status":"open","ping_status":"closed","template":"","meta":{"_acf_changed":false},"product_brand":[],"product_cat":[172],"product_tag":[],"class_list":{"0":"post-5267","1":"product","2":"type-product","3":"status-publish","4":"has-post-thumbnail","6":"product_cat-wallpaper-murals-ro","8":"first","9":"instock","10":"shipping-taxable","11":"purchasable","12":"product-type-variable"},"acf":[],"_links":{"self":[{"href":"https:\/\/accentwall.eu\/ro\/wp-json\/wp\/v2\/product\/5267","targetHints":{"allow":["GET"]}}],"collection":[{"href":"https:\/\/accentwall.eu\/ro\/wp-json\/wp\/v2\/product"}],"about":[{"href":"https:\/\/accentwall.eu\/ro\/wp-json\/wp\/v2\/types\/product"}],"author":[{"embeddable":true,"href":"https:\/\/accentwall.eu\/ro\/wp-json\/wp\/v2\/users\/1"}],"replies":[{"embeddable":true,"href":"https:\/\/accentwall.eu\/ro\/wp-json\/wp\/v2\/comments?post=5267"}],"wp:featuredmedia":[{"embeddable":true,"href":"https:\/\/accentwall.eu\/ro\/wp-json\/wp\/v2\/media\/5256"}],"wp:attachment":[{"href":"https:\/\/accentwall.eu\/ro\/wp-json\/wp\/v2\/media?parent=5267"}],"wp:term":[{"taxonomy":"product_brand","embeddable":true,"href":"https:\/\/accentwall.eu\/ro\/wp-json\/wp\/v2\/product_brand?post=5267"},{"taxonomy":"product_cat","embeddable":true,"href":"https:\/\/accentwall.eu\/ro\/wp-json\/wp\/v2\/product_cat?post=5267"},{"taxonomy":"product_tag","embeddable":true,"href":"https:\/\/accentwall.eu\/ro\/wp-json\/wp\/v2\/product_tag?post=5267"}],"curies":[{"name":"wp","href":"https:\/\/api.w.org\/{rel}","templated":true}]}}