{"id":5549,"date":"2026-05-06T07:32:01","date_gmt":"2026-05-06T07:32:01","guid":{"rendered":"https:\/\/accentwall.eu\/?post_type=product&#038;p=5549"},"modified":"2026-05-06T10:35:59","modified_gmt":"2026-05-06T10:35:59","slug":"blushwings","status":"publish","type":"product","link":"https:\/\/accentwall.eu\/ro\/produs\/blushwings\/","title":{"rendered":"Blushwings"},"content":{"rendered":"<p>Blushwings este un tapet mural artistic care surprinde gra\u021bia \u0219i delicate\u021bea fluturilor \u00eentr-o compozi\u021bie aerisit\u0103, \u00een nuan\u021be pastelate. Designul prezint\u0103 siluete fine de fluturi \u00een stil acuarel\u0103, suprapuse \u00eentr-un joc subtil de transparen\u021be \u0219i texturi, cre\u00e2nd o atmosfer\u0103 calm\u0103 \u0219i vis\u0103toare. Tranzi\u021biile moi de culoare \u0219i detaliile fluide ofer\u0103 senza\u021bia de mi\u0219care u\u0219oar\u0103, ca o plutire lini\u0219tit\u0103 \u00een aer.  <\/p>\n<p>Prin paleta sa bl\u00e2nd\u0103 \u0219i compozi\u021bia echilibrat\u0103, tapetul Blushwings aduce un plus de luminozitate \u0219i rafinament oric\u0103rui spa\u021biu. Este alegerea ideal\u0103 pentru dormitor, living, camere de copii sau zone de relaxare, unde creeaz\u0103 o ambian\u021b\u0103 pl\u0103cut\u0103, elegant\u0103 \u0219i reconfortant\u0103, f\u0103r\u0103 a \u00eenc\u0103rca vizual. <\/p>\n<p>Tapet de calitate premium de 350 g | Ne\u021besut | Suprafa\u021b\u0103 texturat\u0103 | Adezivul de aplic\u0103 doar pe suprafa\u021ba peretelui | Suprafa\u021b\u0103 rezistent\u0103 la ap\u0103 | Durabil \u0219i rezistent la zg\u00e2rieturi<\/p>\n","protected":false},"excerpt":{"rendered":"<p>Blushwings este un tapet mural artistic care surprinde gra\u021bia \u0219i delicate\u021bea fluturilor \u00eentr-o compozi\u021bie aerisit\u0103, \u00een nuan\u021be pastelate. Designul prezint\u0103 siluete fine de fluturi \u00een stil acuarel\u0103, suprapuse \u00eentr-un joc subtil de transparen\u021be \u0219i texturi, cre\u00e2nd o atmosfer\u0103 calm\u0103 \u0219i vis\u0103toare. Tranzi\u021biile moi de culoare \u0219i detaliile fluide ofer\u0103 senza\u021bia de mi\u0219care u\u0219oar\u0103, ca o plutire lini\u0219tit\u0103 \u00een aer.  <\/p>\n<p>Prin paleta sa bl\u00e2nd\u0103 \u0219i compozi\u021bia echilibrat\u0103, tapetul Blushwings aduce un plus de luminozitate \u0219i rafinament oric\u0103rui spa\u021biu. Este alegerea ideal\u0103 pentru dormitor, living, camere de copii sau zone de relaxare, unde creeaz\u0103 o ambian\u021b\u0103 pl\u0103cut\u0103, elegant\u0103 \u0219i reconfortant\u0103, f\u0103r\u0103 a \u00eenc\u0103rca vizual. <\/p>\n<p>Tapet de calitate premium de 350 g | Ne\u021besut | Suprafa\u021b\u0103 texturat\u0103 | Adezivul de aplic\u0103 doar pe suprafa\u021ba peretelui | Suprafa\u021b\u0103 rezistent\u0103 la ap\u0103 | Durabil \u0219i rezistent la zg\u00e2rieturi<\/p>\n","protected":false},"author":1,"featured_media":5435,"comment_status":"closed","ping_status":"closed","template":"","meta":{"_acf_changed":false},"product_brand":[],"product_cat":[172],"product_tag":[],"class_list":{"0":"post-5549","1":"product","2":"type-product","3":"status-publish","4":"has-post-thumbnail","6":"product_cat-wallpaper-murals-ro","8":"first","9":"instock","10":"shipping-taxable","11":"purchasable","12":"product-type-variable"},"acf":[],"_links":{"self":[{"href":"https:\/\/accentwall.eu\/ro\/wp-json\/wp\/v2\/product\/5549","targetHints":{"allow":["GET"]}}],"collection":[{"href":"https:\/\/accentwall.eu\/ro\/wp-json\/wp\/v2\/product"}],"about":[{"href":"https:\/\/accentwall.eu\/ro\/wp-json\/wp\/v2\/types\/product"}],"author":[{"embeddable":true,"href":"https:\/\/accentwall.eu\/ro\/wp-json\/wp\/v2\/users\/1"}],"replies":[{"embeddable":true,"href":"https:\/\/accentwall.eu\/ro\/wp-json\/wp\/v2\/comments?post=5549"}],"wp:featuredmedia":[{"embeddable":true,"href":"https:\/\/accentwall.eu\/ro\/wp-json\/wp\/v2\/media\/5435"}],"wp:attachment":[{"href":"https:\/\/accentwall.eu\/ro\/wp-json\/wp\/v2\/media?parent=5549"}],"wp:term":[{"taxonomy":"product_brand","embeddable":true,"href":"https:\/\/accentwall.eu\/ro\/wp-json\/wp\/v2\/product_brand?post=5549"},{"taxonomy":"product_cat","embeddable":true,"href":"https:\/\/accentwall.eu\/ro\/wp-json\/wp\/v2\/product_cat?post=5549"},{"taxonomy":"product_tag","embeddable":true,"href":"https:\/\/accentwall.eu\/ro\/wp-json\/wp\/v2\/product_tag?post=5549"}],"curies":[{"name":"wp","href":"https:\/\/api.w.org\/{rel}","templated":true}]}}